{"id":4164,"date":"2025-07-16T08:04:33","date_gmt":"2025-07-16T08:04:33","guid":{"rendered":"https:\/\/uborsteel.com\/?post_type=product&#038;p=4164"},"modified":"2025-07-21T07:50:22","modified_gmt":"2025-07-21T07:50:22","slug":"ss-430-stainless-steel-pipe-tube","status":"publish","type":"product","link":"https:\/\/uborsteel.com\/pt\/produto\/ss-430-stainless-steel-pipe-tube\/","title":{"rendered":"SS 430 Stainless steel pipe\/tube"},"content":{"rendered":"<p>SS430 stainless steel strip, as a common ferritic stainless steel, has the following characteristics:<\/p>\n<p>Corrosion resistance: SS430 stainless steel strip has moderate corrosion resistance, especially in acidic environments. It can maintain stainlessness in media such as atmosphere and water vapor, but its stainlessness may be weakened in media containing higher chloride ions.<\/p>\n<p>Magnetic properties: SS430 stainless steel strip is magnetic, which makes it possible to require special consideration in some applications, such as in the manufacture of electrical equipment and magnetic components.<\/p>\n<p>Formability: SS430 stainless steel strip has good formability and can be easily formed into the desired shape, which is very beneficial for the manufacture of parts requiring complex shapes.<\/p>\n<p>Heat treatment performance: Although SS430 stainless steel strip is not hardenable by heat treatment, it still has good heat treatment performance and its properties and organizational structure can be changed by heat treatment.<\/p>\n<p>Mechanical properties: At room temperature, SS430 stainless steel strip has a certain yield strength and elongation, but the brittle transition temperature is above room temperature, which means that special care is required when using it in a low temperature environment.<\/p>\n<p>&nbsp;<\/p>\n<table>\n<tbody>\n<tr>\n<td>Product \u00a0 Name<\/td>\n<td>Stainless Steel Pipe\/Tube<\/td>\n<\/tr>\n<tr>\n<td>Padr\u00e3o<\/td>\n<td>ASTM,JIS,DIN,GB,AISI,DIN,EN<\/td>\n<\/tr>\n<tr>\n<td>Material<\/td>\n<td>201, 202, 301, 301L, 304, 304L, 316, 316L, 321, 310S, 904L, 410, 420J2, 430, 2205, 2507, 321H, 347, 347H, 403, 405, 409, 420, 430, 631, 904L, 305, 301L, 317, 317L, 309, 309S 310<\/td>\n<\/tr>\n<tr>\n<td>T\u00e9cnica<\/td>\n<td>Estirados a frio, laminados a quente, laminados a frio e outros.<\/td>\n<\/tr>\n<tr>\n<td>Side shape<\/td>\n<td>Round, square, rectangular,etc.<\/td>\n<\/tr>\n<tr>\n<td>Outer \u00a0 Diameter<\/td>\n<td>20mm-1200mm \u00a0 or Customizable<\/td>\n<\/tr>\n<tr>\n<td>Espessura<\/td>\n<td>6-3000mm or Customizable<\/td>\n<\/tr>\n<tr>\n<td>Comprimento<\/td>\n<td>1-12m or Customizable<\/td>\n<\/tr>\n<tr>\n<td>Tratamento de superf\u00edcie<\/td>\n<td>BA\/2B\/NO.1\/NO.3\/NO.4\/8K\/HL\/2D\/1D<\/td>\n<\/tr>\n<tr>\n<td>Type<\/td>\n<td>Seamless, Welded.<\/td>\n<\/tr>\n<tr>\n<td>Origem<\/td>\n<td>China<\/td>\n<\/tr>\n<tr>\n<td>C\u00f3digo SH<\/td>\n<td>7304319000<\/td>\n<\/tr>\n<tr>\n<td>Prazo de entrega<\/td>\n<td>{Tempo de entrega}<\/td>\n<\/tr>\n<tr>\n<td>Servi\u00e7o p\u00f3s-venda<\/td>\n<td>24 hours online.<\/td>\n<\/tr>\n<tr>\n<td>Capacidade de produ\u00e7\u00e3o<\/td>\n<td>{Capacidade de produ\u00e7\u00e3o}<\/td>\n<\/tr>\n<tr>\n<td>Price Terms<\/td>\n<td>EXW, FOB, CIF, CRF, CNF ou outros.<\/td>\n<\/tr>\n<tr>\n<td>Porta de carregamento<\/td>\n<td>{Port}<\/td>\n<\/tr>\n<tr>\n<td>Section \u00a0 Shape<\/td>\n<td>Round, Square, Rectangular, etc.<\/td>\n<\/tr>\n<tr>\n<td>Prazo de pagamento<\/td>\n<td>TT, LC, Dinheiro, Paypal, DP, DA, Western Union ou outros.<\/td>\n<\/tr>\n<tr>\n<td rowspan=\"3\">Aplica\u00e7\u00e3o<\/td>\n<td>1. Lou\u00e7a de mesa, arm\u00e1rios, condutas interiores, aquecedores de \u00e1gua, caldeiras, banheiras<\/td>\n<\/tr>\n<tr>\n<td>2.   Pe\u00e7as para autom\u00f3veis<\/td>\n<\/tr>\n<tr>\n<td>3. equipamentos m\u00e9dicos, materiais de constru\u00e7\u00e3o, produtos qu\u00edmicos, ind\u00fastria alimentar, agricultura, componentes de navios, etc.<\/td>\n<\/tr>\n<tr>\n<td>Embalagem<\/td>\n<td>Pacote, saco de PVC, cinto de nylon, bra\u00e7adeira de cabo, pacote padr\u00e3o de exporta\u00e7\u00e3o em condi\u00e7\u00f5es de navegar ou como pedido.<\/td>\n<\/tr>\n<tr>\n<td>Servi\u00e7o de processamento<\/td>\n<td>Dobragem, Soldadura, Desbobinagem, Puncionamento, Corte e outros.<\/td>\n<\/tr>\n<tr>\n<td>Toler\u00e2ncia<\/td>\n<td>\u00b11%<\/td>\n<\/tr>\n<tr>\n<td>MOQ<\/td>\n<td>{MOQ}<\/td>\n<\/tr>\n<\/tbody>\n<\/table>\n<p>&nbsp;<\/p>\n<p>&nbsp;<\/p>\n<h2><strong><b>Composi\u00e7\u00e3o do a\u00e7o inoxid\u00e1vel<\/b><\/strong><\/h2>\n<p>&nbsp;<\/p>\n<p>O a\u00e7o \u00e9 uma liga de ferro e carbono. Os a\u00e7os inoxid\u00e1veis s\u00e3o a\u00e7os que cont\u00eam pelo menos 10,5% de cr\u00f3mio, menos de 1,2% de carbono e outros elementos de liga. A resist\u00eancia \u00e0 corros\u00e3o do a\u00e7o inoxid\u00e1vel e<\/p>\n<p>As propriedades mec\u00e2nicas podem ser melhoradas pela adi\u00e7\u00e3o de outros elementos, como o n\u00edquel, o molibd\u00e9nio, o tit\u00e2nio, o ni\u00f3bio, o mangan\u00eas, etc.<\/p>\n<p>&nbsp;<\/p>\n<table>\n<tbody>\n<tr>\n<td>Grau<\/td>\n<td>C<\/td>\n<td>Si<\/td>\n<td>Mn<\/td>\n<td>P<\/td>\n<td>S<\/td>\n<td>Cr<\/td>\n<td>Ni<\/td>\n<td>Mo<\/td>\n<td>N<\/td>\n<td>Cu<\/td>\n<\/tr>\n<tr>\n<td>201<\/td>\n<td>\u22640.15<\/td>\n<td>\u22640.75<\/td>\n<td>5.5~7.5<\/td>\n<td>\u22640.060<\/td>\n<td>\u22640.03<\/td>\n<td>16.00~18.00<\/td>\n<td>3.5~5.5<\/td>\n<td>&#8211;<\/td>\n<td>&#8211;<\/td>\n<td>0.08<\/td>\n<\/tr>\n<tr>\n<td>202<\/td>\n<td>\u22640.15<\/td>\n<td>\u22641.00<\/td>\n<td>7.5~10.00<\/td>\n<td>\u22640.060<\/td>\n<td>\u22640.03<\/td>\n<td>17.00~19.00<\/td>\n<td>4.0~6.0<\/td>\n<td>&#8211;<\/td>\n<td>\u22640.25<\/td>\n<td><\/td>\n<\/tr>\n<tr>\n<td>301<\/td>\n<td>\u22640.15<\/td>\n<td>\u22641.00<\/td>\n<td>\u22642.00<\/td>\n<td>\u22640.045<\/td>\n<td>\u22640.03<\/td>\n<td>16.00~18.00<\/td>\n<td>6.00~8.00<\/td>\n<td>&#8211;<\/td>\n<td><\/td>\n<td><\/td>\n<\/tr>\n<tr>\n<td>302<\/td>\n<td>\u22640.15<\/td>\n<td>\u22641.00<\/td>\n<td>\u22642.00<\/td>\n<td>\u22640.035<\/td>\n<td>\u22640.03<\/td>\n<td>17.00~19.00<\/td>\n<td>8.00~10.00<\/td>\n<td>&#8211;<\/td>\n<td><\/td>\n<td><\/td>\n<\/tr>\n<tr>\n<td>304<\/td>\n<td>\u22640.07<\/td>\n<td>\u22641.00<\/td>\n<td>\u22642.00<\/td>\n<td>\u22640.045<\/td>\n<td>\u22640.03<\/td>\n<td>18.00~20.00<\/td>\n<td>8.00~10.50<\/td>\n<td>&#8211;<\/td>\n<td><\/td>\n<td><\/td>\n<\/tr>\n<tr>\n<td>304L<\/td>\n<td>\u22640.030<\/td>\n<td>\u22641.00<\/td>\n<td>\u22642.00<\/td>\n<td>\u22640.045<\/td>\n<td>\u22640.03<\/td>\n<td>18.00~20.00<\/td>\n<td>9.00~13.00<\/td>\n<td>&#8211;<\/td>\n<td><\/td>\n<td><\/td>\n<\/tr>\n<tr>\n<td>310S<\/td>\n<td>\u22640.08<\/td>\n<td>\u22641.00<\/td>\n<td>\u22642.00<\/td>\n<td>\u22640.045<\/td>\n<td>\u22640.03<\/td>\n<td>24.00~26.00<\/td>\n<td>19.00~22.00<\/td>\n<td>&#8211;<\/td>\n<td><\/td>\n<td><\/td>\n<\/tr>\n<tr>\n<td>316<\/td>\n<td>\u22640.08<\/td>\n<td>\u22641.00<\/td>\n<td>\u22642.00<\/td>\n<td>\u22640.045<\/td>\n<td>\u22640.03<\/td>\n<td>16.00~18.00<\/td>\n<td>10.00~14.00<\/td>\n<td>2.00~3.00<\/td>\n<td><\/td>\n<td><\/td>\n<\/tr>\n<tr>\n<td>316L<\/td>\n<td>\u22640.03<\/td>\n<td>\u22641.00<\/td>\n<td>\u22642.00<\/td>\n<td>\u22640.045<\/td>\n<td>\u22640.03<\/td>\n<td>16.00~18.00<\/td>\n<td>12.00~15.00<\/td>\n<td>2.00~3.00<\/td>\n<td><\/td>\n<td><\/td>\n<\/tr>\n<tr>\n<td>321<\/td>\n<td>\u22640.08<\/td>\n<td>\u22641.00<\/td>\n<td>\u22642.00<\/td>\n<td>\u22640.045<\/td>\n<td>\u22640.03<\/td>\n<td>17.00~19.00<\/td>\n<td>9.00~13.00<\/td>\n<td>&#8211;<\/td>\n<td><\/td>\n<td><\/td>\n<\/tr>\n<tr>\n<td>430<\/td>\n<td>\u22640.12<\/td>\n<td>\u22640.75<\/td>\n<td>\u22641.00<\/td>\n<td>\u22640.040<\/td>\n<td>\u22640.03<\/td>\n<td>16.00~18.00<\/td>\n<td><\/td>\n<td>&#8211;<\/td>\n<td><\/td>\n<td><\/td>\n<\/tr>\n<tr>\n<td>2205<\/td>\n<td>\u22640.03<\/td>\n<td>\u22641.00<\/td>\n<td>\u22642.00<\/td>\n<td>\u22640.030<\/td>\n<td>\u22640.015<\/td>\n<td>22.00~23.00<\/td>\n<td>4.5~6.5<\/td>\n<td>2.5~3.5<\/td>\n<td><\/td>\n<td><\/td>\n<\/tr>\n<tr>\n<td>2507<\/td>\n<td>\u22640.03<\/td>\n<td>\u22640.08<\/td>\n<td>\u22641.20<\/td>\n<td>\u22640.035<\/td>\n<td>\u22640.015<\/td>\n<td>24.00~26.00<\/td>\n<td>6.00~8.00<\/td>\n<td>3.0~5.0<\/td>\n<td><\/td>\n<td><\/td>\n<\/tr>\n<tr>\n<td>904L<\/td>\n<td>\u22640.02<\/td>\n<td>\u22641.00<\/td>\n<td>\u22642.00<\/td>\n<td>\u22640.045<\/td>\n<td>\u22640.035<\/td>\n<td>19.00~23.00<\/td>\n<td>23.00~28.00<\/td>\n<td>4.0~5.0<\/td>\n<td><\/td>\n<td>1.0~2.0<\/td>\n<\/tr>\n<tr>\n<td>INCONEL028<\/td>\n<td>\u22640.03<\/td>\n<td>\u22641.00<\/td>\n<td>\u22642.50<\/td>\n<td>\u22640.030<\/td>\n<td>\u22640.030<\/td>\n<td>\u226428.0<\/td>\n<td>\u226434.0<\/td>\n<td>\u22644.0<\/td>\n<td><\/td>\n<td>\u22641.4<\/td>\n<\/tr>\n<tr>\n<td>MONEL400<\/td>\n<td>\u22640.30<\/td>\n<td>\u22640.5<\/td>\n<td>\u22642.00<\/td>\n<td>&#8211;<\/td>\n<td>\u22640.024<\/td>\n<td>&#8211;<\/td>\n<td>\u226563.0<\/td>\n<td>&#8211;<\/td>\n<td><\/td>\n<td>\u226434.0<\/td>\n<\/tr>\n<tr>\n<td>INCONEL800<\/td>\n<td>\u22640.10<\/td>\n<td>\u22641.00<\/td>\n<td>\u22641.50<\/td>\n<td>&#8211;<\/td>\n<td>\u22640.015<\/td>\n<td>\u226423.0<\/td>\n<td>\u226435<\/td>\n<td>4.0~5.0<\/td>\n<td>&#8211;<\/td>\n<td>\u22640.75<\/td>\n<\/tr>\n<\/tbody>\n<\/table>\n<p>&nbsp;<\/p>\n<p>&nbsp;<\/p>\n<p>&nbsp;<\/p>\n<p><img decoding=\"async\" class=\"bujuA\" title=\"Stainless-steel-pipe.jpg\" src=\"https:\/\/img.bjyyb.net\/sites\/89500\/89736\/1726628874694865621419765760.jpg@!w400\" alt=\"Stainless-steel-pipe.jpg\" data-id=\"15118864\" data-suffix=\"@5h_8w_2e.gif\" data-original=\"https:\/\/img.bjyyb.net\/sites\/89500\/89736\/1726628874694865621419765760.jpg@!w400\" \/><\/p>\n<p>&nbsp;<\/p>\n<p><img decoding=\"async\" class=\"bujuA\" title=\"pipe.jpg\" src=\"https:\/\/img.bjyyb.net\/sites\/89500\/89736\/1726631312694875847229386752.jpg@!w400\" alt=\"pipe.jpg\" data-id=\"15119057\" data-suffix=\"@5h_8w_2e.gif\" data-original=\"https:\/\/img.bjyyb.net\/sites\/89500\/89736\/1726631312694875847229386752.jpg@!w400\" \/><\/p>","protected":false},"excerpt":{"rendered":"<p>SS430 is a ferritic stainless steel with moderate corrosion and heat resistance. This stainless steel is non-hardenable by heat treatment, is magnetic, and has good ductility and can be easily formed into the desired shape. Its chemical composition includes carbon (\u22640.12%), manganese (\u22641.00%), silicon (\u22641.00%), chromium (16.00-18.00%), nickel (\u22640.50%), molybdenum (\u22640.50%), phosphorus (\u22640.040%), sulfur (\u22640.030%) and copper (\u22640.50%), the rest is iron<\/p>","protected":false},"featured_media":4121,"comment_status":"closed","ping_status":"closed","template":"","meta":{"_seopress_robots_primary_cat":"none","_seopress_titles_title":"","_seopress_titles_desc":"","_seopress_robots_index":"","site-sidebar-layout":"default","site-content-layout":"","ast-site-content-layout":"default","site-content-style":"default","site-sidebar-style":"default","ast-global-header-display":"","ast-banner-title-visibility":"","ast-main-header-display":"","ast-hfb-above-header-display":"","ast-hfb-below-header-display":"","ast-hfb-mobile-header-display":"","site-post-title":"","ast-breadcrumbs-content":"","ast-featured-img":"","footer-sml-layout":"","theme-transparent-header-meta":"default","adv-header-id-meta":"","stick-header-meta":"default","header-above-stick-meta":"","header-main-stick-meta":"","header-below-stick-meta":"","astra-migrate-meta-layouts":"set","ast-page-background-enabled":"default","ast-page-background-meta":{"desktop":{"background-color":"var(--ast-global-color-4)","background-image":"","background-repeat":"repeat","background-position":"center center","background-size":"auto","background-attachment":"scroll","background-type":"","background-media":"","overlay-type":"","overlay-color":"","overlay-opacity":"","overlay-gradient":""},"tablet":{"background-color":"","background-image":"","background-repeat":"repeat","background-position":"center center","background-size":"auto","background-attachment":"scroll","background-type":"","background-media":"","overlay-type":"","overlay-color":"","overlay-opacity":"","overlay-gradient":""},"mobile":{"background-color":"","background-image":"","background-repeat":"repeat","background-position":"center center","background-size":"auto","background-attachment":"scroll","background-type":"","background-media":"","overlay-type":"","overlay-color":"","overlay-opacity":"","overlay-gradient":""}},"ast-content-background-meta":{"desktop":{"background-color":"var(--ast-global-color-5)","background-image":"","background-repeat":"repeat","background-position":"center center","background-size":"auto","background-attachment":"scroll","background-type":"","background-media":"","overlay-type":"","overlay-color":"","overlay-opacity":"","overlay-gradient":""},"tablet":{"background-color":"var(--ast-global-color-5)","background-image":"","background-repeat":"repeat","background-position":"center center","background-size":"auto","background-attachment":"scroll","background-type":"","background-media":"","overlay-type":"","overlay-color":"","overlay-opacity":"","overlay-gradient":""},"mobile":{"background-color":"var(--ast-global-color-5)","background-image":"","background-repeat":"repeat","background-position":"center center","background-size":"auto","background-attachment":"scroll","background-type":"","background-media":"","overlay-type":"","overlay-color":"","overlay-opacity":"","overlay-gradient":""}}},"product_brand":[],"product_cat":[31],"product_tag":[],"class_list":{"0":"post-4164","1":"product","2":"type-product","3":"status-publish","4":"has-post-thumbnail","6":"product_cat-stainlesssteelpipe","7":"desktop-align-left","8":"tablet-align-left","9":"mobile-align-left","10":"ast-product-gallery-layout-horizontal-slider","11":"ast-product-tabs-layout-horizontal","13":"first","14":"instock","15":"shipping-taxable","16":"product-type-simple"},"_links":{"self":[{"href":"https:\/\/uborsteel.com\/pt\/wp-json\/wp\/v2\/product\/4164","targetHints":{"allow":["GET"]}}],"collection":[{"href":"https:\/\/uborsteel.com\/pt\/wp-json\/wp\/v2\/product"}],"about":[{"href":"https:\/\/uborsteel.com\/pt\/wp-json\/wp\/v2\/types\/product"}],"replies":[{"embeddable":true,"href":"https:\/\/uborsteel.com\/pt\/wp-json\/wp\/v2\/comments?post=4164"}],"wp:featuredmedia":[{"embeddable":true,"href":"https:\/\/uborsteel.com\/pt\/wp-json\/wp\/v2\/media\/4121"}],"wp:attachment":[{"href":"https:\/\/uborsteel.com\/pt\/wp-json\/wp\/v2\/media?parent=4164"}],"wp:term":[{"taxonomy":"product_brand","embeddable":true,"href":"https:\/\/uborsteel.com\/pt\/wp-json\/wp\/v2\/product_brand?post=4164"},{"taxonomy":"product_cat","embeddable":true,"href":"https:\/\/uborsteel.com\/pt\/wp-json\/wp\/v2\/product_cat?post=4164"},{"taxonomy":"product_tag","embeddable":true,"href":"https:\/\/uborsteel.com\/pt\/wp-json\/wp\/v2\/product_tag?post=4164"}],"curies":[{"name":"wp","href":"https:\/\/api.w.org\/{rel}","templated":true}]}}