{"id":4077,"date":"2025-07-15T03:57:23","date_gmt":"2025-07-15T03:57:23","guid":{"rendered":"https:\/\/uborsteel.com\/?post_type=product&#038;p=4077"},"modified":"2025-07-22T02:17:56","modified_gmt":"2025-07-22T02:17:56","slug":"ss-316l-stainless-steel-coil","status":"publish","type":"product","link":"https:\/\/uborsteel.com\/pt\/produto\/ss-316l-stainless-steel-coil\/","title":{"rendered":"SS 316L Stainless steel coil"},"content":{"rendered":"<p>The main features of SS316L stainless steel coil are as follows:<\/p>\n<p>Chemical composition: The L in SS316L stands for Low Carbon, which means that its carbon content is lower than that of SS316. This low carbon property reduces the risk of intergranular corrosion during welding of SUS316L, thereby improving the welding performance of the material.<\/p>\n<p>Physical properties: The strength and hardness of SS316L are slightly lower than those of SS316, but its plasticity and toughness are relatively good.<\/p>\n<p>Corrosion resistance: The addition of molybdenum to SS316L enhances the repair ability of the passivation film, so it has better corrosion resistance than SS304. Since pitting is difficult to detect from the outside and there is a high risk of sudden damage, SS316L should be selected instead of SS304 in an environment where chlorine is present. For SS316L, there is a concern about intergranular stress corrosion cracking, but SUS316L reduces this risk by reducing carbon.<\/p>\n<p>Application areas: Both SS316L and SS316 are widely used in chemical, medical, marine and other fields. However, according to specific needs and budget, it takes comprehensive consideration to choose which material is more suitable. For example, in the manufacture of thermos cups, if higher corrosion resistance and high temperature performance are sought, SS316 may be a better choice; if a more economical material is needed while meeting basic corrosion resistance and high temperature resistance requirements, then SS316L is more suitable.<\/p>\n<p>&nbsp;<\/p>\n<table border=\"1\" cellspacing=\"0\" cellpadding=\"0\">\n<colgroup class=\"\">\n<col width=\"64\" \/>\n<col width=\"251\" \/><\/colgroup>\n<tbody class=\"\">\n<tr class=\"firstRow\" align=\"center\" valign=\"center\" data-rows=\"1\" data-type=\"even\">\n<td data-col=\"1\">Nome do produto<\/td>\n<td>Bobina\/fita de a\u00e7o inoxid\u00e1vel<\/td>\n<\/tr>\n<tr align=\"center\" valign=\"center\" data-type=\"odd\">\n<td data-col=\"1\">Padr\u00e3o<\/td>\n<td>ASTM,JIS,DIN,GB,AISI,DIN,EN<\/td>\n<\/tr>\n<tr align=\"center\" valign=\"center\" data-type=\"even\">\n<td data-col=\"1\">Material<\/td>\n<td>201, 202, 301, 301L, 304, 304L, 316, 316L, 321, 310S, 904L, 410, 420J2, 430, 2205, 2507, 321H, 347, 347H, 403, 405, 409, 420, 430, 631, 904L, 305, 301L, 317, 317L, 309, 309S 310<\/td>\n<\/tr>\n<tr align=\"center\" valign=\"center\" data-type=\"odd\">\n<td data-col=\"1\">T\u00e9cnica<\/td>\n<td>Estirados a frio, laminados a quente, laminados a frio e outros.<\/td>\n<\/tr>\n<tr align=\"center\" valign=\"center\" data-type=\"even\">\n<td data-col=\"1\">Largura<\/td>\n<td>6-12 mm ou personaliz\u00e1vel<\/td>\n<\/tr>\n<tr align=\"center\" valign=\"center\" data-type=\"odd\">\n<td data-col=\"1\">Espessura<\/td>\n<td>1-12mm ou personaliz\u00e1vel<\/td>\n<\/tr>\n<tr align=\"center\" valign=\"center\" data-type=\"even\">\n<td data-col=\"1\">Comprimento<\/td>\n<td>1000 - 6000mm ou personaliz\u00e1vel<\/td>\n<\/tr>\n<tr align=\"center\" valign=\"center\" data-type=\"odd\">\n<td data-col=\"1\">Tratamento de superf\u00edcie<\/td>\n<td>BA\/2B\/NO.1\/NO.3\/NO.4\/8K\/HL\/2D\/1D<\/td>\n<\/tr>\n<tr align=\"center\" valign=\"center\" data-type=\"even\">\n<td data-col=\"1\">Origem<\/td>\n<td>China<\/td>\n<\/tr>\n<tr align=\"center\" valign=\"center\" data-type=\"odd\">\n<td data-col=\"1\">C\u00f3digo SH<\/td>\n<td>7219131200<\/td>\n<\/tr>\n<tr align=\"center\" valign=\"center\" data-type=\"even\">\n<td data-col=\"1\">Prazo de entrega<\/td>\n<td>{Tempo de entrega}<\/td>\n<\/tr>\n<tr align=\"center\" valign=\"center\" data-type=\"odd\">\n<td data-col=\"1\">Servi\u00e7o p\u00f3s-venda<\/td>\n<td>24 horas em linha<\/td>\n<\/tr>\n<tr align=\"center\" valign=\"center\" data-type=\"even\">\n<td data-col=\"1\">Capacidade de produ\u00e7\u00e3o<\/td>\n<td>{Capacidade de produ\u00e7\u00e3o}<\/td>\n<\/tr>\n<tr align=\"center\" valign=\"center\" data-type=\"odd\">\n<td data-col=\"1\">Condi\u00e7\u00f5es de pre\u00e7o<\/td>\n<td>EXW, FOB, CIF, CRF, CNF ou outros.<\/td>\n<\/tr>\n<tr align=\"center\" valign=\"center\" data-type=\"even\">\n<td data-col=\"1\">Porta de carregamento<\/td>\n<td>{Port}<\/td>\n<\/tr>\n<tr align=\"center\" valign=\"center\" data-type=\"odd\">\n<td data-col=\"1\">Prazo de pagamento<\/td>\n<td>TT, LC, Dinheiro, Paypal, DP, DA, Western Union ou outros.<\/td>\n<\/tr>\n<tr align=\"center\" valign=\"center\" data-type=\"even\">\n<td rowspan=\"3\" data-col=\"1\">Aplica\u00e7\u00e3o<\/td>\n<td>1. Lou\u00e7a de mesa, arm\u00e1rios, condutas interiores, aquecedores de \u00e1gua, caldeiras, banheiras<\/td>\n<\/tr>\n<tr align=\"center\" valign=\"center\" data-type=\"odd\">\n<td data-col=\"1\">2.   Pe\u00e7as para autom\u00f3veis<\/td>\n<\/tr>\n<tr align=\"center\" valign=\"center\" data-type=\"even\">\n<td data-col=\"1\">3. equipamentos m\u00e9dicos, materiais de constru\u00e7\u00e3o, produtos qu\u00edmicos, ind\u00fastria alimentar, agricultura, componentes de navios, etc.<\/td>\n<\/tr>\n<tr align=\"center\" valign=\"center\" data-type=\"odd\">\n<td data-col=\"1\">Embalagem<\/td>\n<td>Pacote, saco de PVC, cinto de nylon, bra\u00e7adeira de cabo, pacote padr\u00e3o de exporta\u00e7\u00e3o em condi\u00e7\u00f5es de navegar ou como pedido.<\/td>\n<\/tr>\n<tr align=\"center\" valign=\"center\" data-type=\"even\">\n<td data-col=\"1\">Servi\u00e7o de processamento<\/td>\n<td>Dobragem, Soldadura, Desbobinagem, Puncionamento, Corte e outros.<\/td>\n<\/tr>\n<tr align=\"center\" valign=\"center\" data-type=\"odd\">\n<td data-col=\"1\">Toler\u00e2ncia<\/td>\n<td>\u00b11%<\/td>\n<\/tr>\n<tr align=\"center\" valign=\"center\" data-type=\"even\">\n<td data-col=\"1\">MOQ<\/td>\n<td>{MOQ}<\/td>\n<\/tr>\n<\/tbody>\n<\/table>\n<div><\/div>\n<p>&nbsp;<\/p>\n<h2>Composi\u00e7\u00e3o do a\u00e7o inoxid\u00e1vel<\/h2>\n<p>O a\u00e7o \u00e9 uma liga de ferro e carbono. Os a\u00e7os inoxid\u00e1veis s\u00e3o a\u00e7os que cont\u00eam pelo menos 10,5% de cr\u00f3mio, menos de 1,2% de carbono e outros elementos de liga. A resist\u00eancia \u00e0 corros\u00e3o do a\u00e7o inoxid\u00e1vel e<\/p>\n<p>As propriedades mec\u00e2nicas podem ser melhoradas pela adi\u00e7\u00e3o de outros elementos, como o n\u00edquel, o molibd\u00e9nio, o tit\u00e2nio, o ni\u00f3bio, o mangan\u00eas, etc.<\/p>\n<table border=\"1\" cellspacing=\"0\" cellpadding=\"0\">\n<tbody class=\"\">\n<tr class=\"firstRow\" align=\"center\" valign=\"center\" data-rows=\"1\" data-type=\"even\">\n<td data-col=\"1\">Grau<\/td>\n<td>C<\/td>\n<td>Si<\/td>\n<td>Mn<\/td>\n<td>P<\/td>\n<td>S<\/td>\n<td>Cr<\/td>\n<td>Ni<\/td>\n<td>Mo<\/td>\n<td>N<\/td>\n<td>Cu<\/td>\n<\/tr>\n<tr align=\"center\" valign=\"center\" data-type=\"odd\">\n<td data-col=\"1\">201<\/td>\n<td>\u22640.15<\/td>\n<td>\u22640.75<\/td>\n<td>5.5~7.5<\/td>\n<td>\u22640.060<\/td>\n<td>\u22640.03<\/td>\n<td>16.00~18.00<\/td>\n<td>3.5~5.5<\/td>\n<td>&#8211;<\/td>\n<td>&#8211;<\/td>\n<td>0.08<\/td>\n<\/tr>\n<tr align=\"center\" valign=\"center\" data-type=\"even\">\n<td data-col=\"1\">202<\/td>\n<td>\u22640.15<\/td>\n<td>\u22641.00<\/td>\n<td>7.5~10.00<\/td>\n<td>\u22640.060<\/td>\n<td>\u22640.03<\/td>\n<td>17.00~19.00<\/td>\n<td>4.0~6.0<\/td>\n<td>&#8211;<\/td>\n<td>\u22640.25<\/td>\n<td><\/td>\n<\/tr>\n<tr align=\"center\" valign=\"center\" data-type=\"odd\">\n<td data-col=\"1\">301<\/td>\n<td>\u22640.15<\/td>\n<td>\u22641.00<\/td>\n<td>\u22642.00<\/td>\n<td>\u22640.045<\/td>\n<td>\u22640.03<\/td>\n<td>16.00~18.00<\/td>\n<td>6.00~8.00<\/td>\n<td>&#8211;<\/td>\n<td><\/td>\n<td><\/td>\n<\/tr>\n<tr align=\"center\" valign=\"center\" data-type=\"even\">\n<td data-col=\"1\">302<\/td>\n<td>\u22640.15<\/td>\n<td>\u22641.00<\/td>\n<td>\u22642.00<\/td>\n<td>\u22640.035<\/td>\n<td>\u22640.03<\/td>\n<td>17.00~19.00<\/td>\n<td>8.00~10.00<\/td>\n<td>&#8211;<\/td>\n<td><\/td>\n<td><\/td>\n<\/tr>\n<tr align=\"center\" valign=\"center\" data-type=\"odd\">\n<td data-col=\"1\">304<\/td>\n<td>\u22640.07<\/td>\n<td>\u22641.00<\/td>\n<td>\u22642.00<\/td>\n<td>\u22640.045<\/td>\n<td>\u22640.03<\/td>\n<td>18.00~20.00<\/td>\n<td>8.00~10.50<\/td>\n<td>&#8211;<\/td>\n<td><\/td>\n<td><\/td>\n<\/tr>\n<tr align=\"center\" valign=\"center\" data-type=\"even\">\n<td data-col=\"1\">304L<\/td>\n<td>\u22640.030<\/td>\n<td>\u22641.00<\/td>\n<td>\u22642.00<\/td>\n<td>\u22640.045<\/td>\n<td>\u22640.03<\/td>\n<td>18.00~20.00<\/td>\n<td>9.00~13.00<\/td>\n<td>&#8211;<\/td>\n<td><\/td>\n<td><\/td>\n<\/tr>\n<tr align=\"center\" valign=\"center\" data-type=\"odd\">\n<td data-col=\"1\">310S<\/td>\n<td>\u22640.08<\/td>\n<td>\u22641.00<\/td>\n<td>\u22642.00<\/td>\n<td>\u22640.045<\/td>\n<td>\u22640.03<\/td>\n<td>24.00~26.00<\/td>\n<td>19.00~22.00<\/td>\n<td>&#8211;<\/td>\n<td><\/td>\n<td><\/td>\n<\/tr>\n<tr align=\"center\" valign=\"center\" data-type=\"even\">\n<td data-col=\"1\">316<\/td>\n<td>\u22640.08<\/td>\n<td>\u22641.00<\/td>\n<td>\u22642.00<\/td>\n<td>\u22640.045<\/td>\n<td>\u22640.03<\/td>\n<td>16.00~18.00<\/td>\n<td>10.00~14.00<\/td>\n<td>2.00~3.00<\/td>\n<td><\/td>\n<td><\/td>\n<\/tr>\n<tr align=\"center\" valign=\"center\" data-type=\"odd\">\n<td data-col=\"1\">316L<\/td>\n<td>\u22640.03<\/td>\n<td>\u22641.00<\/td>\n<td>\u22642.00<\/td>\n<td>\u22640.045<\/td>\n<td>\u22640.03<\/td>\n<td>16.00~18.00<\/td>\n<td>12.00~15.00<\/td>\n<td>2.00~3.00<\/td>\n<td><\/td>\n<td><\/td>\n<\/tr>\n<tr align=\"center\" valign=\"center\" data-type=\"even\">\n<td data-col=\"1\">321<\/td>\n<td>\u22640.08<\/td>\n<td>\u22641.00<\/td>\n<td>\u22642.00<\/td>\n<td>\u22640.045<\/td>\n<td>\u22640.03<\/td>\n<td>17.00~19.00<\/td>\n<td>9.00~13.00<\/td>\n<td>&#8211;<\/td>\n<td><\/td>\n<td><\/td>\n<\/tr>\n<tr align=\"center\" valign=\"center\" data-type=\"odd\">\n<td data-col=\"1\">430<\/td>\n<td>\u22640.12<\/td>\n<td>\u22640.75<\/td>\n<td>\u22641.00<\/td>\n<td>\u22640.040<\/td>\n<td>\u22640.03<\/td>\n<td>16.00~18.00<\/td>\n<td><\/td>\n<td>&#8211;<\/td>\n<td><\/td>\n<td><\/td>\n<\/tr>\n<tr align=\"center\" valign=\"center\" data-type=\"even\">\n<td data-col=\"1\">2205<\/td>\n<td>\u22640.03<\/td>\n<td>\u22641.00<\/td>\n<td>\u22642.00<\/td>\n<td>\u22640.030<\/td>\n<td>\u22640.015<\/td>\n<td>22.00~23.00<\/td>\n<td>4.5~6.5<\/td>\n<td>2.5~3.5<\/td>\n<td><\/td>\n<td><\/td>\n<\/tr>\n<tr align=\"center\" valign=\"center\" data-type=\"odd\">\n<td data-col=\"1\">2507<\/td>\n<td>\u22640.03<\/td>\n<td>\u22640.08<\/td>\n<td>\u22641.20<\/td>\n<td>\u22640.035<\/td>\n<td>\u22640.015<\/td>\n<td>24.00~26.00<\/td>\n<td>6.00~8.00<\/td>\n<td>3.0~5.0<\/td>\n<td><\/td>\n<td><\/td>\n<\/tr>\n<tr align=\"center\" valign=\"center\" data-type=\"even\">\n<td data-col=\"1\">904L<\/td>\n<td>\u22640.02<\/td>\n<td>\u22641.00<\/td>\n<td>\u22642.00<\/td>\n<td>\u22640.045<\/td>\n<td>\u22640.035<\/td>\n<td>19.00~23.00<\/td>\n<td>23.00~28.00<\/td>\n<td>4.0~5.0<\/td>\n<td><\/td>\n<td>1.0~2.0<\/td>\n<\/tr>\n<tr align=\"center\" valign=\"center\" data-type=\"odd\">\n<td data-col=\"1\">INCONEL028<\/td>\n<td>\u22640.03<\/td>\n<td>\u22641.00<\/td>\n<td>\u22642.50<\/td>\n<td>\u22640.030<\/td>\n<td>\u22640.030<\/td>\n<td>\u226428.0<\/td>\n<td>\u226434.0<\/td>\n<td>\u22644.0<\/td>\n<td><\/td>\n<td>\u22641.4<\/td>\n<\/tr>\n<tr align=\"center\" valign=\"center\" data-type=\"even\">\n<td data-col=\"1\">MONEL400<\/td>\n<td>\u22640.30<\/td>\n<td>\u22640.5<\/td>\n<td>\u22642.00<\/td>\n<td>&#8211;<\/td>\n<td>\u22640.024<\/td>\n<td>&#8211;<\/td>\n<td>\u226563.0<\/td>\n<td>&#8211;<\/td>\n<td><\/td>\n<td>\u226434.0<\/td>\n<\/tr>\n<tr align=\"center\" valign=\"center\" data-type=\"odd\">\n<td data-col=\"1\">INCONEL800<\/td>\n<td>\u22640.10<\/td>\n<td>\u22641.00<\/td>\n<td>\u22641.50<\/td>\n<td>&#8211;<\/td>\n<td>\u22640.015<\/td>\n<td>\u226423.0<\/td>\n<td>\u226435<\/td>\n<td>4.0~5.0<\/td>\n<td>&#8211;<\/td>\n<td>\u22640.75<\/td>\n<\/tr>\n<\/tbody>\n<\/table>\n<div><\/div>\n<p>Sele\u00e7\u00e3o da superf\u00edcie<\/p>\n<p>&nbsp;<\/p>\n<p><img decoding=\"async\" class=\"bujuA\" title=\"Sele\u00e7\u00e3o de superf\u00edcie.jpg\" src=\"https:\/\/img.bjyyb.net\/sites\/93000\/93225\/1733895633725344621254922240.jpg@!w400\" alt=\"Surface Selection.jpg\" data-id=\"15804700\" data-suffix=\"@5h_8w_2e.gif\" data-original=\"https:\/\/img.bjyyb.net\/sites\/93000\/93225\/1733895633725344621254922240.jpg@!w400\" \/><\/p>\n<p>&nbsp;<\/p>\n<p><img alt=\"\" fetchpriority=\"high\" decoding=\"async\" class=\"alignnone  wp-image-4445\" src=\"https:\/\/uborsteel.com\/wp-content\/uploads\/2025\/07\/a03c8893ebbe68c1797d8b9180fb927.jpg\" width=\"1193\" height=\"895\" srcset=\"https:\/\/uborsteel.com\/wp-content\/uploads\/2025\/07\/a03c8893ebbe68c1797d8b9180fb927.jpg 1707w, https:\/\/uborsteel.com\/wp-content\/uploads\/2025\/07\/a03c8893ebbe68c1797d8b9180fb927-300x225.jpg 300w, https:\/\/uborsteel.com\/wp-content\/uploads\/2025\/07\/a03c8893ebbe68c1797d8b9180fb927-1024x768.jpg 1024w, https:\/\/uborsteel.com\/wp-content\/uploads\/2025\/07\/a03c8893ebbe68c1797d8b9180fb927-768x576.jpg 768w, https:\/\/uborsteel.com\/wp-content\/uploads\/2025\/07\/a03c8893ebbe68c1797d8b9180fb927-1536x1152.jpg 1536w, https:\/\/uborsteel.com\/wp-content\/uploads\/2025\/07\/a03c8893ebbe68c1797d8b9180fb927-16x12.jpg 16w, https:\/\/uborsteel.com\/wp-content\/uploads\/2025\/07\/a03c8893ebbe68c1797d8b9180fb927-600x450.jpg 600w\" sizes=\"(max-width: 1193px) 100vw, 1193px\" \/><\/p>\n<p>&nbsp;<\/p>\n<p><img decoding=\"async\" class=\"bujuA\" title=\"coil2.jpg\" src=\"https:\/\/img.bjyyb.net\/sites\/89500\/89736\/1726631310694875841743237120.jpg@!w400\" alt=\"coil2.jpg\" data-id=\"15119056\" data-suffix=\"@5h_8w_2e.gif\" data-original=\"https:\/\/img.bjyyb.net\/sites\/89500\/89736\/1726631310694875841743237120.jpg@!w400\" \/><\/p>","protected":false},"excerpt":{"rendered":"<p>SS316L has excellent anti-wear properties, which enables it to have a longer service life in situations where it needs to withstand greater friction and wear. SS316L has high seismic resistance and weathering resistance in infrastructure fields such as building structures and bridges. It has good grain growth resistance and can maintain a relatively stable grain size and structure during long-term use, improving the stability and service life of the material.<\/p>","protected":false},"featured_media":3037,"comment_status":"closed","ping_status":"closed","template":"","meta":{"_seopress_robots_primary_cat":"none","_seopress_titles_title":"","_seopress_titles_desc":"","_seopress_robots_index":"","site-sidebar-layout":"default","site-content-layout":"","ast-site-content-layout":"default","site-content-style":"default","site-sidebar-style":"default","ast-global-header-display":"","ast-banner-title-visibility":"","ast-main-header-display":"","ast-hfb-above-header-display":"","ast-hfb-below-header-display":"","ast-hfb-mobile-header-display":"","site-post-title":"","ast-breadcrumbs-content":"","ast-featured-img":"","footer-sml-layout":"","theme-transparent-header-meta":"default","adv-header-id-meta":"","stick-header-meta":"default","header-above-stick-meta":"","header-main-stick-meta":"","header-below-stick-meta":"","astra-migrate-meta-layouts":"set","ast-page-background-enabled":"default","ast-page-background-meta":{"desktop":{"background-color":"var(--ast-global-color-4)","background-image":"","background-repeat":"repeat","background-position":"center center","background-size":"auto","background-attachment":"scroll","background-type":"","background-media":"","overlay-type":"","overlay-color":"","overlay-opacity":"","overlay-gradient":""},"tablet":{"background-color":"","background-image":"","background-repeat":"repeat","background-position":"center center","background-size":"auto","background-attachment":"scroll","background-type":"","background-media":"","overlay-type":"","overlay-color":"","overlay-opacity":"","overlay-gradient":""},"mobile":{"background-color":"","background-image":"","background-repeat":"repeat","background-position":"center center","background-size":"auto","background-attachment":"scroll","background-type":"","background-media":"","overlay-type":"","overlay-color":"","overlay-opacity":"","overlay-gradient":""}},"ast-content-background-meta":{"desktop":{"background-color":"var(--ast-global-color-5)","background-image":"","background-repeat":"repeat","background-position":"center center","background-size":"auto","background-attachment":"scroll","background-type":"","background-media":"","overlay-type":"","overlay-color":"","overlay-opacity":"","overlay-gradient":""},"tablet":{"background-color":"var(--ast-global-color-5)","background-image":"","background-repeat":"repeat","background-position":"center center","background-size":"auto","background-attachment":"scroll","background-type":"","background-media":"","overlay-type":"","overlay-color":"","overlay-opacity":"","overlay-gradient":""},"mobile":{"background-color":"var(--ast-global-color-5)","background-image":"","background-repeat":"repeat","background-position":"center center","background-size":"auto","background-attachment":"scroll","background-type":"","background-media":"","overlay-type":"","overlay-color":"","overlay-opacity":"","overlay-gradient":""}}},"product_brand":[],"product_cat":[33],"product_tag":[],"class_list":{"0":"post-4077","1":"product","2":"type-product","3":"status-publish","4":"has-post-thumbnail","6":"product_cat-stainlesssteelcoil","7":"desktop-align-left","8":"tablet-align-left","9":"mobile-align-left","10":"ast-product-gallery-layout-horizontal-slider","11":"ast-product-tabs-layout-horizontal","13":"first","14":"instock","15":"shipping-taxable","16":"product-type-simple"},"_links":{"self":[{"href":"https:\/\/uborsteel.com\/pt\/wp-json\/wp\/v2\/product\/4077","targetHints":{"allow":["GET"]}}],"collection":[{"href":"https:\/\/uborsteel.com\/pt\/wp-json\/wp\/v2\/product"}],"about":[{"href":"https:\/\/uborsteel.com\/pt\/wp-json\/wp\/v2\/types\/product"}],"replies":[{"embeddable":true,"href":"https:\/\/uborsteel.com\/pt\/wp-json\/wp\/v2\/comments?post=4077"}],"wp:featuredmedia":[{"embeddable":true,"href":"https:\/\/uborsteel.com\/pt\/wp-json\/wp\/v2\/media\/3037"}],"wp:attachment":[{"href":"https:\/\/uborsteel.com\/pt\/wp-json\/wp\/v2\/media?parent=4077"}],"wp:term":[{"taxonomy":"product_brand","embeddable":true,"href":"https:\/\/uborsteel.com\/pt\/wp-json\/wp\/v2\/product_brand?post=4077"},{"taxonomy":"product_cat","embeddable":true,"href":"https:\/\/uborsteel.com\/pt\/wp-json\/wp\/v2\/product_cat?post=4077"},{"taxonomy":"product_tag","embeddable":true,"href":"https:\/\/uborsteel.com\/pt\/wp-json\/wp\/v2\/product_tag?post=4077"}],"curies":[{"name":"wp","href":"https:\/\/api.w.org\/{rel}","templated":true}]}}