{"id":4013,"date":"2025-07-14T07:22:17","date_gmt":"2025-07-14T07:22:17","guid":{"rendered":"https:\/\/uborsteel.com\/?post_type=product&#038;p=4013"},"modified":"2025-07-21T04:02:39","modified_gmt":"2025-07-21T04:02:39","slug":"ss304-stainless-steel-plate-sheet","status":"publish","type":"product","link":"https:\/\/uborsteel.com\/pt\/produto\/ss304-stainless-steel-plate-sheet\/","title":{"rendered":"SS 304 Stainless steel plate sheet"},"content":{"rendered":"<p>SS304 stainless steel plate (0Cr19Ni9) is an austenitic stainless steel with the following characteristics:<\/p>\n<p>Corrosion resistance<br \/>\nContains 18%-20% chromium and 8%-10.5% nickel, and forms a dense chromium oxide protective film on the surface, which can resist corrosion from the atmosphere, fresh water, steam and weak acids (such as nitric acid and acetic acid), but is prone to pitting or stress corrosion cracking in chloride ion environments (such as seawater). \u200c<\/p>\n<p>Mechanical properties<br \/>\nTensile strength \u2265520MPa, yield strength 205-210MPa, elongation \u226540%, hardness \u2264187HB in the annealed state. Weak magnetism may be generated after cold processing (such as stamping and bending). \u200c<\/p>\n<p>Application scenarios<br \/>\nWidely used in construction, chemical industry, food processing, medical equipment, kitchenware and other fields, such as the curtain wall of Shanghai Tower, pharmaceutical pipelines and thermos cups. \u200c<\/p>\n<p>Processing characteristics<br \/>\nThe work hardening effect is significant, and the hardness can reach HRB 92 after cold rolling, but it cannot be hardened by heat treatment.<\/p>\n<p>Temperature range<br \/>\nThe temperature range is -196\u2103 to 800\u2103, and it still maintains good corrosion resistance at high temperatures.<\/p>\n<p>&nbsp;<\/p>\n<table border=\"1\" cellspacing=\"0\" cellpadding=\"0\">\n<tbody class=\"\">\n<tr class=\"firstRow\" align=\"center\" valign=\"center\" data-rows=\"1\" data-type=\"even\">\n<td data-col=\"1\">Product \u00a0 Name<\/td>\n<td>Stainless Steel Plate\/Sheet<\/td>\n<\/tr>\n<tr align=\"center\" valign=\"center\" data-type=\"odd\">\n<td data-col=\"1\">Padr\u00e3o<\/td>\n<td>ASTM,JIS,DIN,GB,AISI,DIN,EN<\/td>\n<\/tr>\n<tr align=\"center\" valign=\"center\" data-type=\"even\">\n<td data-col=\"1\">Material<\/td>\n<td>201, 202, 301, 301L, 304, 304L, 316, 316L, 321, 310S, 904L, 410, 420J2, 430, 2205, 2507, 321H, 347, 347H, 403, 405, 409, 420, 430, 631, 904L, 305, 301L, 317, 317L, 309, 309S 310<\/td>\n<\/tr>\n<tr align=\"center\" valign=\"center\" data-type=\"odd\">\n<td data-col=\"1\">T\u00e9cnica<\/td>\n<td>Estirados a frio, laminados a quente, laminados a frio e outros.<\/td>\n<\/tr>\n<tr align=\"center\" valign=\"center\" data-type=\"even\">\n<td data-col=\"1\">Largura<\/td>\n<td>6-12 mm ou personaliz\u00e1vel<\/td>\n<\/tr>\n<tr align=\"center\" valign=\"center\" data-type=\"odd\">\n<td data-col=\"1\">Espessura<\/td>\n<td>1-120mm or Customizable<\/td>\n<\/tr>\n<tr align=\"center\" valign=\"center\" data-type=\"even\">\n<td data-col=\"1\">Comprimento<\/td>\n<td>1000 &#8211; 6000mm or Customizable<\/td>\n<\/tr>\n<tr align=\"center\" valign=\"center\" data-type=\"odd\">\n<td data-col=\"1\">Tratamento de superf\u00edcie<\/td>\n<td>BA\/2B\/NO.1\/NO.3\/NO.4\/8K\/HL\/2D\/1D<\/td>\n<\/tr>\n<tr align=\"center\" valign=\"center\" data-type=\"even\">\n<td data-col=\"1\">Origem<\/td>\n<td>China<\/td>\n<\/tr>\n<tr align=\"center\" valign=\"center\" data-type=\"odd\">\n<td data-col=\"1\">C\u00f3digo SH<\/td>\n<td>7211190000<\/td>\n<\/tr>\n<tr align=\"center\" valign=\"center\" data-type=\"even\">\n<td data-col=\"1\">Prazo de entrega<\/td>\n<td>{Tempo de entrega}<\/td>\n<\/tr>\n<tr align=\"center\" valign=\"center\" data-type=\"odd\">\n<td data-col=\"1\">Servi\u00e7o p\u00f3s-venda<\/td>\n<td>24 horas em linha<\/td>\n<\/tr>\n<tr align=\"center\" valign=\"center\" data-type=\"even\">\n<td data-col=\"1\">Capacidade de produ\u00e7\u00e3o<\/td>\n<td>{Capacidade de produ\u00e7\u00e3o}<\/td>\n<\/tr>\n<tr align=\"center\" valign=\"center\" data-type=\"odd\">\n<td data-col=\"1\">Condi\u00e7\u00f5es de pre\u00e7o<\/td>\n<td>EXW, FOB, CIF, CRF, CNF or \u00a0 Others<\/td>\n<\/tr>\n<tr align=\"center\" valign=\"center\" data-type=\"even\">\n<td data-col=\"1\">Porta de carregamento<\/td>\n<td>{Port}<\/td>\n<\/tr>\n<tr align=\"center\" valign=\"center\" data-type=\"odd\">\n<td data-col=\"1\">Prazo de pagamento<\/td>\n<td>TT, LC, Dinheiro, Paypal, DP, DA, Western Union ou outros.<\/td>\n<\/tr>\n<tr align=\"center\" valign=\"center\" data-type=\"even\">\n<td rowspan=\"8\" data-col=\"1\">Aplica\u00e7\u00e3o<\/td>\n<td>1. Architectural decoration. \u00a0 Such as exterior walls, curtain walls, ceilings, stair handrails, doors and \u00a0 windows, etc.<\/td>\n<\/tr>\n<tr align=\"center\" valign=\"center\" data-type=\"odd\">\n<td data-col=\"1\">2. \u00a0 Kitchen furniture. Such as kitchen stove, sink, etc.<\/td>\n<\/tr>\n<tr align=\"center\" valign=\"center\" data-type=\"even\">\n<td data-col=\"1\">3. \u00a0 Chemical equipment. Such as containers, pipelines, etc.<\/td>\n<\/tr>\n<tr align=\"center\" valign=\"center\" data-type=\"odd\">\n<td data-col=\"1\">4. Food \u00a0 processing. Such as food containers, processing tables, etc.<\/td>\n<\/tr>\n<tr align=\"center\" valign=\"center\" data-type=\"even\">\n<td data-col=\"1\">5. \u00a0 Automobile manufacturing. Such as vehicle body, exhaust pipe, fuel tank, etc.<\/td>\n<\/tr>\n<tr align=\"center\" valign=\"center\" data-type=\"odd\">\n<td data-col=\"1\">6. \u00a0 Electronic devices. Such as manufacturing casings, structural components, \u00a0 etc. for electronic devices.<\/td>\n<\/tr>\n<tr align=\"center\" valign=\"center\" data-type=\"even\">\n<td data-col=\"1\">7. \u00a0 Medical equipment. Such as surgical instruments, surgical instruments, \u00a0 medical utensils, etc.<\/td>\n<\/tr>\n<tr align=\"center\" valign=\"center\" data-type=\"odd\">\n<td data-col=\"1\">8. \u00a0 Shipbuilding. Such as ship hulls, pipelines, equipment supports, etc.<\/td>\n<\/tr>\n<tr align=\"center\" valign=\"center\" data-type=\"even\">\n<td data-col=\"1\">Embalagem<\/td>\n<td>Pacote, saco de PVC, cinto de nylon, bra\u00e7adeira de cabo, pacote padr\u00e3o de exporta\u00e7\u00e3o em condi\u00e7\u00f5es de navegar ou como pedido.<\/td>\n<\/tr>\n<tr align=\"center\" valign=\"center\" data-type=\"odd\">\n<td data-col=\"1\">Servi\u00e7o de processamento<\/td>\n<td>Dobragem, Soldadura, Desbobinagem, Puncionamento, Corte e outros.<\/td>\n<\/tr>\n<tr align=\"center\" valign=\"center\" data-type=\"even\">\n<td data-col=\"1\">Toler\u00e2ncia<\/td>\n<td>\u00b11%<\/td>\n<\/tr>\n<tr align=\"center\" valign=\"center\" data-type=\"odd\">\n<td data-col=\"1\">MOQ<\/td>\n<td>{MOQ}<\/td>\n<\/tr>\n<\/tbody>\n<\/table>\n<div><\/div>\n<p>&nbsp;<\/p>\n<h2><\/h2>\n<h2>Composi\u00e7\u00e3o do a\u00e7o inoxid\u00e1vel<\/h2>\n<p>O a\u00e7o \u00e9 uma liga de ferro e carbono. Os a\u00e7os inoxid\u00e1veis s\u00e3o a\u00e7os que cont\u00eam pelo menos 10,5% de cr\u00f3mio, menos de 1,2% de carbono e outros elementos de liga. A resist\u00eancia \u00e0 corros\u00e3o do a\u00e7o inoxid\u00e1vel e<\/p>\n<p>As propriedades mec\u00e2nicas podem ser melhoradas pela adi\u00e7\u00e3o de outros elementos, como o n\u00edquel, o molibd\u00e9nio, o tit\u00e2nio, o ni\u00f3bio, o mangan\u00eas, etc.<\/p>\n<div class=\"editor_table_wrap\">\n<div>\n<div>\n<table border=\"1\" cellspacing=\"0\" cellpadding=\"0\">\n<tbody class=\"\">\n<tr class=\"firstRow\" align=\"center\" valign=\"center\" data-rows=\"1\" data-type=\"even\">\n<td data-col=\"1\">Grau<\/td>\n<td>C<\/td>\n<td>Si<\/td>\n<td>Mn<\/td>\n<td>P<\/td>\n<td>S<\/td>\n<td>Cr<\/td>\n<td>Ni<\/td>\n<td>Mo<\/td>\n<td>N<\/td>\n<td>Cu<\/td>\n<\/tr>\n<tr align=\"center\" valign=\"center\" data-type=\"odd\">\n<td data-col=\"1\">201<\/td>\n<td>\u22640.15<\/td>\n<td>\u22640.75<\/td>\n<td>5.5~7.5<\/td>\n<td>\u22640.060<\/td>\n<td>\u22640.03<\/td>\n<td>16.00~18.00<\/td>\n<td>3.5~5.5<\/td>\n<td>&#8211;<\/td>\n<td>&#8211;<\/td>\n<td>0.08<\/td>\n<\/tr>\n<tr align=\"center\" valign=\"center\" data-type=\"even\">\n<td data-col=\"1\">202<\/td>\n<td>\u22640.15<\/td>\n<td>\u22641.00<\/td>\n<td>7.5~10.00<\/td>\n<td>\u22640.060<\/td>\n<td>\u22640.03<\/td>\n<td>17.00~19.00<\/td>\n<td>4.0~6.0<\/td>\n<td>&#8211;<\/td>\n<td>\u22640.25<\/td>\n<td><\/td>\n<\/tr>\n<tr align=\"center\" valign=\"center\" data-type=\"odd\">\n<td data-col=\"1\">301<\/td>\n<td>\u22640.15<\/td>\n<td>\u22641.00<\/td>\n<td>\u22642.00<\/td>\n<td>\u22640.045<\/td>\n<td>\u22640.03<\/td>\n<td>16.00~18.00<\/td>\n<td>6.00~8.00<\/td>\n<td>&#8211;<\/td>\n<td><\/td>\n<td><\/td>\n<\/tr>\n<tr align=\"center\" valign=\"center\" data-type=\"even\">\n<td data-col=\"1\">302<\/td>\n<td>\u22640.15<\/td>\n<td>\u22641.00<\/td>\n<td>\u22642.00<\/td>\n<td>\u22640.035<\/td>\n<td>\u22640.03<\/td>\n<td>17.00~19.00<\/td>\n<td>8.00~10.00<\/td>\n<td>&#8211;<\/td>\n<td><\/td>\n<td><\/td>\n<\/tr>\n<tr align=\"center\" valign=\"center\" data-type=\"odd\">\n<td data-col=\"1\">304<\/td>\n<td>\u22640.07<\/td>\n<td>\u22641.00<\/td>\n<td>\u22642.00<\/td>\n<td>\u22640.045<\/td>\n<td>\u22640.03<\/td>\n<td>18.00~20.00<\/td>\n<td>8.00~10.50<\/td>\n<td>&#8211;<\/td>\n<td><\/td>\n<td><\/td>\n<\/tr>\n<tr align=\"center\" valign=\"center\" data-type=\"even\">\n<td data-col=\"1\">304L<\/td>\n<td>\u22640.030<\/td>\n<td>\u22641.00<\/td>\n<td>\u22642.00<\/td>\n<td>\u22640.045<\/td>\n<td>\u22640.03<\/td>\n<td>18.00~20.00<\/td>\n<td>9.00~13.00<\/td>\n<td>&#8211;<\/td>\n<td><\/td>\n<td><\/td>\n<\/tr>\n<tr align=\"center\" valign=\"center\" data-type=\"odd\">\n<td data-col=\"1\">310S<\/td>\n<td>\u22640.08<\/td>\n<td>\u22641.00<\/td>\n<td>\u22642.00<\/td>\n<td>\u22640.045<\/td>\n<td>\u22640.03<\/td>\n<td>24.00~26.00<\/td>\n<td>19.00~22.00<\/td>\n<td>&#8211;<\/td>\n<td><\/td>\n<td><\/td>\n<\/tr>\n<tr align=\"center\" valign=\"center\" data-type=\"even\">\n<td data-col=\"1\">316<\/td>\n<td>\u22640.08<\/td>\n<td>\u22641.00<\/td>\n<td>\u22642.00<\/td>\n<td>\u22640.045<\/td>\n<td>\u22640.03<\/td>\n<td>16.00~18.00<\/td>\n<td>10.00~14.00<\/td>\n<td>2.00~3.00<\/td>\n<td><\/td>\n<td><\/td>\n<\/tr>\n<tr align=\"center\" valign=\"center\" data-type=\"odd\">\n<td data-col=\"1\">316L<\/td>\n<td>\u22640.03<\/td>\n<td>\u22641.00<\/td>\n<td>\u22642.00<\/td>\n<td>\u22640.045<\/td>\n<td>\u22640.03<\/td>\n<td>16.00~18.00<\/td>\n<td>12.00~15.00<\/td>\n<td>2.00~3.00<\/td>\n<td><\/td>\n<td><\/td>\n<\/tr>\n<tr align=\"center\" valign=\"center\" data-type=\"even\">\n<td data-col=\"1\">321<\/td>\n<td>\u22640.08<\/td>\n<td>\u22641.00<\/td>\n<td>\u22642.00<\/td>\n<td>\u22640.045<\/td>\n<td>\u22640.03<\/td>\n<td>17.00~19.00<\/td>\n<td>9.00~13.00<\/td>\n<td>&#8211;<\/td>\n<td><\/td>\n<td><\/td>\n<\/tr>\n<tr align=\"center\" valign=\"center\" data-type=\"odd\">\n<td data-col=\"1\">430<\/td>\n<td>\u22640.12<\/td>\n<td>\u22640.75<\/td>\n<td>\u22641.00<\/td>\n<td>\u22640.040<\/td>\n<td>\u22640.03<\/td>\n<td>16.00~18.00<\/td>\n<td><\/td>\n<td>&#8211;<\/td>\n<td><\/td>\n<td><\/td>\n<\/tr>\n<tr align=\"center\" valign=\"center\" data-type=\"even\">\n<td data-col=\"1\">2205<\/td>\n<td>\u22640.03<\/td>\n<td>\u22641.00<\/td>\n<td>\u22642.00<\/td>\n<td>\u22640.030<\/td>\n<td>\u22640.015<\/td>\n<td>22.00~23.00<\/td>\n<td>4.5~6.5<\/td>\n<td>2.5~3.5<\/td>\n<td><\/td>\n<td><\/td>\n<\/tr>\n<tr align=\"center\" valign=\"center\" data-type=\"odd\">\n<td data-col=\"1\">2507<\/td>\n<td>\u22640.03<\/td>\n<td>\u22640.08<\/td>\n<td>\u22641.20<\/td>\n<td>\u22640.035<\/td>\n<td>\u22640.015<\/td>\n<td>24.00~26.00<\/td>\n<td>6.00~8.00<\/td>\n<td>3.0~5.0<\/td>\n<td><\/td>\n<td><\/td>\n<\/tr>\n<tr align=\"center\" valign=\"center\" data-type=\"even\">\n<td data-col=\"1\">904L<\/td>\n<td>\u22640.02<\/td>\n<td>\u22641.00<\/td>\n<td>\u22642.00<\/td>\n<td>\u22640.045<\/td>\n<td>\u22640.035<\/td>\n<td>19.00~23.00<\/td>\n<td>23.00~28.00<\/td>\n<td>4.0~5.0<\/td>\n<td><\/td>\n<td>1.0~2.0<\/td>\n<\/tr>\n<tr align=\"center\" valign=\"center\" data-type=\"odd\">\n<td data-col=\"1\">INCONEL028<\/td>\n<td>\u22640.03<\/td>\n<td>\u22641.00<\/td>\n<td>\u22642.50<\/td>\n<td>\u22640.030<\/td>\n<td>\u22640.030<\/td>\n<td>\u226428.0<\/td>\n<td>\u226434.0<\/td>\n<td>\u22644.0<\/td>\n<td><\/td>\n<td>\u22641.4<\/td>\n<\/tr>\n<tr align=\"center\" valign=\"center\" data-type=\"even\">\n<td data-col=\"1\">MONEL400<\/td>\n<td>\u22640.30<\/td>\n<td>\u22640.5<\/td>\n<td>\u22642.00<\/td>\n<td>&#8211;<\/td>\n<td>\u22640.024<\/td>\n<td>&#8211;<\/td>\n<td>\u226563.0<\/td>\n<td>&#8211;<\/td>\n<td><\/td>\n<td>\u226434.0<\/td>\n<\/tr>\n<tr align=\"center\" valign=\"center\" data-type=\"odd\">\n<td data-col=\"1\">INCONEL800<\/td>\n<td>\u22640.10<\/td>\n<td>\u22641.00<\/td>\n<td>\u22641.50<\/td>\n<td>&#8211;<\/td>\n<td>\u22640.015<\/td>\n<td>\u226423.0<\/td>\n<td>\u226435<\/td>\n<td>4.0~5.0<\/td>\n<td>&#8211;<\/td>\n<td>\u22640.75<\/td>\n<\/tr>\n<\/tbody>\n<\/table>\n<\/div>\n<\/div>\n<\/div>\n<p>Sele\u00e7\u00e3o da superf\u00edcie<\/p>\n<p><img decoding=\"async\" class=\"bujuA\" title=\"Sele\u00e7\u00e3o de superf\u00edcie.jpg\" src=\"https:\/\/img.bjyyb.net\/sites\/93000\/93225\/1733895633725344621254922240.jpg@!w400\" alt=\"Surface Selection.jpg\" data-id=\"15804700\" data-suffix=\"@5h_8w_2e.gif\" data-original=\"https:\/\/img.bjyyb.net\/sites\/93000\/93225\/1733895633725344621254922240.jpg@!w400\" \/><\/p>\n<p>&nbsp;<\/p>\n<p><img decoding=\"async\" class=\"bujuA\" title=\"Stainless-steel-plate.jpg\" src=\"https:\/\/img.bjyyb.net\/sites\/89500\/89736\/1726628875694865627488923648.jpg@!w400\" alt=\"Stainless-steel-plate.jpg\" data-id=\"15118865\" data-suffix=\"@5h_8w_2e.gif\" data-original=\"https:\/\/img.bjyyb.net\/sites\/89500\/89736\/1726628875694865627488923648.jpg@!w400\" \/><\/p>\n<p>&nbsp;<\/p>\n<p><img decoding=\"async\" class=\"bujuA\" title=\"\u677f (6).jpg\" src=\"https:\/\/img.bjyyb.net\/sites\/89500\/89736\/1726801964695591613377581056.jpg@!w400\" alt=\"\u677f (6).jpg\" data-id=\"15149406\" data-suffix=\"@5h_8w_2e.gif\" data-original=\"https:\/\/img.bjyyb.net\/sites\/89500\/89736\/1726801964695591613377581056.jpg@!w400\" \/><\/p>\n<h2><\/h2>","protected":false},"excerpt":{"rendered":"<p>SS304 stainless steel plate is a common stainless steel material, also known as 1.4301 stainless steel. It belongs to 18-8 type (containing 18% chromium, 8% nickel) austenitic stainless steel, which is widely used in food processing, chemical industry, medicine, construction, decoration, shipbuilding and other fields. It can be used to make containers, pipes, kitchen utensils, mechanical equipment, etc., meeting the requirements of different industries for corrosion resistance, hygiene and structural performance.<\/p>","protected":false},"featured_media":3513,"comment_status":"closed","ping_status":"closed","template":"","meta":{"_seopress_robots_primary_cat":"none","_seopress_titles_title":"","_seopress_titles_desc":"","_seopress_robots_index":"","site-sidebar-layout":"default","site-content-layout":"","ast-site-content-layout":"default","site-content-style":"default","site-sidebar-style":"default","ast-global-header-display":"","ast-banner-title-visibility":"","ast-main-header-display":"","ast-hfb-above-header-display":"","ast-hfb-below-header-display":"","ast-hfb-mobile-header-display":"","site-post-title":"","ast-breadcrumbs-content":"","ast-featured-img":"","footer-sml-layout":"","theme-transparent-header-meta":"default","adv-header-id-meta":"","stick-header-meta":"default","header-above-stick-meta":"","header-main-stick-meta":"","header-below-stick-meta":"","astra-migrate-meta-layouts":"set","ast-page-background-enabled":"default","ast-page-background-meta":{"desktop":{"background-color":"var(--ast-global-color-4)","background-image":"","background-repeat":"repeat","background-position":"center center","background-size":"auto","background-attachment":"scroll","background-type":"","background-media":"","overlay-type":"","overlay-color":"","overlay-opacity":"","overlay-gradient":""},"tablet":{"background-color":"","background-image":"","background-repeat":"repeat","background-position":"center center","background-size":"auto","background-attachment":"scroll","background-type":"","background-media":"","overlay-type":"","overlay-color":"","overlay-opacity":"","overlay-gradient":""},"mobile":{"background-color":"","background-image":"","background-repeat":"repeat","background-position":"center center","background-size":"auto","background-attachment":"scroll","background-type":"","background-media":"","overlay-type":"","overlay-color":"","overlay-opacity":"","overlay-gradient":""}},"ast-content-background-meta":{"desktop":{"background-color":"var(--ast-global-color-5)","background-image":"","background-repeat":"repeat","background-position":"center center","background-size":"auto","background-attachment":"scroll","background-type":"","background-media":"","overlay-type":"","overlay-color":"","overlay-opacity":"","overlay-gradient":""},"tablet":{"background-color":"var(--ast-global-color-5)","background-image":"","background-repeat":"repeat","background-position":"center center","background-size":"auto","background-attachment":"scroll","background-type":"","background-media":"","overlay-type":"","overlay-color":"","overlay-opacity":"","overlay-gradient":""},"mobile":{"background-color":"var(--ast-global-color-5)","background-image":"","background-repeat":"repeat","background-position":"center center","background-size":"auto","background-attachment":"scroll","background-type":"","background-media":"","overlay-type":"","overlay-color":"","overlay-opacity":"","overlay-gradient":""}}},"product_brand":[],"product_cat":[28],"product_tag":[],"class_list":{"0":"post-4013","1":"product","2":"type-product","3":"status-publish","4":"has-post-thumbnail","6":"product_cat-stainlesssteelplate","7":"desktop-align-left","8":"tablet-align-left","9":"mobile-align-left","10":"ast-product-gallery-layout-horizontal-slider","11":"ast-product-tabs-layout-horizontal","13":"first","14":"instock","15":"shipping-taxable","16":"product-type-simple"},"_links":{"self":[{"href":"https:\/\/uborsteel.com\/pt\/wp-json\/wp\/v2\/product\/4013","targetHints":{"allow":["GET"]}}],"collection":[{"href":"https:\/\/uborsteel.com\/pt\/wp-json\/wp\/v2\/product"}],"about":[{"href":"https:\/\/uborsteel.com\/pt\/wp-json\/wp\/v2\/types\/product"}],"replies":[{"embeddable":true,"href":"https:\/\/uborsteel.com\/pt\/wp-json\/wp\/v2\/comments?post=4013"}],"wp:featuredmedia":[{"embeddable":true,"href":"https:\/\/uborsteel.com\/pt\/wp-json\/wp\/v2\/media\/3513"}],"wp:attachment":[{"href":"https:\/\/uborsteel.com\/pt\/wp-json\/wp\/v2\/media?parent=4013"}],"wp:term":[{"taxonomy":"product_brand","embeddable":true,"href":"https:\/\/uborsteel.com\/pt\/wp-json\/wp\/v2\/product_brand?post=4013"},{"taxonomy":"product_cat","embeddable":true,"href":"https:\/\/uborsteel.com\/pt\/wp-json\/wp\/v2\/product_cat?post=4013"},{"taxonomy":"product_tag","embeddable":true,"href":"https:\/\/uborsteel.com\/pt\/wp-json\/wp\/v2\/product_tag?post=4013"}],"curies":[{"name":"wp","href":"https:\/\/api.w.org\/{rel}","templated":true}]}}