{"id":2664,"date":"2025-06-09T18:30:51","date_gmt":"2025-06-09T18:30:51","guid":{"rendered":"https:\/\/uborsteel.com\/?post_type=product&#038;p=2664"},"modified":"2025-07-21T03:15:42","modified_gmt":"2025-07-21T03:15:42","slug":"stainless-steel-pipe","status":"publish","type":"product","link":"https:\/\/uborsteel.com\/pt\/produto\/stainless-steel-pipe\/","title":{"rendered":"Stainless steel pipe tube"},"content":{"rendered":"<p>Use of Stainless steel pipe: 1. The heater is generally used in the oil refining unit; 2. Chemical plant equipment pipeline; 3. Fast cooling cylinder for solid solution used in textile industry; 4. Seamless steel pipe for heat exchanger and condenser. 5. High pressure seamless steel pipe for food (gb-2000) is a high-quality carbon structural steel and alloy steel seamless steel pipe suitable for chemical equipment and pipes with working temperature of &#8211; 40~400 \u00b0 C and working pressure of 10~30ma. 6. Seamless steel pipes for geological drilling and oil drilling control. 7. Cracking pipe for petrochemical industry is used to transport high-temperature and high-pressure fluid on fertilizer equipment.<\/p>\n<table style=\"height: 694px;\" border=\"1\" width=\"1337\" cellspacing=\"0\">\n<tbody>\n<tr>\n<td colspan=\"5\" valign=\"top\"><strong>\u00a0Tubo de a\u00e7o inoxid\u00e1vel<\/strong><\/td>\n<\/tr>\n<tr>\n<td rowspan=\"5\" valign=\"top\">\n<p align=\"center\"><strong>Padr\u00e3o<\/strong><\/p>\n<\/td>\n<td colspan=\"4\" valign=\"top\">304\u3001304L\u3001316\u3001316L\u3001321\u3001310S\u3001SS316L\u3001SUS304\u3001SUS304L\u3001SUS316\u3001SUS316L<\/td>\n<\/tr>\n<tr>\n<td colspan=\"4\" valign=\"top\"><\/td>\n<\/tr>\n<tr>\n<td colspan=\"4\" valign=\"top\"><\/td>\n<\/tr>\n<tr>\n<td colspan=\"4\" valign=\"top\"><\/td>\n<\/tr>\n<tr>\n<td colspan=\"4\" valign=\"top\"><\/td>\n<\/tr>\n<tr>\n<td valign=\"top\"><strong>\u00a0 \u00a0 \u00a0 Size<\/strong><\/td>\n<td colspan=\"4\" valign=\"top\">Outer Diameter Range: 9.5~2000mm<br data-filtered=\"filtered\" \/>Thickness Range: 0.5~20mm (Size can be customized.)<br data-filtered=\"filtered\" \/>Length: Up to 18.3 meters per piece.<\/td>\n<\/tr>\n<tr>\n<td valign=\"top\">\n<p align=\"center\"><strong>Shape Section\u00a0<\/strong><\/p>\n<\/td>\n<td colspan=\"4\" rowspan=\"1\">Round, square, rectangular<\/td>\n<\/tr>\n<tr>\n<td valign=\"top\">\n<p align=\"center\"><strong>\u00a0 \u00a0<\/strong><\/p>\n<p align=\"center\"><strong>Usage<\/strong><\/p>\n<\/td>\n<td colspan=\"4\" valign=\"top\">Sanitary tubing: for food processing industry, beverage industry, sugar mill and so on;<br data-filtered=\"filtered\" \/><br data-filtered=\"filtered\" \/>Heat exchanger tube: condenser, boiler, super heater, evaporator and so on;<br data-filtered=\"filtered\" \/><br data-filtered=\"filtered\" \/>Industiral pipe: for petroleum delivery, gas delivery, petrochemical industry, wastewater treatment, drainage system, and so on;<br data-filtered=\"filtered\" \/><br data-filtered=\"filtered\" \/>Mechanical tube: handrail, railings, balustrade, hence and so on.<\/td>\n<\/tr>\n<\/tbody>\n<\/table>\n<p><strong>Features:<\/strong><br data-filtered=\"filtered\" \/>1.Our stainless steel tubes pipes are treated by bright annealing, inside weld bead removing, precise polishing. The roughness of tubes could be under 0.3\u03bcm.<\/p>\n<p>2.We have the non destructive testing ( NDT ), eg. online eddy current inspection and hydraulic or airtightness testing.<\/p>\n<p>3. Thick welding, good appearance.The mechanical properties of tube could be tested.<\/p>\n<p>4. The raw material is from Taigang, Baogang, Zhangpu and so on.<\/p>\n<p>5. And Our tubes are certificated by AD 2000-W0, PED 2014\/68\/EU, ISO 9001 : 2015.<\/p>\n<p>6. Full material traceability is guaranteed during the manufacturing process.<\/p>\n<p>7. Polished tube is supplied in individual plastic sleeves with capped ends ensuring optimum cleanliness.<\/p>\n<p>8. Internal Bore: Tubes have a smooth, clean and crevice free bore.<\/p>\n<p><img alt=\"\" fetchpriority=\"high\" decoding=\"async\" class=\"alignnone size-full wp-image-2672\" src=\"https:\/\/uborsteel.com\/wp-content\/uploads\/2025\/06\/\u4e0d\u9508\u94a2\u7ba16.jpg\" width=\"1500\" height=\"300\" srcset=\"https:\/\/uborsteel.com\/wp-content\/uploads\/2025\/06\/\u4e0d\u9508\u94a2\u7ba16.jpg 1500w, https:\/\/uborsteel.com\/wp-content\/uploads\/2025\/06\/\u4e0d\u9508\u94a2\u7ba16-300x60.jpg 300w, https:\/\/uborsteel.com\/wp-content\/uploads\/2025\/06\/\u4e0d\u9508\u94a2\u7ba16-1024x205.jpg 1024w, https:\/\/uborsteel.com\/wp-content\/uploads\/2025\/06\/\u4e0d\u9508\u94a2\u7ba16-768x154.jpg 768w, https:\/\/uborsteel.com\/wp-content\/uploads\/2025\/06\/\u4e0d\u9508\u94a2\u7ba16-18x4.jpg 18w, https:\/\/uborsteel.com\/wp-content\/uploads\/2025\/06\/\u4e0d\u9508\u94a2\u7ba16-600x120.jpg 600w\" sizes=\"(max-width: 1500px) 100vw, 1500px\" \/><\/p>\n<h1>EMBALAGEM E ENTREGA<\/h1>\n<p>Os nossos produtos s\u00e3o exportados para mais de 60 pa\u00edses e regi\u00f5es, incluindo Europa, M\u00e9dio Oriente, Sudeste Asi\u00e1tico, Austr\u00e1lia, Am\u00e9rica Latina, \u00c1frica do Sul, etc. Ganh\u00e1mos o reconhecimento dos clientes com boa reputa\u00e7\u00e3o e bom servi\u00e7o. Desde a sua cria\u00e7\u00e3o, a empresa sempre aderiu \u00e0 filosofia empresarial de \"fazer amigos enquanto faz neg\u00f3cios\", insistindo em sermos n\u00f3s mesmos em primeiro lugar e fazer boas a\u00e7\u00f5es, tendo a satisfa\u00e7\u00e3o do cliente como objetivo, a reputa\u00e7\u00e3o em primeiro lugar, e estar empenhada em fornecer aos clientes produtos de primeira classe e servi\u00e7os meticulosos e eficientes.<\/p>\n<p><img alt=\"\" decoding=\"async\" class=\"alignnone size-full wp-image-2673\" src=\"https:\/\/uborsteel.com\/wp-content\/uploads\/2025\/06\/\u4e0d\u9508\u94a2\u7ba1\u8fd0\u8f93.jpg\" width=\"1400\" height=\"620\" srcset=\"https:\/\/uborsteel.com\/wp-content\/uploads\/2025\/06\/\u4e0d\u9508\u94a2\u7ba1\u8fd0\u8f93.jpg 1400w, https:\/\/uborsteel.com\/wp-content\/uploads\/2025\/06\/\u4e0d\u9508\u94a2\u7ba1\u8fd0\u8f93-300x133.jpg 300w, https:\/\/uborsteel.com\/wp-content\/uploads\/2025\/06\/\u4e0d\u9508\u94a2\u7ba1\u8fd0\u8f93-1024x453.jpg 1024w, https:\/\/uborsteel.com\/wp-content\/uploads\/2025\/06\/\u4e0d\u9508\u94a2\u7ba1\u8fd0\u8f93-768x340.jpg 768w, https:\/\/uborsteel.com\/wp-content\/uploads\/2025\/06\/\u4e0d\u9508\u94a2\u7ba1\u8fd0\u8f93-18x8.jpg 18w, https:\/\/uborsteel.com\/wp-content\/uploads\/2025\/06\/\u4e0d\u9508\u94a2\u7ba1\u8fd0\u8f93-600x266.jpg 600w\" sizes=\"(max-width: 1400px) 100vw, 1400px\" \/><\/p>\n<h1 class=\"e_h1-117 s_subtitle response-transition\">PISO DA F\u00c1BRICA<\/h1>\n<p class=\"e_text-118 s_title response-transition\">Empresa que integra a produ\u00e7\u00e3o e o com\u00e9rcio, com 14 anos de experi\u00eancia na produ\u00e7\u00e3o de a\u00e7o de alta qualidade, fornecendo um servi\u00e7o de balc\u00e3o \u00fanico para clientes globais.<\/p>\n<p><img alt=\"\" decoding=\"async\" class=\"alignnone size-full wp-image-2674\" src=\"https:\/\/uborsteel.com\/wp-content\/uploads\/2025\/06\/\u4e0d\u9508\u94a2\u7ba1\u5de5\u5382.jpg\" width=\"1400\" height=\"620\" srcset=\"https:\/\/uborsteel.com\/wp-content\/uploads\/2025\/06\/\u4e0d\u9508\u94a2\u7ba1\u5de5\u5382.jpg 1400w, https:\/\/uborsteel.com\/wp-content\/uploads\/2025\/06\/\u4e0d\u9508\u94a2\u7ba1\u5de5\u5382-300x133.jpg 300w, https:\/\/uborsteel.com\/wp-content\/uploads\/2025\/06\/\u4e0d\u9508\u94a2\u7ba1\u5de5\u5382-1024x453.jpg 1024w, https:\/\/uborsteel.com\/wp-content\/uploads\/2025\/06\/\u4e0d\u9508\u94a2\u7ba1\u5de5\u5382-768x340.jpg 768w, https:\/\/uborsteel.com\/wp-content\/uploads\/2025\/06\/\u4e0d\u9508\u94a2\u7ba1\u5de5\u5382-18x8.jpg 18w, https:\/\/uborsteel.com\/wp-content\/uploads\/2025\/06\/\u4e0d\u9508\u94a2\u7ba1\u5de5\u5382-600x266.jpg 600w\" sizes=\"(max-width: 1400px) 100vw, 1400px\" \/><\/p>\n<h1 class=\"e_h1-120 s_subtitle\">DOM\u00cdNIOS DE APLICA\u00c7\u00c3O<\/h1>\n<p class=\"e_text-121 s_title\">Os produtos s\u00e3o amplamente utilizados nos dom\u00ednios da constru\u00e7\u00e3o e das infra-estruturas, tais como pontes, grandes edif\u00edcios, auto-estradas, t\u00faneis, aeroportos, docas, etc. O a\u00e7o \u00e9 uma escolha ideal para estas estruturas, capaz de suportar pesos pesados e ventos fortes.<\/p>\n<p><img alt=\"\" loading=\"lazy\" decoding=\"async\" class=\"alignnone size-full wp-image-2630\" src=\"https:\/\/uborsteel.com\/wp-content\/uploads\/2025\/06\/5052\u94dd\u578b\u6750\u5e94\u7528.jpg\" width=\"1400\" height=\"620\" srcset=\"https:\/\/uborsteel.com\/wp-content\/uploads\/2025\/06\/5052\u94dd\u578b\u6750\u5e94\u7528.jpg 1400w, https:\/\/uborsteel.com\/wp-content\/uploads\/2025\/06\/5052\u94dd\u578b\u6750\u5e94\u7528-300x133.jpg 300w, https:\/\/uborsteel.com\/wp-content\/uploads\/2025\/06\/5052\u94dd\u578b\u6750\u5e94\u7528-1024x453.jpg 1024w, https:\/\/uborsteel.com\/wp-content\/uploads\/2025\/06\/5052\u94dd\u578b\u6750\u5e94\u7528-768x340.jpg 768w, https:\/\/uborsteel.com\/wp-content\/uploads\/2025\/06\/5052\u94dd\u578b\u6750\u5e94\u7528-18x8.jpg 18w, https:\/\/uborsteel.com\/wp-content\/uploads\/2025\/06\/5052\u94dd\u578b\u6750\u5e94\u7528-600x266.jpg 600w\" sizes=\"(max-width: 1400px) 100vw, 1400px\" \/><\/p>\n<p>&nbsp;<\/p>","protected":false},"excerpt":{"rendered":"<p>Use of Stainless steel pipe: 1. The heater is generally used in the oil refining unit; 2. Chemical plant equipment pipeline; 3. Fast cooling cylinder for solid solution used in textile industry; 4. Seamless steel pipe for heat exchanger and condenser. 5. High pressure seamless steel pipe for food (gb-2000) is a high-quality carbon structural steel and alloy steel seamless steel pipe suitable for chemical equipment and pipes with working temperature of &#8211; 40~400 \u00b0 C and working pressure of 10~30ma. 6. Seamless steel pipes for geological drilling and oil drilling control. 7. Cracking pipe for petrochemical industry is used to transport high-temperature and high-pressure fluid on fertilizer equipment.<\/p>","protected":false},"featured_media":2994,"comment_status":"closed","ping_status":"closed","template":"","meta":{"_seopress_robots_primary_cat":"none","_seopress_titles_title":"","_seopress_titles_desc":"","_seopress_robots_index":"","site-sidebar-layout":"default","site-content-layout":"","ast-site-content-layout":"default","site-content-style":"default","site-sidebar-style":"default","ast-global-header-display":"","ast-banner-title-visibility":"","ast-main-header-display":"","ast-hfb-above-header-display":"","ast-hfb-below-header-display":"","ast-hfb-mobile-header-display":"","site-post-title":"","ast-breadcrumbs-content":"","ast-featured-img":"","footer-sml-layout":"","theme-transparent-header-meta":"default","adv-header-id-meta":"","stick-header-meta":"default","header-above-stick-meta":"","header-main-stick-meta":"","header-below-stick-meta":"","astra-migrate-meta-layouts":"set","ast-page-background-enabled":"default","ast-page-background-meta":{"desktop":{"background-color":"var(--ast-global-color-4)","background-image":"","background-repeat":"repeat","background-position":"center center","background-size":"auto","background-attachment":"scroll","background-type":"","background-media":"","overlay-type":"","overlay-color":"","overlay-opacity":"","overlay-gradient":""},"tablet":{"background-color":"","background-image":"","background-repeat":"repeat","background-position":"center center","background-size":"auto","background-attachment":"scroll","background-type":"","background-media":"","overlay-type":"","overlay-color":"","overlay-opacity":"","overlay-gradient":""},"mobile":{"background-color":"","background-image":"","background-repeat":"repeat","background-position":"center center","background-size":"auto","background-attachment":"scroll","background-type":"","background-media":"","overlay-type":"","overlay-color":"","overlay-opacity":"","overlay-gradient":""}},"ast-content-background-meta":{"desktop":{"background-color":"var(--ast-global-color-5)","background-image":"","background-repeat":"repeat","background-position":"center center","background-size":"auto","background-attachment":"scroll","background-type":"","background-media":"","overlay-type":"","overlay-color":"","overlay-opacity":"","overlay-gradient":""},"tablet":{"background-color":"var(--ast-global-color-5)","background-image":"","background-repeat":"repeat","background-position":"center center","background-size":"auto","background-attachment":"scroll","background-type":"","background-media":"","overlay-type":"","overlay-color":"","overlay-opacity":"","overlay-gradient":""},"mobile":{"background-color":"var(--ast-global-color-5)","background-image":"","background-repeat":"repeat","background-position":"center center","background-size":"auto","background-attachment":"scroll","background-type":"","background-media":"","overlay-type":"","overlay-color":"","overlay-opacity":"","overlay-gradient":""}}},"product_brand":[],"product_cat":[31],"product_tag":[],"class_list":{"0":"post-2664","1":"product","2":"type-product","3":"status-publish","4":"has-post-thumbnail","6":"product_cat-stainlesssteelpipe","7":"desktop-align-left","8":"tablet-align-left","9":"mobile-align-left","10":"ast-product-gallery-layout-horizontal-slider","11":"ast-product-tabs-layout-horizontal","13":"first","14":"instock","15":"featured","16":"shipping-taxable","17":"product-type-simple"},"_links":{"self":[{"href":"https:\/\/uborsteel.com\/pt\/wp-json\/wp\/v2\/product\/2664","targetHints":{"allow":["GET"]}}],"collection":[{"href":"https:\/\/uborsteel.com\/pt\/wp-json\/wp\/v2\/product"}],"about":[{"href":"https:\/\/uborsteel.com\/pt\/wp-json\/wp\/v2\/types\/product"}],"replies":[{"embeddable":true,"href":"https:\/\/uborsteel.com\/pt\/wp-json\/wp\/v2\/comments?post=2664"}],"wp:featuredmedia":[{"embeddable":true,"href":"https:\/\/uborsteel.com\/pt\/wp-json\/wp\/v2\/media\/2994"}],"wp:attachment":[{"href":"https:\/\/uborsteel.com\/pt\/wp-json\/wp\/v2\/media?parent=2664"}],"wp:term":[{"taxonomy":"product_brand","embeddable":true,"href":"https:\/\/uborsteel.com\/pt\/wp-json\/wp\/v2\/product_brand?post=2664"},{"taxonomy":"product_cat","embeddable":true,"href":"https:\/\/uborsteel.com\/pt\/wp-json\/wp\/v2\/product_cat?post=2664"},{"taxonomy":"product_tag","embeddable":true,"href":"https:\/\/uborsteel.com\/pt\/wp-json\/wp\/v2\/product_tag?post=2664"}],"curies":[{"name":"wp","href":"https:\/\/api.w.org\/{rel}","templated":true}]}}