{"id":2642,"date":"2025-06-09T18:16:27","date_gmt":"2025-06-09T18:16:27","guid":{"rendered":"https:\/\/uborsteel.com\/?post_type=product&#038;p=2642"},"modified":"2025-08-05T03:27:29","modified_gmt":"2025-08-05T03:27:29","slug":"aluminum-coil","status":"publish","type":"product","link":"https:\/\/uborsteel.com\/pt\/produto\/aluminum-coil\/","title":{"rendered":"Aluminum coil"},"content":{"rendered":"<table border=\"1\" cellspacing=\"0\">\n<tbody>\n<tr>\n<td valign=\"top\">\n<p class=\"normalPara\">Name<\/p>\n<\/td>\n<td valign=\"top\">\n<p class=\"normalPara\">Aluminum coil<\/p>\n<\/td>\n<\/tr>\n<tr>\n<td valign=\"top\">\n<p class=\"normalPara\">Padr\u00e3o<\/p>\n<\/td>\n<td valign=\"top\">\n<p class=\"normalPara\">JIS, AISI, ASTM, GB, DIN, EN, BS<\/p>\n<\/td>\n<\/tr>\n<tr>\n<td valign=\"top\">\n<p class=\"normalPara\">Material<\/p>\n<\/td>\n<td valign=\"top\">1060\u30013003\u30015052\u30015083\u30016061\u30016063\u30016082\u30017075<\/td>\n<\/tr>\n<tr>\n<td valign=\"top\">\n<p class=\"normalPara\">Surface Treatment<\/p>\n<\/td>\n<td valign=\"top\">\n<p class=\"normalPara\">BA\/2B\/NO.1\/NO.4\/4K\/HL\/8K\/EMBOSSED or according to customer requirementg,etc.<\/p>\n<\/td>\n<\/tr>\n<tr>\n<td valign=\"top\">\n<p class=\"normalPara\">Largura<\/p>\n<\/td>\n<td valign=\"top\">\n<p class=\"normalPara\">100mm-2500mm or as required<\/p>\n<\/td>\n<\/tr>\n<tr>\n<td valign=\"top\">\n<p class=\"normalPara\">Espessura<\/p>\n<\/td>\n<td valign=\"top\">\n<p class=\"normalPara\">0.1mm-12mm or as required<\/p>\n<\/td>\n<\/tr>\n<tr>\n<td valign=\"top\">\n<p class=\"normalPara\">Comprimento<\/p>\n<\/td>\n<td valign=\"top\">\n<p class=\"normalPara\">As customer&#8217;s request<\/p>\n<\/td>\n<\/tr>\n<tr>\n<td valign=\"top\">\n<p class=\"normalPara\">Inspection<\/p>\n<\/td>\n<td valign=\"top\">\n<p class=\"normalPara\">Fully accept all the third party to test before shipment.<\/p>\n<\/td>\n<\/tr>\n<tr>\n<td valign=\"top\">\n<p class=\"normalPara\">Packing<\/p>\n<\/td>\n<td valign=\"top\">\n<p class=\"normalPara\">Standard Export Seaworthy Package.Suit for all kinds of transport,or as required.<\/p>\n<\/td>\n<\/tr>\n<tr>\n<td valign=\"top\">\n<p class=\"normalPara\">Condi\u00e7\u00f5es de pagamento<\/p>\n<\/td>\n<td valign=\"top\">\n<p class=\"normalPara\">\u00a0L\/C, T\/T\u00a0 ETC.<\/p>\n<\/td>\n<\/tr>\n<\/tbody>\n<\/table>\n<p>Stainless steel coils are imported and domestic products, divided into hot-rolled and cold-rolled. According to the needs of different users, we can also order a variety of special-shaped steel materials.In order to ensure that the yield strength, tensile strength, elongation and hardness of various stainless steel coils meet the requirements, the stainless steel coils must undergo heat treatment such as annealing, solution treatment, and aging treatment before delivery.<\/p>\n<p><img alt=\"\" fetchpriority=\"high\" decoding=\"async\" class=\"alignnone size-full wp-image-2650\" src=\"https:\/\/uborsteel.com\/wp-content\/uploads\/2025\/06\/\u4e0d\u9508\u94a2\u53776.jpg\" width=\"1500\" height=\"300\" srcset=\"https:\/\/uborsteel.com\/wp-content\/uploads\/2025\/06\/\u4e0d\u9508\u94a2\u53776.jpg 1500w, https:\/\/uborsteel.com\/wp-content\/uploads\/2025\/06\/\u4e0d\u9508\u94a2\u53776-300x60.jpg 300w, https:\/\/uborsteel.com\/wp-content\/uploads\/2025\/06\/\u4e0d\u9508\u94a2\u53776-1024x205.jpg 1024w, https:\/\/uborsteel.com\/wp-content\/uploads\/2025\/06\/\u4e0d\u9508\u94a2\u53776-768x154.jpg 768w, https:\/\/uborsteel.com\/wp-content\/uploads\/2025\/06\/\u4e0d\u9508\u94a2\u53776-18x4.jpg 18w, https:\/\/uborsteel.com\/wp-content\/uploads\/2025\/06\/\u4e0d\u9508\u94a2\u53776-600x120.jpg 600w\" sizes=\"(max-width: 1500px) 100vw, 1500px\" \/><\/p>\n<h1>PACKING AND DELIVERY\uff1a<\/h1>\n<p>Os nossos produtos s\u00e3o exportados para mais de 60 pa\u00edses e regi\u00f5es, incluindo Europa, M\u00e9dio Oriente, Sudeste Asi\u00e1tico, Austr\u00e1lia, Am\u00e9rica Latina, \u00c1frica do Sul, etc. Ganh\u00e1mos o reconhecimento dos clientes com boa reputa\u00e7\u00e3o e bom servi\u00e7o. Desde a sua cria\u00e7\u00e3o, a empresa sempre aderiu \u00e0 filosofia empresarial de \"fazer amigos enquanto faz neg\u00f3cios\", insistindo em sermos n\u00f3s mesmos em primeiro lugar e fazer boas a\u00e7\u00f5es, tendo a satisfa\u00e7\u00e3o do cliente como objetivo, a reputa\u00e7\u00e3o em primeiro lugar, e estar empenhada em fornecer aos clientes produtos de primeira classe e servi\u00e7os meticulosos e eficientes.<\/p>\n<p><img alt=\"\" decoding=\"async\" class=\"alignnone size-full wp-image-2651\" src=\"https:\/\/uborsteel.com\/wp-content\/uploads\/2025\/06\/\u4e0d\u9508\u94a2\u5377\u8fd0\u8f93.jpg\" width=\"1400\" height=\"620\" srcset=\"https:\/\/uborsteel.com\/wp-content\/uploads\/2025\/06\/\u4e0d\u9508\u94a2\u5377\u8fd0\u8f93.jpg 1400w, https:\/\/uborsteel.com\/wp-content\/uploads\/2025\/06\/\u4e0d\u9508\u94a2\u5377\u8fd0\u8f93-300x133.jpg 300w, https:\/\/uborsteel.com\/wp-content\/uploads\/2025\/06\/\u4e0d\u9508\u94a2\u5377\u8fd0\u8f93-1024x453.jpg 1024w, https:\/\/uborsteel.com\/wp-content\/uploads\/2025\/06\/\u4e0d\u9508\u94a2\u5377\u8fd0\u8f93-768x340.jpg 768w, https:\/\/uborsteel.com\/wp-content\/uploads\/2025\/06\/\u4e0d\u9508\u94a2\u5377\u8fd0\u8f93-18x8.jpg 18w, https:\/\/uborsteel.com\/wp-content\/uploads\/2025\/06\/\u4e0d\u9508\u94a2\u5377\u8fd0\u8f93-600x266.jpg 600w\" sizes=\"(max-width: 1400px) 100vw, 1400px\" \/><\/p>\n<h1 class=\"e_h1-117 s_subtitle response-transition\">FACTORY FLOOR\uff1a<\/h1>\n<p class=\"e_text-118 s_title response-transition\">Empresa que integra a produ\u00e7\u00e3o e o com\u00e9rcio, com 14 anos de experi\u00eancia na produ\u00e7\u00e3o de a\u00e7o de alta qualidade, fornecendo um servi\u00e7o de balc\u00e3o \u00fanico para clientes globais.<\/p>\n<p><img alt=\"\" decoding=\"async\" class=\"alignnone size-full wp-image-2652\" src=\"https:\/\/uborsteel.com\/wp-content\/uploads\/2025\/06\/\u4e0d\u9508\u94a2\u5377\u5de5\u5382.jpg\" width=\"1400\" height=\"620\" srcset=\"https:\/\/uborsteel.com\/wp-content\/uploads\/2025\/06\/\u4e0d\u9508\u94a2\u5377\u5de5\u5382.jpg 1400w, https:\/\/uborsteel.com\/wp-content\/uploads\/2025\/06\/\u4e0d\u9508\u94a2\u5377\u5de5\u5382-300x133.jpg 300w, https:\/\/uborsteel.com\/wp-content\/uploads\/2025\/06\/\u4e0d\u9508\u94a2\u5377\u5de5\u5382-1024x453.jpg 1024w, https:\/\/uborsteel.com\/wp-content\/uploads\/2025\/06\/\u4e0d\u9508\u94a2\u5377\u5de5\u5382-768x340.jpg 768w, https:\/\/uborsteel.com\/wp-content\/uploads\/2025\/06\/\u4e0d\u9508\u94a2\u5377\u5de5\u5382-18x8.jpg 18w, https:\/\/uborsteel.com\/wp-content\/uploads\/2025\/06\/\u4e0d\u9508\u94a2\u5377\u5de5\u5382-600x266.jpg 600w\" sizes=\"(max-width: 1400px) 100vw, 1400px\" \/><\/p>\n<h1 class=\"e_h1-120 s_subtitle response-transition\">DOM\u00cdNIOS DE APLICA\u00c7\u00c3O<\/h1>\n<p><img alt=\"\" loading=\"lazy\" decoding=\"async\" class=\"alignnone size-full wp-image-2630\" src=\"https:\/\/uborsteel.com\/wp-content\/uploads\/2025\/06\/5052\u94dd\u578b\u6750\u5e94\u7528.jpg\" width=\"1400\" height=\"620\" srcset=\"https:\/\/uborsteel.com\/wp-content\/uploads\/2025\/06\/5052\u94dd\u578b\u6750\u5e94\u7528.jpg 1400w, https:\/\/uborsteel.com\/wp-content\/uploads\/2025\/06\/5052\u94dd\u578b\u6750\u5e94\u7528-300x133.jpg 300w, https:\/\/uborsteel.com\/wp-content\/uploads\/2025\/06\/5052\u94dd\u578b\u6750\u5e94\u7528-1024x453.jpg 1024w, https:\/\/uborsteel.com\/wp-content\/uploads\/2025\/06\/5052\u94dd\u578b\u6750\u5e94\u7528-768x340.jpg 768w, https:\/\/uborsteel.com\/wp-content\/uploads\/2025\/06\/5052\u94dd\u578b\u6750\u5e94\u7528-18x8.jpg 18w, https:\/\/uborsteel.com\/wp-content\/uploads\/2025\/06\/5052\u94dd\u578b\u6750\u5e94\u7528-600x266.jpg 600w\" sizes=\"(max-width: 1400px) 100vw, 1400px\" \/><\/p>","protected":false},"excerpt":{"rendered":"<p>Aluminum coils are renowned for their lightweight yet robust nature. Their low density reduces the overall weight of products and structures, facilitating easier transportation and installation, while still maintaining remarkable strength and structural integrity. The material&#8217;s inherent resistance to corrosion is a significant advantage. Aluminum naturally forms a thin oxide layer on its surface, which acts as a protective barrier against moisture, chemicals, and environmental elements, ensuring a long &#8211; lasting lifespan even in harsh conditions.<\/p>","protected":false},"featured_media":3035,"comment_status":"closed","ping_status":"closed","template":"","meta":{"_seopress_robots_primary_cat":"none","_seopress_titles_title":"","_seopress_titles_desc":"","_seopress_robots_index":"","site-sidebar-layout":"default","site-content-layout":"","ast-site-content-layout":"default","site-content-style":"default","site-sidebar-style":"default","ast-global-header-display":"","ast-banner-title-visibility":"","ast-main-header-display":"","ast-hfb-above-header-display":"","ast-hfb-below-header-display":"","ast-hfb-mobile-header-display":"","site-post-title":"","ast-breadcrumbs-content":"","ast-featured-img":"","footer-sml-layout":"","theme-transparent-header-meta":"default","adv-header-id-meta":"","stick-header-meta":"default","header-above-stick-meta":"","header-main-stick-meta":"","header-below-stick-meta":"","astra-migrate-meta-layouts":"set","ast-page-background-enabled":"default","ast-page-background-meta":{"desktop":{"background-color":"var(--ast-global-color-4)","background-image":"","background-repeat":"repeat","background-position":"center center","background-size":"auto","background-attachment":"scroll","background-type":"","background-media":"","overlay-type":"","overlay-color":"","overlay-opacity":"","overlay-gradient":""},"tablet":{"background-color":"","background-image":"","background-repeat":"repeat","background-position":"center center","background-size":"auto","background-attachment":"scroll","background-type":"","background-media":"","overlay-type":"","overlay-color":"","overlay-opacity":"","overlay-gradient":""},"mobile":{"background-color":"","background-image":"","background-repeat":"repeat","background-position":"center center","background-size":"auto","background-attachment":"scroll","background-type":"","background-media":"","overlay-type":"","overlay-color":"","overlay-opacity":"","overlay-gradient":""}},"ast-content-background-meta":{"desktop":{"background-color":"var(--ast-global-color-5)","background-image":"","background-repeat":"repeat","background-position":"center center","background-size":"auto","background-attachment":"scroll","background-type":"","background-media":"","overlay-type":"","overlay-color":"","overlay-opacity":"","overlay-gradient":""},"tablet":{"background-color":"var(--ast-global-color-5)","background-image":"","background-repeat":"repeat","background-position":"center center","background-size":"auto","background-attachment":"scroll","background-type":"","background-media":"","overlay-type":"","overlay-color":"","overlay-opacity":"","overlay-gradient":""},"mobile":{"background-color":"var(--ast-global-color-5)","background-image":"","background-repeat":"repeat","background-position":"center center","background-size":"auto","background-attachment":"scroll","background-type":"","background-media":"","overlay-type":"","overlay-color":"","overlay-opacity":"","overlay-gradient":""}}},"product_brand":[],"product_cat":[38],"product_tag":[],"class_list":{"0":"post-2642","1":"product","2":"type-product","3":"status-publish","4":"has-post-thumbnail","6":"product_cat-aluminumcoil","7":"desktop-align-left","8":"tablet-align-left","9":"mobile-align-left","10":"ast-product-gallery-layout-horizontal-slider","11":"ast-product-tabs-layout-horizontal","13":"first","14":"instock","15":"featured","16":"shipping-taxable","17":"product-type-simple"},"_links":{"self":[{"href":"https:\/\/uborsteel.com\/pt\/wp-json\/wp\/v2\/product\/2642","targetHints":{"allow":["GET"]}}],"collection":[{"href":"https:\/\/uborsteel.com\/pt\/wp-json\/wp\/v2\/product"}],"about":[{"href":"https:\/\/uborsteel.com\/pt\/wp-json\/wp\/v2\/types\/product"}],"replies":[{"embeddable":true,"href":"https:\/\/uborsteel.com\/pt\/wp-json\/wp\/v2\/comments?post=2642"}],"wp:featuredmedia":[{"embeddable":true,"href":"https:\/\/uborsteel.com\/pt\/wp-json\/wp\/v2\/media\/3035"}],"wp:attachment":[{"href":"https:\/\/uborsteel.com\/pt\/wp-json\/wp\/v2\/media?parent=2642"}],"wp:term":[{"taxonomy":"product_brand","embeddable":true,"href":"https:\/\/uborsteel.com\/pt\/wp-json\/wp\/v2\/product_brand?post=2642"},{"taxonomy":"product_cat","embeddable":true,"href":"https:\/\/uborsteel.com\/pt\/wp-json\/wp\/v2\/product_cat?post=2642"},{"taxonomy":"product_tag","embeddable":true,"href":"https:\/\/uborsteel.com\/pt\/wp-json\/wp\/v2\/product_tag?post=2642"}],"curies":[{"name":"wp","href":"https:\/\/api.w.org\/{rel}","templated":true}]}}