{"id":2620,"date":"2025-06-09T17:51:59","date_gmt":"2025-06-09T17:51:59","guid":{"rendered":"https:\/\/uborsteel.com\/?post_type=product&#038;p=2620"},"modified":"2025-08-05T03:11:21","modified_gmt":"2025-08-05T03:11:21","slug":"aluminum-roofing-tile","status":"publish","type":"product","link":"https:\/\/uborsteel.com\/pt\/produto\/aluminum-roofing-tile\/","title":{"rendered":"Chapas onduladas de alum\u00ednio"},"content":{"rendered":"<div class=\"ace-line\" dir=\"auto\" data-node=\"true\"><span data-leaf=\"true\"><span class=\"lb\">Unlike some traditional roofing materials that require regular maintenance, aluminum roofing tiles are virtually maintenance &#8211; free. Their resistance to corrosion, rot, and pests means that they retain their integrity with minimal upkeep. A simple occasional cleaning is usually sufficient to keep them looking their best.<\/span><\/span><span data-string=\"true\" data-enter=\"true\" data-leaf=\"true\">\u200b<\/span><\/div>\n<div class=\"ace-line\" dir=\"auto\" data-node=\"true\"><span data-leaf=\"true\"><span class=\"lb\">In conclusion, aluminum roofing tiles offer a winning combination of durability, lightweight design, energy efficiency, aesthetic versatility, environmental friendliness, wide application range, and low maintenance. They are an investment that pays off in terms of both functionality and long &#8211; term cost savings, making them a top choice for discerning property owners and builders alike.<\/span><\/span><\/div>\n<p><strong>PRODUCT\uff1a<\/strong><\/p>\n<table border=\"1\" cellspacing=\"0\" cellpadding=\"0\">\n<colgroup>\n<col span=\"2\" width=\"72\" \/><\/colgroup>\n<tbody>\n<tr align=\"center\" valign=\"center\" data-rows=\"1\" data-type=\"even\">\n<td width=\"275\" data-col=\"1\">Model specifications<\/td>\n<td width=\"1097\">1060\u30013003\u30015052\u30015083\u30016061\u30016063\u30016082\u30017075<\/td>\n<\/tr>\n<tr align=\"center\" valign=\"center\" data-type=\"odd\">\n<td width=\"324\" data-col=\"1\">Processing cycle<\/td>\n<td width=\"1079\">Production, spot<\/td>\n<\/tr>\n<tr align=\"center\" valign=\"center\" data-type=\"even\">\n<td width=\"275\" data-col=\"1\">color<\/td>\n<td width=\"1079\">Natural\/color<\/td>\n<\/tr>\n<tr align=\"center\" valign=\"center\" data-type=\"odd\">\n<td width=\"275\" data-col=\"1\">Can you customize<\/td>\n<td width=\"1079\">is<\/td>\n<\/tr>\n<tr align=\"center\" valign=\"center\" data-type=\"even\">\n<td width=\"275\" data-col=\"1\">Range of application<\/td>\n<td width=\"1079\">All walks of life<\/td>\n<\/tr>\n<tr align=\"center\" valign=\"center\" data-type=\"odd\">\n<td width=\"275\" data-col=\"1\">port<\/td>\n<td width=\"1079\">Any port in China<\/td>\n<\/tr>\n<tr align=\"center\" valign=\"center\" data-type=\"even\">\n<td width=\"275\" data-col=\"1\">Outer packing size<\/td>\n<td width=\"1079\">By product or customization<\/td>\n<\/tr>\n<tr align=\"center\" valign=\"center\" data-type=\"odd\">\n<td width=\"275\" data-col=\"1\">parcel<\/td>\n<td width=\"1079\">tray<\/td>\n<\/tr>\n<tr align=\"center\" valign=\"center\" data-type=\"even\">\n<td width=\"275\" data-col=\"1\">length<\/td>\n<td width=\"1079\">customization<\/td>\n<\/tr>\n<tr align=\"center\" valign=\"center\" data-type=\"odd\">\n<td width=\"275\" data-col=\"1\">width<\/td>\n<td width=\"1079\">customization<\/td>\n<\/tr>\n<tr align=\"center\" valign=\"center\" data-type=\"even\">\n<td width=\"275\" data-col=\"1\">rough\u00a0weight<\/td>\n<td width=\"1079\">actual weight<\/td>\n<\/tr>\n<\/tbody>\n<\/table>\n<h1>PACKING AND DELIVERY\uff1a<\/h1>\n<p>Os nossos produtos s\u00e3o exportados para mais de 60 pa\u00edses e regi\u00f5es, incluindo Europa, M\u00e9dio Oriente, Sudeste Asi\u00e1tico, Austr\u00e1lia, Am\u00e9rica Latina, \u00c1frica do Sul, etc. Ganh\u00e1mos o reconhecimento dos clientes com boa reputa\u00e7\u00e3o e bom servi\u00e7o. Desde a sua cria\u00e7\u00e3o, a empresa sempre aderiu \u00e0 filosofia empresarial de \"fazer amigos enquanto faz neg\u00f3cios\", insistindo em sermos n\u00f3s mesmos em primeiro lugar e fazer boas a\u00e7\u00f5es, tendo a satisfa\u00e7\u00e3o do cliente como objetivo, a reputa\u00e7\u00e3o em primeiro lugar, e estar empenhada em fornecer aos clientes produtos de primeira classe e servi\u00e7os meticulosos e eficientes.<\/p>\n<p><img alt=\"\" fetchpriority=\"high\" decoding=\"async\" class=\"alignnone size-full wp-image-2627\" src=\"https:\/\/uborsteel.com\/wp-content\/uploads\/2025\/06\/5052\u94dd\u578b\u6750\u8fd0\u8f93.jpg\" width=\"1400\" height=\"620\" srcset=\"https:\/\/uborsteel.com\/wp-content\/uploads\/2025\/06\/5052\u94dd\u578b\u6750\u8fd0\u8f93.jpg 1400w, https:\/\/uborsteel.com\/wp-content\/uploads\/2025\/06\/5052\u94dd\u578b\u6750\u8fd0\u8f93-300x133.jpg 300w, https:\/\/uborsteel.com\/wp-content\/uploads\/2025\/06\/5052\u94dd\u578b\u6750\u8fd0\u8f93-1024x453.jpg 1024w, https:\/\/uborsteel.com\/wp-content\/uploads\/2025\/06\/5052\u94dd\u578b\u6750\u8fd0\u8f93-768x340.jpg 768w, https:\/\/uborsteel.com\/wp-content\/uploads\/2025\/06\/5052\u94dd\u578b\u6750\u8fd0\u8f93-18x8.jpg 18w, https:\/\/uborsteel.com\/wp-content\/uploads\/2025\/06\/5052\u94dd\u578b\u6750\u8fd0\u8f93-600x266.jpg 600w\" sizes=\"(max-width: 1400px) 100vw, 1400px\" \/><\/p>\n<h1 class=\"e_h1-117 s_subtitle response-transition\">FACTORY FLOOR\uff1a<\/h1>\n<p class=\"e_text-118 s_title response-transition\">Empresa que integra a produ\u00e7\u00e3o e o com\u00e9rcio, com 14 anos de experi\u00eancia na produ\u00e7\u00e3o de a\u00e7o de alta qualidade, fornecendo um servi\u00e7o de balc\u00e3o \u00fanico para clientes globais.<\/p>\n<p><img alt=\"\" decoding=\"async\" class=\"alignnone size-full wp-image-2628\" src=\"https:\/\/uborsteel.com\/wp-content\/uploads\/2025\/06\/5052\u94dd\u578b\u6750\u5de5\u5382.jpg\" width=\"1400\" height=\"620\" srcset=\"https:\/\/uborsteel.com\/wp-content\/uploads\/2025\/06\/5052\u94dd\u578b\u6750\u5de5\u5382.jpg 1400w, https:\/\/uborsteel.com\/wp-content\/uploads\/2025\/06\/5052\u94dd\u578b\u6750\u5de5\u5382-300x133.jpg 300w, https:\/\/uborsteel.com\/wp-content\/uploads\/2025\/06\/5052\u94dd\u578b\u6750\u5de5\u5382-1024x453.jpg 1024w, https:\/\/uborsteel.com\/wp-content\/uploads\/2025\/06\/5052\u94dd\u578b\u6750\u5de5\u5382-768x340.jpg 768w, https:\/\/uborsteel.com\/wp-content\/uploads\/2025\/06\/5052\u94dd\u578b\u6750\u5de5\u5382-18x8.jpg 18w, https:\/\/uborsteel.com\/wp-content\/uploads\/2025\/06\/5052\u94dd\u578b\u6750\u5de5\u5382-600x266.jpg 600w\" sizes=\"(max-width: 1400px) 100vw, 1400px\" \/><\/p>\n<h1 class=\"e_h1-120 s_subtitle response-transition\">APPLICATION AREAS\uff1a<\/h1>\n<p class=\"e_text-121 s_title response-transition\">Os produtos s\u00e3o amplamente utilizados nos dom\u00ednios da constru\u00e7\u00e3o e das infra-estruturas, tais como pontes, grandes edif\u00edcios, auto-estradas, t\u00faneis, aeroportos, docas, etc. O a\u00e7o \u00e9 uma escolha ideal para estas estruturas, capaz de suportar pesos pesados e ventos fortes.<\/p>\n<p><img alt=\"\" decoding=\"async\" class=\"alignnone size-full wp-image-2630\" src=\"https:\/\/uborsteel.com\/wp-content\/uploads\/2025\/06\/5052\u94dd\u578b\u6750\u5e94\u7528.jpg\" width=\"1400\" height=\"620\" srcset=\"https:\/\/uborsteel.com\/wp-content\/uploads\/2025\/06\/5052\u94dd\u578b\u6750\u5e94\u7528.jpg 1400w, https:\/\/uborsteel.com\/wp-content\/uploads\/2025\/06\/5052\u94dd\u578b\u6750\u5e94\u7528-300x133.jpg 300w, https:\/\/uborsteel.com\/wp-content\/uploads\/2025\/06\/5052\u94dd\u578b\u6750\u5e94\u7528-1024x453.jpg 1024w, https:\/\/uborsteel.com\/wp-content\/uploads\/2025\/06\/5052\u94dd\u578b\u6750\u5e94\u7528-768x340.jpg 768w, https:\/\/uborsteel.com\/wp-content\/uploads\/2025\/06\/5052\u94dd\u578b\u6750\u5e94\u7528-18x8.jpg 18w, https:\/\/uborsteel.com\/wp-content\/uploads\/2025\/06\/5052\u94dd\u578b\u6750\u5e94\u7528-600x266.jpg 600w\" sizes=\"(max-width: 1400px) 100vw, 1400px\" \/><\/p>","protected":false},"excerpt":{"rendered":"<p>Aluminum roofing tiles are engineered to withstand the harshest of elements. Their corrosion &#8211; resistant nature ensures longevity, making them an ideal choice for regions with extreme weather conditions. Whether it&#8217;s the relentless sun, driving rain, or heavy snow, these tiles remain steadfast, protecting your property for decades to come. The material&#8217;s inherent strength also provides excellent resistance to impact, safeguarding against hail and falling debris.<\/p>","protected":false},"featured_media":3094,"comment_status":"closed","ping_status":"closed","template":"","meta":{"_seopress_robots_primary_cat":"none","_seopress_titles_title":"","_seopress_titles_desc":"","_seopress_robots_index":"","site-sidebar-layout":"default","site-content-layout":"","ast-site-content-layout":"default","site-content-style":"default","site-sidebar-style":"default","ast-global-header-display":"","ast-banner-title-visibility":"","ast-main-header-display":"","ast-hfb-above-header-display":"","ast-hfb-below-header-display":"","ast-hfb-mobile-header-display":"","site-post-title":"","ast-breadcrumbs-content":"","ast-featured-img":"","footer-sml-layout":"","theme-transparent-header-meta":"default","adv-header-id-meta":"","stick-header-meta":"default","header-above-stick-meta":"","header-main-stick-meta":"","header-below-stick-meta":"","astra-migrate-meta-layouts":"set","ast-page-background-enabled":"default","ast-page-background-meta":{"desktop":{"background-color":"var(--ast-global-color-4)","background-image":"","background-repeat":"repeat","background-position":"center center","background-size":"auto","background-attachment":"scroll","background-type":"","background-media":"","overlay-type":"","overlay-color":"","overlay-opacity":"","overlay-gradient":""},"tablet":{"background-color":"","background-image":"","background-repeat":"repeat","background-position":"center center","background-size":"auto","background-attachment":"scroll","background-type":"","background-media":"","overlay-type":"","overlay-color":"","overlay-opacity":"","overlay-gradient":""},"mobile":{"background-color":"","background-image":"","background-repeat":"repeat","background-position":"center center","background-size":"auto","background-attachment":"scroll","background-type":"","background-media":"","overlay-type":"","overlay-color":"","overlay-opacity":"","overlay-gradient":""}},"ast-content-background-meta":{"desktop":{"background-color":"var(--ast-global-color-5)","background-image":"","background-repeat":"repeat","background-position":"center center","background-size":"auto","background-attachment":"scroll","background-type":"","background-media":"","overlay-type":"","overlay-color":"","overlay-opacity":"","overlay-gradient":""},"tablet":{"background-color":"var(--ast-global-color-5)","background-image":"","background-repeat":"repeat","background-position":"center center","background-size":"auto","background-attachment":"scroll","background-type":"","background-media":"","overlay-type":"","overlay-color":"","overlay-opacity":"","overlay-gradient":""},"mobile":{"background-color":"var(--ast-global-color-5)","background-image":"","background-repeat":"repeat","background-position":"center center","background-size":"auto","background-attachment":"scroll","background-type":"","background-media":"","overlay-type":"","overlay-color":"","overlay-opacity":"","overlay-gradient":""}}},"product_brand":[],"product_cat":[48],"product_tag":[],"class_list":{"0":"post-2620","1":"product","2":"type-product","3":"status-publish","4":"has-post-thumbnail","6":"product_cat-aluminumcs","7":"desktop-align-left","8":"tablet-align-left","9":"mobile-align-left","10":"ast-product-gallery-layout-horizontal-slider","11":"ast-product-tabs-layout-horizontal","13":"first","14":"instock","15":"featured","16":"shipping-taxable","17":"product-type-simple"},"_links":{"self":[{"href":"https:\/\/uborsteel.com\/pt\/wp-json\/wp\/v2\/product\/2620","targetHints":{"allow":["GET"]}}],"collection":[{"href":"https:\/\/uborsteel.com\/pt\/wp-json\/wp\/v2\/product"}],"about":[{"href":"https:\/\/uborsteel.com\/pt\/wp-json\/wp\/v2\/types\/product"}],"replies":[{"embeddable":true,"href":"https:\/\/uborsteel.com\/pt\/wp-json\/wp\/v2\/comments?post=2620"}],"wp:featuredmedia":[{"embeddable":true,"href":"https:\/\/uborsteel.com\/pt\/wp-json\/wp\/v2\/media\/3094"}],"wp:attachment":[{"href":"https:\/\/uborsteel.com\/pt\/wp-json\/wp\/v2\/media?parent=2620"}],"wp:term":[{"taxonomy":"product_brand","embeddable":true,"href":"https:\/\/uborsteel.com\/pt\/wp-json\/wp\/v2\/product_brand?post=2620"},{"taxonomy":"product_cat","embeddable":true,"href":"https:\/\/uborsteel.com\/pt\/wp-json\/wp\/v2\/product_cat?post=2620"},{"taxonomy":"product_tag","embeddable":true,"href":"https:\/\/uborsteel.com\/pt\/wp-json\/wp\/v2\/product_tag?post=2620"}],"curies":[{"name":"wp","href":"https:\/\/api.w.org\/{rel}","templated":true}]}}