{"id":2601,"date":"2025-06-09T17:34:30","date_gmt":"2025-06-09T17:34:30","guid":{"rendered":"https:\/\/uborsteel.com\/?post_type=product&#038;p=2601"},"modified":"2025-06-19T09:47:42","modified_gmt":"2025-06-19T09:47:42","slug":"aluminum-round-bar","status":"publish","type":"product","link":"https:\/\/uborsteel.com\/pt\/produto\/aluminum-round-bar\/","title":{"rendered":"Barra de alum\u00ednio"},"content":{"rendered":"<div class=\"e_richText-23 s_title response-transition\">\n<h4><strong>Product Introduction\uff1a<\/strong><\/h4>\n<p>Aluminum bar, which exhibits exceptional corrosion resistance in chemical environments containing phosphoric acid, nitric acid, chlorides and sulphuric acid. Aluminium 6061 Square Bars doesn\u2019t losses it shape when exhibit to a temperature of liquid nitrogen which is also high appreciable and has a great commercial demand. For applications requiring maximum ductility, Aluminium 6082 Flat Bars with low sulphur levels can be supplied by producers using ladle \u2013 refining techniques. Our ability to provide Aluminium 5083 Threaded Bars on a project basis is one of our strongest capabilities and is unmatched in our industry.<\/p>\n<p><strong>Technical data<\/strong><\/p>\n<h4>Features of Aluminium Round Bars :<\/h4>\n<table border=\"1\" cellspacing=\"0\" cellpadding=\"0\">\n<tbody>\n<tr>\n<td>High strength<\/td>\n<td>Resistance against corrosion<\/td>\n<\/tr>\n<tr>\n<td>Resistance against High pressure<\/td>\n<td>Resistance against High temperature<\/td>\n<\/tr>\n<tr>\n<td>Resistance against Dimensions stability<\/td>\n<td>Longer service life<\/td>\n<\/tr>\n<tr>\n<td colspan=\"2\">Resistance against High mechanical stress<\/td>\n<\/tr>\n<\/tbody>\n<\/table>\n<p>&nbsp;<\/p>\n<table border=\"1\" cellspacing=\"0\" cellpadding=\"0\">\n<tbody>\n<tr>\n<td colspan=\"2\"><\/td>\n<\/tr>\n<tr>\n<td>Aluminium<\/td>\n<td>1060\u30013003\u30015052\u30015083\u30016061\u30016063\u30016082\u30017075<\/td>\n<\/tr>\n<tr>\n<td>Dimensions<\/td>\n<td>EN, DIN, JIS, ASTM, BS, ASME, AISI<\/td>\n<\/tr>\n<tr>\n<td>Size<\/td>\n<td>5 mm To 500 mm<\/td>\n<\/tr>\n<tr>\n<td>Diameter<\/td>\n<td>0.1 mm to 100 mm<\/td>\n<\/tr>\n<tr>\n<td>Comprimento<\/td>\n<td>100 mm To 3000 mm Long &amp; Above<\/td>\n<\/tr>\n<tr>\n<td>Finish<\/td>\n<td>Black, Bright Polished, Rough Turned, NO.4 Finish, Matt Finish, BA Finish<\/td>\n<\/tr>\n<\/tbody>\n<\/table>\n<h4>Aluminium Round Bars Chemical Composition\uff1a<\/h4>\n<table border=\"1\" cellspacing=\"0\" cellpadding=\"0\">\n<tbody>\n<tr>\n<td>Grau<\/td>\n<td>Si<\/td>\n<td>Fe<\/td>\n<td>Cu<\/td>\n<td>Zn<\/td>\n<td>Mn<\/td>\n<td>Mg<\/td>\n<td>Ti<\/td>\n<td>Cr<\/td>\n<td>Al<\/td>\n<td>Others(Total)<\/td>\n<\/tr>\n<tr>\n<td>Aluminium<\/td>\n<td>0.40 \u2013 0.80<\/td>\n<td>0.70 max<\/td>\n<td>0.15-0.40<\/td>\n<td>0.25 max<\/td>\n<td>0.15<\/td>\n<td>0.8-1.2<\/td>\n<td>0.15 max<\/td>\n<td>0.04-0.35<\/td>\n<td>Balance<\/td>\n<td>0.15 max<\/td>\n<\/tr>\n<\/tbody>\n<\/table>\n<p>&nbsp;<\/p>\n<h4>Mechanical Properties for Aluminium Round Bars\uff1a<\/h4>\n<table border=\"1\" cellspacing=\"0\" cellpadding=\"0\">\n<tbody>\n<tr>\n<td>Temper<\/td>\n<td colspan=\"5\">Tensile<\/td>\n<td>Hardness<\/td>\n<\/tr>\n<tr>\n<td colspan=\"2\">Ultimate<\/td>\n<td colspan=\"2\">Yield<\/td>\n<td>Elongation<\/td>\n<td>Brinell<\/td>\n<\/tr>\n<tr>\n<td>KSI<\/td>\n<td>MPA<\/td>\n<td>KSI<\/td>\n<td>MPA<\/td>\n<td>%<\/td>\n<\/tr>\n<tr>\n<td>T6, T651<\/td>\n<td>45<\/td>\n<td>310<\/td>\n<td>21<\/td>\n<td>145<\/td>\n<td>25<\/td>\n<td>65<\/td>\n<\/tr>\n<\/tbody>\n<\/table>\n<p>&nbsp;<\/p>\n<h4>Physical Property for Aluminium Round Bars\uff1a<\/h4>\n<table border=\"1\" cellspacing=\"0\" cellpadding=\"0\">\n<tbody>\n<tr>\n<td>Physical Property<\/td>\n<td>Value<\/td>\n<\/tr>\n<tr>\n<td>Density<\/td>\n<td>2,70 g\/cm\u00b3<\/td>\n<\/tr>\n<tr>\n<td>Melting Point<\/td>\n<td>582 \u00b0C<\/td>\n<\/tr>\n<tr>\n<td>Thermal Expansion<\/td>\n<td>23.4 x 10^-6 \/K<\/td>\n<\/tr>\n<tr>\n<td>Modulus of Elasticity<\/td>\n<td>69 GPa<\/td>\n<\/tr>\n<tr>\n<td>Thermal Conductivity<\/td>\n<td>170 W\/m.K<\/td>\n<\/tr>\n<tr>\n<td>Electrical Resistivity<\/td>\n<td>%43 IACS<\/td>\n<\/tr>\n<\/tbody>\n<\/table>\n<p>Product Usage &amp; Application:-<br \/>\nUseful in Off-Shore Oil Drilling Companies<br \/>\nPower Generation<br \/>\nPetrochemicals<br \/>\nGas Processing<br \/>\nSpecialty Chemicals<br \/>\nPharmaceuticals<br \/>\nPharmaceutical Equipment<br \/>\nChemical Equipment<br \/>\nSea Water Equipment<br \/>\nHeat Exchangers<br \/>\nCondensers<br \/>\nPulp and Paper Industry<\/p>\n<\/div>\n<div class=\"e_loop_sub-96 s_list response-transition\">\n<div class=\"cbox-96 p_loopItem\">\n<div class=\"e_richText-97 s_title clearfix response-transition\">\n<h1>Packing and Delivery\uff1a<\/h1>\n<p>Os nossos produtos s\u00e3o exportados para mais de 60 pa\u00edses e regi\u00f5es, incluindo Europa, M\u00e9dio Oriente, Sudeste Asi\u00e1tico, Austr\u00e1lia, Am\u00e9rica Latina, \u00c1frica do Sul, etc. Ganh\u00e1mos o reconhecimento dos clientes com boa reputa\u00e7\u00e3o e bom servi\u00e7o. Desde a sua cria\u00e7\u00e3o, a empresa sempre aderiu \u00e0 filosofia empresarial de \"fazer amigos enquanto faz neg\u00f3cios\", insistindo em sermos n\u00f3s mesmos em primeiro lugar e fazer boas a\u00e7\u00f5es, tendo a satisfa\u00e7\u00e3o do cliente como objetivo, a reputa\u00e7\u00e3o em primeiro lugar, e estar empenhada em fornecer aos clientes produtos de primeira classe e servi\u00e7os meticulosos e eficientes.<\/p>\n<p><img alt=\"\" fetchpriority=\"high\" decoding=\"async\" class=\"alignnone size-full wp-image-2608\" src=\"https:\/\/uborsteel.com\/wp-content\/uploads\/2025\/06\/\u94dd\u5706\u68d2\u8fd0\u8f93.jpg\" width=\"1400\" height=\"620\" srcset=\"https:\/\/uborsteel.com\/wp-content\/uploads\/2025\/06\/\u94dd\u5706\u68d2\u8fd0\u8f93.jpg 1400w, https:\/\/uborsteel.com\/wp-content\/uploads\/2025\/06\/\u94dd\u5706\u68d2\u8fd0\u8f93-300x133.jpg 300w, https:\/\/uborsteel.com\/wp-content\/uploads\/2025\/06\/\u94dd\u5706\u68d2\u8fd0\u8f93-1024x453.jpg 1024w, https:\/\/uborsteel.com\/wp-content\/uploads\/2025\/06\/\u94dd\u5706\u68d2\u8fd0\u8f93-768x340.jpg 768w, https:\/\/uborsteel.com\/wp-content\/uploads\/2025\/06\/\u94dd\u5706\u68d2\u8fd0\u8f93-18x8.jpg 18w, https:\/\/uborsteel.com\/wp-content\/uploads\/2025\/06\/\u94dd\u5706\u68d2\u8fd0\u8f93-600x266.jpg 600w\" sizes=\"(max-width: 1400px) 100vw, 1400px\" \/><\/p>\n<h1 class=\"e_h1-117 s_subtitle\">Factory\u00a0 Floor\uff1a<\/h1>\n<p class=\"e_text-118 s_title\">Empresa que integra a produ\u00e7\u00e3o e o com\u00e9rcio, com 14 anos de experi\u00eancia na produ\u00e7\u00e3o de a\u00e7o de alta qualidade, fornecendo um servi\u00e7o de balc\u00e3o \u00fanico para clientes globais.<\/p>\n<p><img alt=\"\" decoding=\"async\" class=\"alignnone size-full wp-image-2609\" src=\"https:\/\/uborsteel.com\/wp-content\/uploads\/2025\/06\/\u94dd\u5706\u68d2\u5de5\u5382.jpg\" width=\"1400\" height=\"620\" srcset=\"https:\/\/uborsteel.com\/wp-content\/uploads\/2025\/06\/\u94dd\u5706\u68d2\u5de5\u5382.jpg 1400w, https:\/\/uborsteel.com\/wp-content\/uploads\/2025\/06\/\u94dd\u5706\u68d2\u5de5\u5382-300x133.jpg 300w, https:\/\/uborsteel.com\/wp-content\/uploads\/2025\/06\/\u94dd\u5706\u68d2\u5de5\u5382-1024x453.jpg 1024w, https:\/\/uborsteel.com\/wp-content\/uploads\/2025\/06\/\u94dd\u5706\u68d2\u5de5\u5382-768x340.jpg 768w, https:\/\/uborsteel.com\/wp-content\/uploads\/2025\/06\/\u94dd\u5706\u68d2\u5de5\u5382-18x8.jpg 18w, https:\/\/uborsteel.com\/wp-content\/uploads\/2025\/06\/\u94dd\u5706\u68d2\u5de5\u5382-600x266.jpg 600w\" sizes=\"(max-width: 1400px) 100vw, 1400px\" \/><\/p>\n<\/div>\n<\/div>\n<\/div>","protected":false},"excerpt":{"rendered":"<p>Our aluminum rods stand as a testament to precision engineering, combining lightweight durability with exceptional mechanical performance for diverse industrial applications. Crafted from high-grade aluminum alloys including 6061, 6063, 2024, 7075, and 5052, these rods offer a balance of strength, corrosion resistance, and formability that meets the rigorous demands of modern manufacturing.<\/p>","protected":false},"featured_media":3022,"comment_status":"closed","ping_status":"closed","template":"","meta":{"_seopress_robots_primary_cat":"none","_seopress_titles_title":"","_seopress_titles_desc":"","_seopress_robots_index":"","site-sidebar-layout":"default","site-content-layout":"","ast-site-content-layout":"default","site-content-style":"default","site-sidebar-style":"default","ast-global-header-display":"","ast-banner-title-visibility":"","ast-main-header-display":"","ast-hfb-above-header-display":"","ast-hfb-below-header-display":"","ast-hfb-mobile-header-display":"","site-post-title":"","ast-breadcrumbs-content":"","ast-featured-img":"","footer-sml-layout":"","theme-transparent-header-meta":"default","adv-header-id-meta":"","stick-header-meta":"default","header-above-stick-meta":"","header-main-stick-meta":"","header-below-stick-meta":"","astra-migrate-meta-layouts":"set","ast-page-background-enabled":"default","ast-page-background-meta":{"desktop":{"background-color":"var(--ast-global-color-4)","background-image":"","background-repeat":"repeat","background-position":"center center","background-size":"auto","background-attachment":"scroll","background-type":"","background-media":"","overlay-type":"","overlay-color":"","overlay-opacity":"","overlay-gradient":""},"tablet":{"background-color":"","background-image":"","background-repeat":"repeat","background-position":"center center","background-size":"auto","background-attachment":"scroll","background-type":"","background-media":"","overlay-type":"","overlay-color":"","overlay-opacity":"","overlay-gradient":""},"mobile":{"background-color":"","background-image":"","background-repeat":"repeat","background-position":"center center","background-size":"auto","background-attachment":"scroll","background-type":"","background-media":"","overlay-type":"","overlay-color":"","overlay-opacity":"","overlay-gradient":""}},"ast-content-background-meta":{"desktop":{"background-color":"var(--ast-global-color-5)","background-image":"","background-repeat":"repeat","background-position":"center center","background-size":"auto","background-attachment":"scroll","background-type":"","background-media":"","overlay-type":"","overlay-color":"","overlay-opacity":"","overlay-gradient":""},"tablet":{"background-color":"var(--ast-global-color-5)","background-image":"","background-repeat":"repeat","background-position":"center center","background-size":"auto","background-attachment":"scroll","background-type":"","background-media":"","overlay-type":"","overlay-color":"","overlay-opacity":"","overlay-gradient":""},"mobile":{"background-color":"var(--ast-global-color-5)","background-image":"","background-repeat":"repeat","background-position":"center center","background-size":"auto","background-attachment":"scroll","background-type":"","background-media":"","overlay-type":"","overlay-color":"","overlay-opacity":"","overlay-gradient":""}}},"product_brand":[],"product_cat":[37],"product_tag":[],"class_list":{"0":"post-2601","1":"product","2":"type-product","3":"status-publish","4":"has-post-thumbnail","6":"product_cat-aluminumbar","7":"desktop-align-left","8":"tablet-align-left","9":"mobile-align-left","10":"ast-product-gallery-layout-horizontal-slider","11":"ast-product-tabs-layout-horizontal","13":"first","14":"instock","15":"featured","16":"shipping-taxable","17":"product-type-simple"},"_links":{"self":[{"href":"https:\/\/uborsteel.com\/pt\/wp-json\/wp\/v2\/product\/2601","targetHints":{"allow":["GET"]}}],"collection":[{"href":"https:\/\/uborsteel.com\/pt\/wp-json\/wp\/v2\/product"}],"about":[{"href":"https:\/\/uborsteel.com\/pt\/wp-json\/wp\/v2\/types\/product"}],"replies":[{"embeddable":true,"href":"https:\/\/uborsteel.com\/pt\/wp-json\/wp\/v2\/comments?post=2601"}],"wp:featuredmedia":[{"embeddable":true,"href":"https:\/\/uborsteel.com\/pt\/wp-json\/wp\/v2\/media\/3022"}],"wp:attachment":[{"href":"https:\/\/uborsteel.com\/pt\/wp-json\/wp\/v2\/media?parent=2601"}],"wp:term":[{"taxonomy":"product_brand","embeddable":true,"href":"https:\/\/uborsteel.com\/pt\/wp-json\/wp\/v2\/product_brand?post=2601"},{"taxonomy":"product_cat","embeddable":true,"href":"https:\/\/uborsteel.com\/pt\/wp-json\/wp\/v2\/product_cat?post=2601"},{"taxonomy":"product_tag","embeddable":true,"href":"https:\/\/uborsteel.com\/pt\/wp-json\/wp\/v2\/product_tag?post=2601"}],"curies":[{"name":"wp","href":"https:\/\/api.w.org\/{rel}","templated":true}]}}