{"id":2581,"date":"2025-06-09T17:09:27","date_gmt":"2025-06-09T17:09:27","guid":{"rendered":"https:\/\/uborsteel.com\/?post_type=product&#038;p=2581"},"modified":"2025-07-11T01:30:23","modified_gmt":"2025-07-11T01:30:23","slug":"copper-rod","status":"publish","type":"product","link":"https:\/\/uborsteel.com\/pt\/produto\/copper-rod\/","title":{"rendered":"Barra de cobre"},"content":{"rendered":"<div class=\"e_richText-23 s_title response-transition\">\n<p>The electrical and thermal conductivity of copper is second only to silver, and is widely used to make conductive and thermally conductive equipment. Copper has good corrosion resistance in the atmosphere, seawater and certain non-oxidizing acids, alkalis, salt solutions and a variety of organic acids (acetic acid, citric acid), and is used in the chemical industry. In addition, copper has good weldability and can be made into various semi-finished and finished products by cold and thermoplastic processing.<\/p>\n<table class=\"Table\">\n<tbody>\n<tr>\n<td valign=\"top\">Melting point<\/td>\n<td valign=\"top\">1083\u2103<\/td>\n<\/tr>\n<tr>\n<td valign=\"top\">Relative molecular mass<\/td>\n<td valign=\"top\">63.55<\/td>\n<\/tr>\n<tr>\n<td valign=\"top\">Specific gravity<\/td>\n<td valign=\"top\">3.597 g\/mL at 25 \u00b0C<\/td>\n<\/tr>\n<tr>\n<td valign=\"top\">Density<\/td>\n<td valign=\"top\">8.9 g\/cm\u00b3<\/td>\n<\/tr>\n<tr>\n<td valign=\"top\">Tensile strength \u03c3b (MPa)<\/td>\n<td valign=\"top\">\u00a0\u2265275<\/td>\n<\/tr>\n<tr>\n<td valign=\"top\">Elongation \u03b410 (%)<\/td>\n<td valign=\"top\"><span style=\"font-family: Arial, Helvetica, sans-serif;\">\u22655<\/span><\/td>\n<\/tr>\n<tr>\n<td valign=\"top\">Elongation \u03b45 (%)<\/td>\n<td valign=\"top\"><span style=\"font-family: Arial, Helvetica, sans-serif;\">\u226510<\/span><\/td>\n<\/tr>\n<tr>\n<td valign=\"top\">CAS no<\/td>\n<td valign=\"top\">7440-50-8<\/td>\n<\/tr>\n<tr>\n<td valign=\"top\">EINECS<\/td>\n<td valign=\"top\">231-159-6<\/td>\n<\/tr>\n<\/tbody>\n<\/table>\n<\/div>\n<div class=\"e_loop_sub-96 s_list\">\n<div class=\"cbox-96 p_loopItem\">\n<div class=\"e_richText-97 s_title clearfix\">\n<h1>PACKING AND DELIVERY\uff1a<\/h1>\n<p>Os nossos produtos s\u00e3o exportados para mais de 60 pa\u00edses e regi\u00f5es, incluindo Europa, M\u00e9dio Oriente, Sudeste Asi\u00e1tico, Austr\u00e1lia, Am\u00e9rica Latina, \u00c1frica do Sul, etc. Ganh\u00e1mos o reconhecimento dos clientes com boa reputa\u00e7\u00e3o e bom servi\u00e7o. Desde a sua cria\u00e7\u00e3o, a empresa sempre aderiu \u00e0 filosofia empresarial de \"fazer amigos enquanto faz neg\u00f3cios\", insistindo em sermos n\u00f3s mesmos em primeiro lugar e fazer boas a\u00e7\u00f5es, tendo a satisfa\u00e7\u00e3o do cliente como objetivo, a reputa\u00e7\u00e3o em primeiro lugar, e estar empenhada em fornecer aos clientes produtos de primeira classe e servi\u00e7os meticulosos e eficientes.<\/p>\n<p><img alt=\"\" fetchpriority=\"high\" decoding=\"async\" class=\"alignnone size-full wp-image-2589\" src=\"https:\/\/uborsteel.com\/wp-content\/uploads\/2025\/06\/\u94dc\u68d2\u8fd0\u8f93.jpg\" width=\"1400\" height=\"298\" srcset=\"https:\/\/uborsteel.com\/wp-content\/uploads\/2025\/06\/\u94dc\u68d2\u8fd0\u8f93.jpg 1400w, https:\/\/uborsteel.com\/wp-content\/uploads\/2025\/06\/\u94dc\u68d2\u8fd0\u8f93-300x64.jpg 300w, https:\/\/uborsteel.com\/wp-content\/uploads\/2025\/06\/\u94dc\u68d2\u8fd0\u8f93-1024x218.jpg 1024w, https:\/\/uborsteel.com\/wp-content\/uploads\/2025\/06\/\u94dc\u68d2\u8fd0\u8f93-768x163.jpg 768w, https:\/\/uborsteel.com\/wp-content\/uploads\/2025\/06\/\u94dc\u68d2\u8fd0\u8f93-18x4.jpg 18w, https:\/\/uborsteel.com\/wp-content\/uploads\/2025\/06\/\u94dc\u68d2\u8fd0\u8f93-600x128.jpg 600w\" sizes=\"(max-width: 1400px) 100vw, 1400px\" \/><\/p>\n<h1 class=\"e_h1-117 s_subtitle response-transition\">FACTORY FLOOR\uff1a<\/h1>\n<p class=\"e_text-118 s_title response-transition\">Empresa que integra a produ\u00e7\u00e3o e o com\u00e9rcio, com 14 anos de experi\u00eancia na produ\u00e7\u00e3o de a\u00e7o de alta qualidade, fornecendo um servi\u00e7o de balc\u00e3o \u00fanico para clientes globais.<\/p>\n<p><img alt=\"\" decoding=\"async\" class=\"alignnone size-full wp-image-2590\" src=\"https:\/\/uborsteel.com\/wp-content\/uploads\/2025\/06\/\u94dc\u68d2\u5de5\u5382.jpg\" width=\"1400\" height=\"620\" srcset=\"https:\/\/uborsteel.com\/wp-content\/uploads\/2025\/06\/\u94dc\u68d2\u5de5\u5382.jpg 1400w, https:\/\/uborsteel.com\/wp-content\/uploads\/2025\/06\/\u94dc\u68d2\u5de5\u5382-300x133.jpg 300w, https:\/\/uborsteel.com\/wp-content\/uploads\/2025\/06\/\u94dc\u68d2\u5de5\u5382-1024x453.jpg 1024w, https:\/\/uborsteel.com\/wp-content\/uploads\/2025\/06\/\u94dc\u68d2\u5de5\u5382-768x340.jpg 768w, https:\/\/uborsteel.com\/wp-content\/uploads\/2025\/06\/\u94dc\u68d2\u5de5\u5382-18x8.jpg 18w, https:\/\/uborsteel.com\/wp-content\/uploads\/2025\/06\/\u94dc\u68d2\u5de5\u5382-600x266.jpg 600w\" sizes=\"(max-width: 1400px) 100vw, 1400px\" \/><\/p>\n<h1 class=\"e_h1-120 s_subtitle\">APPLICATION AREAS\uff1a<\/h1>\n<p class=\"e_text-121 s_title response-transition\">Os produtos s\u00e3o amplamente utilizados nos dom\u00ednios da constru\u00e7\u00e3o e das infra-estruturas, tais como pontes, grandes edif\u00edcios, auto-estradas, t\u00faneis, aeroportos, docas, etc. O a\u00e7o \u00e9 uma escolha ideal para estas estruturas, capaz de suportar pesos pesados e ventos fortes.<\/p>\n<p><img alt=\"\" decoding=\"async\" class=\"alignnone size-full wp-image-2591\" src=\"https:\/\/uborsteel.com\/wp-content\/uploads\/2025\/06\/\u94dc\u68d2\u5e94\u7528.jpg\" width=\"1400\" height=\"620\" srcset=\"https:\/\/uborsteel.com\/wp-content\/uploads\/2025\/06\/\u94dc\u68d2\u5e94\u7528.jpg 1400w, https:\/\/uborsteel.com\/wp-content\/uploads\/2025\/06\/\u94dc\u68d2\u5e94\u7528-300x133.jpg 300w, https:\/\/uborsteel.com\/wp-content\/uploads\/2025\/06\/\u94dc\u68d2\u5e94\u7528-1024x453.jpg 1024w, https:\/\/uborsteel.com\/wp-content\/uploads\/2025\/06\/\u94dc\u68d2\u5e94\u7528-768x340.jpg 768w, https:\/\/uborsteel.com\/wp-content\/uploads\/2025\/06\/\u94dc\u68d2\u5e94\u7528-18x8.jpg 18w, https:\/\/uborsteel.com\/wp-content\/uploads\/2025\/06\/\u94dc\u68d2\u5e94\u7528-600x266.jpg 600w\" sizes=\"(max-width: 1400px) 100vw, 1400px\" \/><\/p>\n<\/div>\n<\/div>\n<\/div>","protected":false},"excerpt":{"rendered":"<p>The electrical and thermal conductivity of copper is second only to silver, and is widely used to make conductive and thermally conductive equipment. Copper has good corrosion resistance in the atmosphere, seawater and certain non-oxidizing acids, alkalis, salt solutions and a variety of organic acids (acetic acid, citric acid), and is used in the chemical industry. In addition, copper has good weldability and can be made into various semi-finished and finished products by cold and thermoplastic processing.<\/p>","protected":false},"featured_media":2586,"comment_status":"closed","ping_status":"closed","template":"","meta":{"_seopress_robots_primary_cat":"none","_seopress_titles_title":"","_seopress_titles_desc":"","_seopress_robots_index":"","site-sidebar-layout":"default","site-content-layout":"","ast-site-content-layout":"default","site-content-style":"default","site-sidebar-style":"default","ast-global-header-display":"","ast-banner-title-visibility":"","ast-main-header-display":"","ast-hfb-above-header-display":"","ast-hfb-below-header-display":"","ast-hfb-mobile-header-display":"","site-post-title":"","ast-breadcrumbs-content":"","ast-featured-img":"","footer-sml-layout":"","theme-transparent-header-meta":"default","adv-header-id-meta":"","stick-header-meta":"default","header-above-stick-meta":"","header-main-stick-meta":"","header-below-stick-meta":"","astra-migrate-meta-layouts":"set","ast-page-background-enabled":"default","ast-page-background-meta":{"desktop":{"background-color":"var(--ast-global-color-4)","background-image":"","background-repeat":"repeat","background-position":"center center","background-size":"auto","background-attachment":"scroll","background-type":"","background-media":"","overlay-type":"","overlay-color":"","overlay-opacity":"","overlay-gradient":""},"tablet":{"background-color":"","background-image":"","background-repeat":"repeat","background-position":"center center","background-size":"auto","background-attachment":"scroll","background-type":"","background-media":"","overlay-type":"","overlay-color":"","overlay-opacity":"","overlay-gradient":""},"mobile":{"background-color":"","background-image":"","background-repeat":"repeat","background-position":"center center","background-size":"auto","background-attachment":"scroll","background-type":"","background-media":"","overlay-type":"","overlay-color":"","overlay-opacity":"","overlay-gradient":""}},"ast-content-background-meta":{"desktop":{"background-color":"var(--ast-global-color-5)","background-image":"","background-repeat":"repeat","background-position":"center center","background-size":"auto","background-attachment":"scroll","background-type":"","background-media":"","overlay-type":"","overlay-color":"","overlay-opacity":"","overlay-gradient":""},"tablet":{"background-color":"var(--ast-global-color-5)","background-image":"","background-repeat":"repeat","background-position":"center center","background-size":"auto","background-attachment":"scroll","background-type":"","background-media":"","overlay-type":"","overlay-color":"","overlay-opacity":"","overlay-gradient":""},"mobile":{"background-color":"var(--ast-global-color-5)","background-image":"","background-repeat":"repeat","background-position":"center center","background-size":"auto","background-attachment":"scroll","background-type":"","background-media":"","overlay-type":"","overlay-color":"","overlay-opacity":"","overlay-gradient":""}}},"product_brand":[],"product_cat":[44],"product_tag":[],"class_list":{"0":"post-2581","1":"product","2":"type-product","3":"status-publish","4":"has-post-thumbnail","6":"product_cat-copperbar","7":"desktop-align-left","8":"tablet-align-left","9":"mobile-align-left","10":"ast-product-gallery-layout-horizontal-slider","11":"ast-product-tabs-layout-horizontal","13":"first","14":"instock","15":"shipping-taxable","16":"product-type-simple"},"_links":{"self":[{"href":"https:\/\/uborsteel.com\/pt\/wp-json\/wp\/v2\/product\/2581","targetHints":{"allow":["GET"]}}],"collection":[{"href":"https:\/\/uborsteel.com\/pt\/wp-json\/wp\/v2\/product"}],"about":[{"href":"https:\/\/uborsteel.com\/pt\/wp-json\/wp\/v2\/types\/product"}],"replies":[{"embeddable":true,"href":"https:\/\/uborsteel.com\/pt\/wp-json\/wp\/v2\/comments?post=2581"}],"wp:featuredmedia":[{"embeddable":true,"href":"https:\/\/uborsteel.com\/pt\/wp-json\/wp\/v2\/media\/2586"}],"wp:attachment":[{"href":"https:\/\/uborsteel.com\/pt\/wp-json\/wp\/v2\/media?parent=2581"}],"wp:term":[{"taxonomy":"product_brand","embeddable":true,"href":"https:\/\/uborsteel.com\/pt\/wp-json\/wp\/v2\/product_brand?post=2581"},{"taxonomy":"product_cat","embeddable":true,"href":"https:\/\/uborsteel.com\/pt\/wp-json\/wp\/v2\/product_cat?post=2581"},{"taxonomy":"product_tag","embeddable":true,"href":"https:\/\/uborsteel.com\/pt\/wp-json\/wp\/v2\/product_tag?post=2581"}],"curies":[{"name":"wp","href":"https:\/\/api.w.org\/{rel}","templated":true}]}}