{"id":4131,"date":"2025-07-16T07:12:28","date_gmt":"2025-07-16T07:12:28","guid":{"rendered":"https:\/\/uborsteel.com\/?post_type=product&#038;p=4131"},"modified":"2025-07-21T02:31:40","modified_gmt":"2025-07-21T02:31:40","slug":"stainless-steel-square-tube","status":"publish","type":"product","link":"https:\/\/uborsteel.com\/fr\/produit\/stainless-steel-square-tube\/","title":{"rendered":"Stainless steel square tube"},"content":{"rendered":"<p>The characteristics of stainless steel square tubes mainly include the following aspects:<\/p>\n<p>Corrosion resistance: Stainless steel square tubes are made of high-quality stainless steel materials and can be used for a long time in various corrosive environments.<\/p>\n<p>High strength: Stainless steel square tubes have good strength and toughness and can withstand certain external loads.<\/p>\n<p>High temperature resistance: Stainless steel square tubes can work in high temperature environments without deformation or oxidation.<\/p>\n<p>Aesthetics: The surface of stainless steel square tubes is smooth and has no obvious defects, which is suitable for occasions that require a fine appearance.<\/p>\n<p>Easy processing: Stainless steel square tubes have good processability and are easy to cut, weld and install.<\/p>\n<p>Wear resistance: Stainless steel square tubes are not only corrosion-resistant and high-strength, but also wear-resistant and easy to clean. In some occasions that require frequent cleaning and disinfection, equipment, utensils, auxiliary accessories, etc. made of stainless steel square tubes have good cleaning performance, which can effectively prevent the reproduction and spread of microorganisms and meet the requirements of relevant health regulations.<\/p>\n<p>&nbsp;<\/p>\n<table>\n<tbody>\n<tr>\n<td>Product \u00a0 Name<\/td>\n<td>Stainless Steel Pipe\/Tube<\/td>\n<\/tr>\n<tr>\n<td>Standard<\/td>\n<td>ASTM,JIS,DIN,GB,AISI,DIN,EN<\/td>\n<\/tr>\n<tr>\n<td>Mat\u00e9riau<\/td>\n<td>201, 202, 301, 301L, 304, 304L, 316, 316L, 321, 310S, 904L, 410, 420J2, 430, 2205, 2507, 321H, 347, 347H, 403, 405, 409, 420, 430, 631, 904L, 305, 301L, 317, 317L, 309, 309S 310<\/td>\n<\/tr>\n<tr>\n<td>Technique<\/td>\n<td>Etir\u00e9 \u00e0 froid, lamin\u00e9 \u00e0 chaud, lamin\u00e9 \u00e0 froid et autres.<\/td>\n<\/tr>\n<tr>\n<td>Side shape<\/td>\n<td>Round, square, rectangular,etc.<\/td>\n<\/tr>\n<tr>\n<td>Outer \u00a0 Diameter<\/td>\n<td>20mm-1200mm \u00a0 or Customizable<\/td>\n<\/tr>\n<tr>\n<td>\u00c9paisseur<\/td>\n<td>6-3000mm or Customizable<\/td>\n<\/tr>\n<tr>\n<td>Longueur<\/td>\n<td>1-12m or Customizable<\/td>\n<\/tr>\n<tr>\n<td>Traitement de surface<\/td>\n<td>BA\/2B\/NO.1\/NO.3\/NO.4\/8K\/HL\/2D\/1D<\/td>\n<\/tr>\n<tr>\n<td>Type<\/td>\n<td>Seamless, Welded.<\/td>\n<\/tr>\n<tr>\n<td>Origine<\/td>\n<td>Chine<\/td>\n<\/tr>\n<tr>\n<td>Code SH<\/td>\n<td>7304319000<\/td>\n<\/tr>\n<tr>\n<td>D\u00e9lai de livraison<\/td>\n<td>{D\u00e9lai de livraison}<\/td>\n<\/tr>\n<tr>\n<td>Service apr\u00e8s-vente<\/td>\n<td>24 hours online.<\/td>\n<\/tr>\n<tr>\n<td>Capacit\u00e9 de production<\/td>\n<td>{Capacit\u00e9 de production}<\/td>\n<\/tr>\n<tr>\n<td>Price Terms<\/td>\n<td>EXW, FOB, CIF, CRF, CNF ou autres.<\/td>\n<\/tr>\n<tr>\n<td>Port de chargement<\/td>\n<td>{Port}<\/td>\n<\/tr>\n<tr>\n<td>Section \u00a0 Shape<\/td>\n<td>Round, Square, Rectangular, etc.<\/td>\n<\/tr>\n<tr>\n<td>D\u00e9lai de paiement<\/td>\n<td>TT, LC, Cash, Paypal, DP, DA, Western Union ou autres.<\/td>\n<\/tr>\n<tr>\n<td rowspan=\"3\">Application<\/td>\n<td>1. Vaisselle, armoires, canalisations int\u00e9rieures, chauffe-eau, chaudi\u00e8res, baignoires<\/td>\n<\/tr>\n<tr>\n<td>2.   Pi\u00e8ces automobiles<\/td>\n<\/tr>\n<tr>\n<td>3. \u00e9quipements m\u00e9dicaux, mat\u00e9riaux de construction, produits chimiques, industrie alimentaire, agriculture, composants de navires, etc.<\/td>\n<\/tr>\n<tr>\n<td>Emballage<\/td>\n<td>Emballage, sac en PVC, ceinture en nylon, serre-c\u00e2ble, emballage maritime standard pour l'exportation ou selon la demande.<\/td>\n<\/tr>\n<tr>\n<td>Service de traitement<\/td>\n<td>Pliage, soudage, d\u00e9cochage, poin\u00e7onnage, d\u00e9coupage et autres.<\/td>\n<\/tr>\n<tr>\n<td>Tol\u00e9rance<\/td>\n<td>\u00b11%<\/td>\n<\/tr>\n<tr>\n<td>MOQ<\/td>\n<td>{MOQ}<\/td>\n<\/tr>\n<\/tbody>\n<\/table>\n<p>&nbsp;<\/p>\n<p>&nbsp;<\/p>\n<h2><strong><b>Composition de l'acier inoxydable<\/b><\/strong><\/h2>\n<p>&nbsp;<\/p>\n<p>L'acier est un alliage de fer et de carbone. Les aciers inoxydables sont des aciers contenant au moins 10,5% de chrome, moins de 1,2% de carbone et d'autres \u00e9l\u00e9ments d'alliage. La r\u00e9sistance \u00e0 la corrosion de l'acier inoxydable et<\/p>\n<p>Les propri\u00e9t\u00e9s m\u00e9caniques peuvent \u00eatre encore am\u00e9lior\u00e9es par l'ajout d'autres \u00e9l\u00e9ments, tels que le nickel, le molybd\u00e8ne, le titane, le niobium, le mangan\u00e8se, etc.<\/p>\n<p>&nbsp;<\/p>\n<table>\n<tbody>\n<tr>\n<td>Grade<\/td>\n<td>C<\/td>\n<td>Si<\/td>\n<td>Mn<\/td>\n<td>P<\/td>\n<td>S<\/td>\n<td>Cr<\/td>\n<td>Ni<\/td>\n<td>Mo<\/td>\n<td>N<\/td>\n<td>Cu<\/td>\n<\/tr>\n<tr>\n<td>201<\/td>\n<td>\u22640.15<\/td>\n<td>\u22640.75<\/td>\n<td>5.5~7.5<\/td>\n<td>\u22640.060<\/td>\n<td>\u22640.03<\/td>\n<td>16.00~18.00<\/td>\n<td>3.5~5.5<\/td>\n<td>&#8211;<\/td>\n<td>&#8211;<\/td>\n<td>0.08<\/td>\n<\/tr>\n<tr>\n<td>202<\/td>\n<td>\u22640.15<\/td>\n<td>\u22641.00<\/td>\n<td>7.5~10.00<\/td>\n<td>\u22640.060<\/td>\n<td>\u22640.03<\/td>\n<td>17.00~19.00<\/td>\n<td>4.0~6.0<\/td>\n<td>&#8211;<\/td>\n<td>\u22640.25<\/td>\n<td><\/td>\n<\/tr>\n<tr>\n<td>301<\/td>\n<td>\u22640.15<\/td>\n<td>\u22641.00<\/td>\n<td>\u22642.00<\/td>\n<td>\u22640.045<\/td>\n<td>\u22640.03<\/td>\n<td>16.00~18.00<\/td>\n<td>6.00~8.00<\/td>\n<td>&#8211;<\/td>\n<td><\/td>\n<td><\/td>\n<\/tr>\n<tr>\n<td>302<\/td>\n<td>\u22640.15<\/td>\n<td>\u22641.00<\/td>\n<td>\u22642.00<\/td>\n<td>\u22640.035<\/td>\n<td>\u22640.03<\/td>\n<td>17.00~19.00<\/td>\n<td>8.00~10.00<\/td>\n<td>&#8211;<\/td>\n<td><\/td>\n<td><\/td>\n<\/tr>\n<tr>\n<td>304<\/td>\n<td>\u22640.07<\/td>\n<td>\u22641.00<\/td>\n<td>\u22642.00<\/td>\n<td>\u22640.045<\/td>\n<td>\u22640.03<\/td>\n<td>18.00~20.00<\/td>\n<td>8.00~10.50<\/td>\n<td>&#8211;<\/td>\n<td><\/td>\n<td><\/td>\n<\/tr>\n<tr>\n<td>304L<\/td>\n<td>\u22640.030<\/td>\n<td>\u22641.00<\/td>\n<td>\u22642.00<\/td>\n<td>\u22640.045<\/td>\n<td>\u22640.03<\/td>\n<td>18.00~20.00<\/td>\n<td>9.00~13.00<\/td>\n<td>&#8211;<\/td>\n<td><\/td>\n<td><\/td>\n<\/tr>\n<tr>\n<td>310S<\/td>\n<td>\u22640.08<\/td>\n<td>\u22641.00<\/td>\n<td>\u22642.00<\/td>\n<td>\u22640.045<\/td>\n<td>\u22640.03<\/td>\n<td>24.00~26.00<\/td>\n<td>19.00~22.00<\/td>\n<td>&#8211;<\/td>\n<td><\/td>\n<td><\/td>\n<\/tr>\n<tr>\n<td>316<\/td>\n<td>\u22640.08<\/td>\n<td>\u22641.00<\/td>\n<td>\u22642.00<\/td>\n<td>\u22640.045<\/td>\n<td>\u22640.03<\/td>\n<td>16.00~18.00<\/td>\n<td>10.00~14.00<\/td>\n<td>2.00~3.00<\/td>\n<td><\/td>\n<td><\/td>\n<\/tr>\n<tr>\n<td>316L<\/td>\n<td>\u22640.03<\/td>\n<td>\u22641.00<\/td>\n<td>\u22642.00<\/td>\n<td>\u22640.045<\/td>\n<td>\u22640.03<\/td>\n<td>16.00~18.00<\/td>\n<td>12.00~15.00<\/td>\n<td>2.00~3.00<\/td>\n<td><\/td>\n<td><\/td>\n<\/tr>\n<tr>\n<td>321<\/td>\n<td>\u22640.08<\/td>\n<td>\u22641.00<\/td>\n<td>\u22642.00<\/td>\n<td>\u22640.045<\/td>\n<td>\u22640.03<\/td>\n<td>17.00~19.00<\/td>\n<td>9.00~13.00<\/td>\n<td>&#8211;<\/td>\n<td><\/td>\n<td><\/td>\n<\/tr>\n<tr>\n<td>430<\/td>\n<td>\u22640.12<\/td>\n<td>\u22640.75<\/td>\n<td>\u22641.00<\/td>\n<td>\u22640.040<\/td>\n<td>\u22640.03<\/td>\n<td>16.00~18.00<\/td>\n<td><\/td>\n<td>&#8211;<\/td>\n<td><\/td>\n<td><\/td>\n<\/tr>\n<tr>\n<td>2205<\/td>\n<td>\u22640.03<\/td>\n<td>\u22641.00<\/td>\n<td>\u22642.00<\/td>\n<td>\u22640.030<\/td>\n<td>\u22640.015<\/td>\n<td>22.00~23.00<\/td>\n<td>4.5~6.5<\/td>\n<td>2.5~3.5<\/td>\n<td><\/td>\n<td><\/td>\n<\/tr>\n<tr>\n<td>2507<\/td>\n<td>\u22640.03<\/td>\n<td>\u22640.08<\/td>\n<td>\u22641.20<\/td>\n<td>\u22640.035<\/td>\n<td>\u22640.015<\/td>\n<td>24.00~26.00<\/td>\n<td>6.00~8.00<\/td>\n<td>3.0~5.0<\/td>\n<td><\/td>\n<td><\/td>\n<\/tr>\n<tr>\n<td>904L<\/td>\n<td>\u22640.02<\/td>\n<td>\u22641.00<\/td>\n<td>\u22642.00<\/td>\n<td>\u22640.045<\/td>\n<td>\u22640.035<\/td>\n<td>19.00~23.00<\/td>\n<td>23.00~28.00<\/td>\n<td>4.0~5.0<\/td>\n<td><\/td>\n<td>1.0~2.0<\/td>\n<\/tr>\n<tr>\n<td>INCONEL028<\/td>\n<td>\u22640.03<\/td>\n<td>\u22641.00<\/td>\n<td>\u22642.50<\/td>\n<td>\u22640.030<\/td>\n<td>\u22640.030<\/td>\n<td>\u226428.0<\/td>\n<td>\u226434.0<\/td>\n<td>\u22644.0<\/td>\n<td><\/td>\n<td>\u22641.4<\/td>\n<\/tr>\n<tr>\n<td>MONEL400<\/td>\n<td>\u22640.30<\/td>\n<td>\u22640.5<\/td>\n<td>\u22642.00<\/td>\n<td>&#8211;<\/td>\n<td>\u22640.024<\/td>\n<td>&#8211;<\/td>\n<td>\u226563.0<\/td>\n<td>&#8211;<\/td>\n<td><\/td>\n<td>\u226434.0<\/td>\n<\/tr>\n<tr>\n<td>INCONEL800<\/td>\n<td>\u22640.10<\/td>\n<td>\u22641.00<\/td>\n<td>\u22641.50<\/td>\n<td>&#8211;<\/td>\n<td>\u22640.015<\/td>\n<td>\u226423.0<\/td>\n<td>\u226435<\/td>\n<td>4.0~5.0<\/td>\n<td>&#8211;<\/td>\n<td>\u22640.75<\/td>\n<\/tr>\n<\/tbody>\n<\/table>\n<p>&nbsp;<\/p>\n<p><img alt=\"\" fetchpriority=\"high\" decoding=\"async\" class=\"wp-image-4430\" src=\"https:\/\/uborsteel.com\/wp-content\/uploads\/2025\/07\/66828e1b32b61df5b0408b1f1fb95af.jpg\" width=\"1047\" height=\"784\" srcset=\"https:\/\/uborsteel.com\/wp-content\/uploads\/2025\/07\/66828e1b32b61df5b0408b1f1fb95af.jpg 1673w, https:\/\/uborsteel.com\/wp-content\/uploads\/2025\/07\/66828e1b32b61df5b0408b1f1fb95af-300x225.jpg 300w, https:\/\/uborsteel.com\/wp-content\/uploads\/2025\/07\/66828e1b32b61df5b0408b1f1fb95af-1024x768.jpg 1024w, https:\/\/uborsteel.com\/wp-content\/uploads\/2025\/07\/66828e1b32b61df5b0408b1f1fb95af-768x576.jpg 768w, https:\/\/uborsteel.com\/wp-content\/uploads\/2025\/07\/66828e1b32b61df5b0408b1f1fb95af-1536x1151.jpg 1536w, https:\/\/uborsteel.com\/wp-content\/uploads\/2025\/07\/66828e1b32b61df5b0408b1f1fb95af-16x12.jpg 16w, https:\/\/uborsteel.com\/wp-content\/uploads\/2025\/07\/66828e1b32b61df5b0408b1f1fb95af-600x450.jpg 600w\" sizes=\"(max-width: 1047px) 100vw, 1047px\" \/><\/p>\n<p><img alt=\"\" decoding=\"async\" class=\"wp-image-4431\" src=\"https:\/\/uborsteel.com\/wp-content\/uploads\/2025\/07\/52ce01e85e676b66ca139917a5b9fd8.jpg\" width=\"1044\" height=\"783\" srcset=\"https:\/\/uborsteel.com\/wp-content\/uploads\/2025\/07\/52ce01e85e676b66ca139917a5b9fd8.jpg 1727w, https:\/\/uborsteel.com\/wp-content\/uploads\/2025\/07\/52ce01e85e676b66ca139917a5b9fd8-300x225.jpg 300w, https:\/\/uborsteel.com\/wp-content\/uploads\/2025\/07\/52ce01e85e676b66ca139917a5b9fd8-1024x768.jpg 1024w, https:\/\/uborsteel.com\/wp-content\/uploads\/2025\/07\/52ce01e85e676b66ca139917a5b9fd8-768x576.jpg 768w, https:\/\/uborsteel.com\/wp-content\/uploads\/2025\/07\/52ce01e85e676b66ca139917a5b9fd8-1536x1152.jpg 1536w, https:\/\/uborsteel.com\/wp-content\/uploads\/2025\/07\/52ce01e85e676b66ca139917a5b9fd8-16x12.jpg 16w, https:\/\/uborsteel.com\/wp-content\/uploads\/2025\/07\/52ce01e85e676b66ca139917a5b9fd8-600x450.jpg 600w\" sizes=\"(max-width: 1044px) 100vw, 1044px\" \/><\/p>","protected":false},"excerpt":{"rendered":"<p>Stainless steel square tube is a hollow long steel strip, because the cross section is square so it is called square tube. It is widely used as a pipeline for conveying fluids, such as oil, natural gas, water, gas, steam, etc. In addition, when the bending and torsional strength are the same, the weight is lighter, so it is also widely used in the manufacture of mechanical parts and engineering structures. Classification of stainless steel square tube: Square tube is divided into two categories: seamless steel tube and welded steel tube (seam tube). According to the cross-sectional shape, it can be divided into square and rectangular tubes.<\/p>","protected":false},"featured_media":3676,"comment_status":"closed","ping_status":"closed","template":"","meta":{"_seopress_robots_primary_cat":"none","_seopress_titles_title":"","_seopress_titles_desc":"","_seopress_robots_index":"","site-sidebar-layout":"default","site-content-layout":"","ast-site-content-layout":"default","site-content-style":"default","site-sidebar-style":"default","ast-global-header-display":"","ast-banner-title-visibility":"","ast-main-header-display":"","ast-hfb-above-header-display":"","ast-hfb-below-header-display":"","ast-hfb-mobile-header-display":"","site-post-title":"","ast-breadcrumbs-content":"","ast-featured-img":"","footer-sml-layout":"","theme-transparent-header-meta":"default","adv-header-id-meta":"","stick-header-meta":"default","header-above-stick-meta":"","header-main-stick-meta":"","header-below-stick-meta":"","astra-migrate-meta-layouts":"set","ast-page-background-enabled":"default","ast-page-background-meta":{"desktop":{"background-color":"var(--ast-global-color-4)","background-image":"","background-repeat":"repeat","background-position":"center center","background-size":"auto","background-attachment":"scroll","background-type":"","background-media":"","overlay-type":"","overlay-color":"","overlay-opacity":"","overlay-gradient":""},"tablet":{"background-color":"","background-image":"","background-repeat":"repeat","background-position":"center center","background-size":"auto","background-attachment":"scroll","background-type":"","background-media":"","overlay-type":"","overlay-color":"","overlay-opacity":"","overlay-gradient":""},"mobile":{"background-color":"","background-image":"","background-repeat":"repeat","background-position":"center center","background-size":"auto","background-attachment":"scroll","background-type":"","background-media":"","overlay-type":"","overlay-color":"","overlay-opacity":"","overlay-gradient":""}},"ast-content-background-meta":{"desktop":{"background-color":"var(--ast-global-color-5)","background-image":"","background-repeat":"repeat","background-position":"center center","background-size":"auto","background-attachment":"scroll","background-type":"","background-media":"","overlay-type":"","overlay-color":"","overlay-opacity":"","overlay-gradient":""},"tablet":{"background-color":"var(--ast-global-color-5)","background-image":"","background-repeat":"repeat","background-position":"center center","background-size":"auto","background-attachment":"scroll","background-type":"","background-media":"","overlay-type":"","overlay-color":"","overlay-opacity":"","overlay-gradient":""},"mobile":{"background-color":"var(--ast-global-color-5)","background-image":"","background-repeat":"repeat","background-position":"center center","background-size":"auto","background-attachment":"scroll","background-type":"","background-media":"","overlay-type":"","overlay-color":"","overlay-opacity":"","overlay-gradient":""}}},"product_brand":[],"product_cat":[31],"product_tag":[],"class_list":{"0":"post-4131","1":"product","2":"type-product","3":"status-publish","4":"has-post-thumbnail","6":"product_cat-stainlesssteelpipe","7":"desktop-align-left","8":"tablet-align-left","9":"mobile-align-left","10":"ast-product-gallery-layout-horizontal-slider","11":"ast-product-tabs-layout-horizontal","13":"first","14":"instock","15":"shipping-taxable","16":"product-type-simple"},"_links":{"self":[{"href":"https:\/\/uborsteel.com\/fr\/wp-json\/wp\/v2\/product\/4131","targetHints":{"allow":["GET"]}}],"collection":[{"href":"https:\/\/uborsteel.com\/fr\/wp-json\/wp\/v2\/product"}],"about":[{"href":"https:\/\/uborsteel.com\/fr\/wp-json\/wp\/v2\/types\/product"}],"replies":[{"embeddable":true,"href":"https:\/\/uborsteel.com\/fr\/wp-json\/wp\/v2\/comments?post=4131"}],"wp:featuredmedia":[{"embeddable":true,"href":"https:\/\/uborsteel.com\/fr\/wp-json\/wp\/v2\/media\/3676"}],"wp:attachment":[{"href":"https:\/\/uborsteel.com\/fr\/wp-json\/wp\/v2\/media?parent=4131"}],"wp:term":[{"taxonomy":"product_brand","embeddable":true,"href":"https:\/\/uborsteel.com\/fr\/wp-json\/wp\/v2\/product_brand?post=4131"},{"taxonomy":"product_cat","embeddable":true,"href":"https:\/\/uborsteel.com\/fr\/wp-json\/wp\/v2\/product_cat?post=4131"},{"taxonomy":"product_tag","embeddable":true,"href":"https:\/\/uborsteel.com\/fr\/wp-json\/wp\/v2\/product_tag?post=4131"}],"curies":[{"name":"wp","href":"https:\/\/api.w.org\/{rel}","templated":true}]}}