{"id":4095,"date":"2025-07-15T06:43:56","date_gmt":"2025-07-15T06:43:56","guid":{"rendered":"https:\/\/uborsteel.com\/?post_type=product&#038;p=4095"},"modified":"2025-07-21T06:56:59","modified_gmt":"2025-07-21T06:56:59","slug":"ss-304l-stainless-steel-bar-bars","status":"publish","type":"product","link":"https:\/\/uborsteel.com\/fr\/produit\/ss-304l-stainless-steel-bar-bars\/","title":{"rendered":"SS 304L Stainless steel bar bars"},"content":{"rendered":"<p>SS304L stainless steel bar is a low-carbon 304 stainless steel with the following characteristics:<\/p>\n<p>Corrosion resistance: In general, the corrosion resistance of SS304L is similar to that of 304, but after welding or stress relief, its resistance to intergranular corrosion is better. This makes it more durable in corrosive environments.<\/p>\n<p>Low-temperature carbon content: Due to its low carbon content, SS304L is not prone to carbide precipitation during welding, which reduces the risk of intergranular corrosion and improves the corrosion resistance of the material.<\/p>\n<p>Good mechanical properties: SS304L stainless steel bar has good corrosion resistance, heat resistance, low-temperature strength and mechanical properties. It performs well in hot processing such as stamping and bending, and has no heat treatment hardening phenomenon.<\/p>\n<p>Easy processing: SS304L stainless steel bar has good plasticity and toughness under cold processing conditions, suitable for sheet metal processing, machining, welding and other processes, and suitable for manufacturing products with complex shapes.<\/p>\n<p>Wide range of applications: SS304L stainless steel bar is widely used in construction, industry, food, medicine and other fields. Its corrosion resistance and mechanical properties make it an ideal material for manufacturing stainless steel pipes, stainless steel plates, stainless steel rods, stainless steel wires and other products.<\/p>\n<p>&nbsp;<\/p>\n<table border=\"1\" cellspacing=\"0\" cellpadding=\"0\">\n<colgroup class=\"\">\n<col width=\"64\" \/>\n<col width=\"262\" \/><\/colgroup>\n<tbody class=\"\">\n<tr class=\"firstRow\" align=\"center\" valign=\"center\" data-rows=\"1\" data-type=\"even\">\n<td data-col=\"1\">Product \u00a0 Name<\/td>\n<td>Barre en acier inoxydable<\/td>\n<\/tr>\n<tr align=\"center\" valign=\"center\" data-type=\"odd\">\n<td data-col=\"1\">Standard<\/td>\n<td>ASTM,JIS,DIN,GB,AISI,DIN,EN<\/td>\n<\/tr>\n<tr align=\"center\" valign=\"center\" data-type=\"even\">\n<td data-col=\"1\">Mat\u00e9riau<\/td>\n<td>201, 202, 301, 301L, 304, 304L, 316, 316L, 321, 310S, 904L, 410, 420J2, 430, 2205, 2507, 321H, 347, 347H, 403, 405, 409, 420, 430, 631, 904L, 305, 301L, 317, 317L, 309, 309S 310<\/td>\n<\/tr>\n<tr align=\"center\" valign=\"center\" data-type=\"odd\">\n<td data-col=\"1\">Technique<\/td>\n<td>Etir\u00e9 \u00e0 froid, lamin\u00e9 \u00e0 chaud, lamin\u00e9 \u00e0 froid et autres.<\/td>\n<\/tr>\n<tr align=\"center\" valign=\"center\" data-type=\"even\">\n<td data-col=\"1\">Diameter<\/td>\n<td>6-12mm ou personnalisable<\/td>\n<\/tr>\n<tr align=\"center\" valign=\"center\" data-type=\"odd\">\n<td data-col=\"1\">Longueur<\/td>\n<td>1000 &#8211; 6000mm or Customizable<\/td>\n<\/tr>\n<tr align=\"center\" valign=\"center\" data-type=\"even\">\n<td data-col=\"1\">Traitement de surface<\/td>\n<td>BA\/2B\/NO.1\/NO.3\/NO.4\/8K\/HL\/2D\/1D<\/td>\n<\/tr>\n<tr align=\"center\" valign=\"center\" data-type=\"odd\">\n<td data-col=\"1\">Origine<\/td>\n<td>Chine<\/td>\n<\/tr>\n<tr align=\"center\" valign=\"center\" data-type=\"even\">\n<td data-col=\"1\">Code SH<\/td>\n<td>7220204000<\/td>\n<\/tr>\n<tr align=\"center\" valign=\"center\" data-type=\"odd\">\n<td data-col=\"1\">D\u00e9lai de livraison<\/td>\n<td>{D\u00e9lai de livraison}<\/td>\n<\/tr>\n<tr align=\"center\" valign=\"center\" data-type=\"even\">\n<td data-col=\"1\">Service apr\u00e8s-vente<\/td>\n<td>24 heures en ligne<\/td>\n<\/tr>\n<tr align=\"center\" valign=\"center\" data-type=\"odd\">\n<td data-col=\"1\">Capacit\u00e9 de production<\/td>\n<td>{Capacit\u00e9 de production}<\/td>\n<\/tr>\n<tr align=\"center\" valign=\"center\" data-type=\"even\">\n<td data-col=\"1\">Conditions de prix<\/td>\n<td>EXW, FOB, CIF, CRF, CNF or \u00a0 others<\/td>\n<\/tr>\n<tr align=\"center\" valign=\"center\" data-type=\"odd\">\n<td data-col=\"1\">Port de chargement<\/td>\n<td>{Port}<\/td>\n<\/tr>\n<tr align=\"center\" valign=\"center\" data-type=\"even\">\n<td data-col=\"1\">D\u00e9lai de paiement<\/td>\n<td>TT, LC, Cash, Paypal, DP, DA, \u00a0 Western Union or Others.<\/td>\n<\/tr>\n<tr align=\"center\" valign=\"center\" data-type=\"odd\">\n<td rowspan=\"3\" data-col=\"1\">Application<\/td>\n<td>1. Vaisselle, armoires, canalisations int\u00e9rieures, chauffe-eau, chaudi\u00e8res, baignoires<\/td>\n<\/tr>\n<tr align=\"center\" valign=\"center\" data-type=\"even\">\n<td data-col=\"1\">2.   Pi\u00e8ces automobiles<\/td>\n<\/tr>\n<tr align=\"center\" valign=\"center\" data-type=\"odd\">\n<td data-col=\"1\">3. \u00e9quipements m\u00e9dicaux, mat\u00e9riaux de construction, produits chimiques, industrie alimentaire, agriculture, composants de navires, etc.<\/td>\n<\/tr>\n<tr align=\"center\" valign=\"center\" data-type=\"even\">\n<td data-col=\"1\">Emballage<\/td>\n<td>Emballage, sac en PVC, ceinture en nylon, serre-c\u00e2ble, emballage maritime standard pour l'exportation ou selon la demande.<\/td>\n<\/tr>\n<tr align=\"center\" valign=\"center\" data-type=\"odd\">\n<td data-col=\"1\">Service de traitement<\/td>\n<td>Pliage, soudage, d\u00e9cochage, poin\u00e7onnage, d\u00e9coupage et autres.<\/td>\n<\/tr>\n<tr align=\"center\" valign=\"center\" data-type=\"even\">\n<td data-col=\"1\">Tol\u00e9rance<\/td>\n<td>\u00b11%<\/td>\n<\/tr>\n<tr align=\"center\" valign=\"center\" data-type=\"odd\">\n<td data-col=\"1\">MOQ<\/td>\n<td>{MOQ}<\/td>\n<\/tr>\n<\/tbody>\n<\/table>\n<p><strong>Composition de l'acier inoxydable<\/strong><\/p>\n<p>L'acier est un alliage de fer et de carbone. Les aciers inoxydables sont des aciers contenant au moins 10,5% de chrome, moins de 1,2% de carbone et d'autres \u00e9l\u00e9ments d'alliage. La r\u00e9sistance \u00e0 la corrosion de l'acier inoxydable et<\/p>\n<p>Les propri\u00e9t\u00e9s m\u00e9caniques peuvent \u00eatre encore am\u00e9lior\u00e9es par l'ajout d'autres \u00e9l\u00e9ments, tels que le nickel, le molybd\u00e8ne, le titane, le niobium, le mangan\u00e8se, etc.<\/p>\n<table border=\"1\" cellspacing=\"0\" cellpadding=\"0\">\n<tbody class=\"\">\n<tr class=\"firstRow\" align=\"center\" valign=\"center\" data-rows=\"1\" data-type=\"even\">\n<td data-col=\"1\">Grade<\/td>\n<td>C<\/td>\n<td>Si<\/td>\n<td>Mn<\/td>\n<td>P<\/td>\n<td>S<\/td>\n<td>Cr<\/td>\n<td>Ni<\/td>\n<td>Mo<\/td>\n<td>N<\/td>\n<td>Cu<\/td>\n<\/tr>\n<tr align=\"center\" valign=\"center\" data-type=\"odd\">\n<td data-col=\"1\">201<\/td>\n<td>\u22640.15<\/td>\n<td>\u22640.75<\/td>\n<td>5.5~7.5<\/td>\n<td>\u22640.060<\/td>\n<td>\u22640.03<\/td>\n<td>16.00~18.00<\/td>\n<td>3.5~5.5<\/td>\n<td>&#8211;<\/td>\n<td>&#8211;<\/td>\n<td>0.08<\/td>\n<\/tr>\n<tr align=\"center\" valign=\"center\" data-type=\"even\">\n<td data-col=\"1\">202<\/td>\n<td>\u22640.15<\/td>\n<td>\u22641.00<\/td>\n<td>7.5~10.00<\/td>\n<td>\u22640.060<\/td>\n<td>\u22640.03<\/td>\n<td>17.00~19.00<\/td>\n<td>4.0~6.0<\/td>\n<td>&#8211;<\/td>\n<td>\u22640.25<\/td>\n<td><\/td>\n<\/tr>\n<tr align=\"center\" valign=\"center\" data-type=\"odd\">\n<td data-col=\"1\">301<\/td>\n<td>\u22640.15<\/td>\n<td>\u22641.00<\/td>\n<td>\u22642.00<\/td>\n<td>\u22640.045<\/td>\n<td>\u22640.03<\/td>\n<td>16.00~18.00<\/td>\n<td>6.00~8.00<\/td>\n<td>&#8211;<\/td>\n<td><\/td>\n<td><\/td>\n<\/tr>\n<tr align=\"center\" valign=\"center\" data-type=\"even\">\n<td data-col=\"1\">302<\/td>\n<td>\u22640.15<\/td>\n<td>\u22641.00<\/td>\n<td>\u22642.00<\/td>\n<td>\u22640.035<\/td>\n<td>\u22640.03<\/td>\n<td>17.00~19.00<\/td>\n<td>8.00~10.00<\/td>\n<td>&#8211;<\/td>\n<td><\/td>\n<td><\/td>\n<\/tr>\n<tr align=\"center\" valign=\"center\" data-type=\"odd\">\n<td data-col=\"1\">304<\/td>\n<td>\u22640.07<\/td>\n<td>\u22641.00<\/td>\n<td>\u22642.00<\/td>\n<td>\u22640.045<\/td>\n<td>\u22640.03<\/td>\n<td>18.00~20.00<\/td>\n<td>8.00~10.50<\/td>\n<td>&#8211;<\/td>\n<td><\/td>\n<td><\/td>\n<\/tr>\n<tr align=\"center\" valign=\"center\" data-type=\"even\">\n<td data-col=\"1\">304L<\/td>\n<td>\u22640.030<\/td>\n<td>\u22641.00<\/td>\n<td>\u22642.00<\/td>\n<td>\u22640.045<\/td>\n<td>\u22640.03<\/td>\n<td>18.00~20.00<\/td>\n<td>9.00~13.00<\/td>\n<td>&#8211;<\/td>\n<td><\/td>\n<td><\/td>\n<\/tr>\n<tr align=\"center\" valign=\"center\" data-type=\"odd\">\n<td data-col=\"1\">310S<\/td>\n<td>\u22640.08<\/td>\n<td>\u22641.00<\/td>\n<td>\u22642.00<\/td>\n<td>\u22640.045<\/td>\n<td>\u22640.03<\/td>\n<td>24.00~26.00<\/td>\n<td>19.00~22.00<\/td>\n<td>&#8211;<\/td>\n<td><\/td>\n<td><\/td>\n<\/tr>\n<tr align=\"center\" valign=\"center\" data-type=\"even\">\n<td data-col=\"1\">316<\/td>\n<td>\u22640.08<\/td>\n<td>\u22641.00<\/td>\n<td>\u22642.00<\/td>\n<td>\u22640.045<\/td>\n<td>\u22640.03<\/td>\n<td>16.00~18.00<\/td>\n<td>10.00~14.00<\/td>\n<td>2.00~3.00<\/td>\n<td><\/td>\n<td><\/td>\n<\/tr>\n<tr align=\"center\" valign=\"center\" data-type=\"odd\">\n<td data-col=\"1\">316L<\/td>\n<td>\u22640.03<\/td>\n<td>\u22641.00<\/td>\n<td>\u22642.00<\/td>\n<td>\u22640.045<\/td>\n<td>\u22640.03<\/td>\n<td>16.00~18.00<\/td>\n<td>12.00~15.00<\/td>\n<td>2.00~3.00<\/td>\n<td><\/td>\n<td><\/td>\n<\/tr>\n<tr align=\"center\" valign=\"center\" data-type=\"even\">\n<td data-col=\"1\">321<\/td>\n<td>\u22640.08<\/td>\n<td>\u22641.00<\/td>\n<td>\u22642.00<\/td>\n<td>\u22640.045<\/td>\n<td>\u22640.03<\/td>\n<td>17.00~19.00<\/td>\n<td>9.00~13.00<\/td>\n<td>&#8211;<\/td>\n<td><\/td>\n<td><\/td>\n<\/tr>\n<tr align=\"center\" valign=\"center\" data-type=\"odd\">\n<td data-col=\"1\">430<\/td>\n<td>\u22640.12<\/td>\n<td>\u22640.75<\/td>\n<td>\u22641.00<\/td>\n<td>\u22640.040<\/td>\n<td>\u22640.03<\/td>\n<td>16.00~18.00<\/td>\n<td><\/td>\n<td>&#8211;<\/td>\n<td><\/td>\n<td><\/td>\n<\/tr>\n<tr align=\"center\" valign=\"center\" data-type=\"even\">\n<td data-col=\"1\">2205<\/td>\n<td>\u22640.03<\/td>\n<td>\u22641.00<\/td>\n<td>\u22642.00<\/td>\n<td>\u22640.030<\/td>\n<td>\u22640.015<\/td>\n<td>22.00~23.00<\/td>\n<td>4.5~6.5<\/td>\n<td>2.5~3.5<\/td>\n<td><\/td>\n<td><\/td>\n<\/tr>\n<tr align=\"center\" valign=\"center\" data-type=\"odd\">\n<td data-col=\"1\">2507<\/td>\n<td>\u22640.03<\/td>\n<td>\u22640.08<\/td>\n<td>\u22641.20<\/td>\n<td>\u22640.035<\/td>\n<td>\u22640.015<\/td>\n<td>24.00~26.00<\/td>\n<td>6.00~8.00<\/td>\n<td>3.0~5.0<\/td>\n<td><\/td>\n<td><\/td>\n<\/tr>\n<tr align=\"center\" valign=\"center\" data-type=\"even\">\n<td data-col=\"1\">904L<\/td>\n<td>\u22640.02<\/td>\n<td>\u22641.00<\/td>\n<td>\u22642.00<\/td>\n<td>\u22640.045<\/td>\n<td>\u22640.035<\/td>\n<td>19.00~23.00<\/td>\n<td>23.00~28.00<\/td>\n<td>4.0~5.0<\/td>\n<td><\/td>\n<td>1.0~2.0<\/td>\n<\/tr>\n<tr align=\"center\" valign=\"center\" data-type=\"odd\">\n<td data-col=\"1\">INCONEL028<\/td>\n<td>\u22640.03<\/td>\n<td>\u22641.00<\/td>\n<td>\u22642.50<\/td>\n<td>\u22640.030<\/td>\n<td>\u22640.030<\/td>\n<td>\u226428.0<\/td>\n<td>\u226434.0<\/td>\n<td>\u22644.0<\/td>\n<td><\/td>\n<td>\u22641.4<\/td>\n<\/tr>\n<tr align=\"center\" valign=\"center\" data-type=\"even\">\n<td data-col=\"1\">MONEL400<\/td>\n<td>\u22640.30<\/td>\n<td>\u22640.5<\/td>\n<td>\u22642.00<\/td>\n<td>&#8211;<\/td>\n<td>\u22640.024<\/td>\n<td>&#8211;<\/td>\n<td>\u226563.0<\/td>\n<td>&#8211;<\/td>\n<td><\/td>\n<td>\u226434.0<\/td>\n<\/tr>\n<tr align=\"center\" valign=\"center\" data-type=\"odd\">\n<td data-col=\"1\">INCONEL800<\/td>\n<td>\u22640.10<\/td>\n<td>\u22641.00<\/td>\n<td>\u22641.50<\/td>\n<td>&#8211;<\/td>\n<td>\u22640.015<\/td>\n<td>\u226423.0<\/td>\n<td>\u226435<\/td>\n<td>4.0~5.0<\/td>\n<td>&#8211;<\/td>\n<td>\u22640.75<\/td>\n<\/tr>\n<\/tbody>\n<\/table>\n<div>\u00a0 \u00a0 \u00a0 \u00a0 \u00a0 \u00a0 \u00a0 \u00a0 \u00a0 \u00a0<img fetchpriority=\"high\" decoding=\"async\" class=\"bujuA\" title=\"Stainless-Steel--Ba.jpg\" src=\"https:\/\/img.bjyyb.net\/sites\/89500\/89736\/1726628871694865610309054464.jpg@!w400\" alt=\"Stainless-Steel--Ba.jpg\" width=\"1198\" height=\"741\" data-id=\"15118862\" data-suffix=\"@5h_8w_2e.gif\" data-original=\"https:\/\/img.bjyyb.net\/sites\/89500\/89736\/1726628871694865610309054464.jpg@!w400\" \/><\/div>\n<div>\u00a0 \u00a0 \u00a0 \u00a0 \u00a0 \u00a0 \u00a0 \u00a0 \u00a0 \u00a0<img decoding=\"async\" class=\"bujuA\" title=\"rod.jpg\" src=\"https:\/\/img.bjyyb.net\/sites\/89500\/89736\/1726631308694875830900961280.jpg@!w400\" alt=\"rod.jpg\" data-id=\"15119054\" data-suffix=\"@5h_8w_2e.gif\" data-original=\"https:\/\/img.bjyyb.net\/sites\/89500\/89736\/1726631308694875830900961280.jpg@!w400\" \/><\/div>","protected":false},"excerpt":{"rendered":"<p>SS304L stainless steel bar is a stainless steel material with excellent corrosion resistance, high strength and easy processing. It is suitable for manufacturing high-requirement corrosion-resistant equipment and parts. Its low carbon content makes it have better resistance to intergranular corrosion after welding and is widely used in many fields.<\/p>","protected":false},"featured_media":3664,"comment_status":"closed","ping_status":"closed","template":"","meta":{"_seopress_robots_primary_cat":"none","_seopress_titles_title":"","_seopress_titles_desc":"","_seopress_robots_index":"","site-sidebar-layout":"default","site-content-layout":"","ast-site-content-layout":"default","site-content-style":"default","site-sidebar-style":"default","ast-global-header-display":"","ast-banner-title-visibility":"","ast-main-header-display":"","ast-hfb-above-header-display":"","ast-hfb-below-header-display":"","ast-hfb-mobile-header-display":"","site-post-title":"","ast-breadcrumbs-content":"","ast-featured-img":"","footer-sml-layout":"","theme-transparent-header-meta":"default","adv-header-id-meta":"","stick-header-meta":"default","header-above-stick-meta":"","header-main-stick-meta":"","header-below-stick-meta":"","astra-migrate-meta-layouts":"set","ast-page-background-enabled":"default","ast-page-background-meta":{"desktop":{"background-color":"var(--ast-global-color-4)","background-image":"","background-repeat":"repeat","background-position":"center center","background-size":"auto","background-attachment":"scroll","background-type":"","background-media":"","overlay-type":"","overlay-color":"","overlay-opacity":"","overlay-gradient":""},"tablet":{"background-color":"","background-image":"","background-repeat":"repeat","background-position":"center center","background-size":"auto","background-attachment":"scroll","background-type":"","background-media":"","overlay-type":"","overlay-color":"","overlay-opacity":"","overlay-gradient":""},"mobile":{"background-color":"","background-image":"","background-repeat":"repeat","background-position":"center center","background-size":"auto","background-attachment":"scroll","background-type":"","background-media":"","overlay-type":"","overlay-color":"","overlay-opacity":"","overlay-gradient":""}},"ast-content-background-meta":{"desktop":{"background-color":"var(--ast-global-color-5)","background-image":"","background-repeat":"repeat","background-position":"center center","background-size":"auto","background-attachment":"scroll","background-type":"","background-media":"","overlay-type":"","overlay-color":"","overlay-opacity":"","overlay-gradient":""},"tablet":{"background-color":"var(--ast-global-color-5)","background-image":"","background-repeat":"repeat","background-position":"center center","background-size":"auto","background-attachment":"scroll","background-type":"","background-media":"","overlay-type":"","overlay-color":"","overlay-opacity":"","overlay-gradient":""},"mobile":{"background-color":"var(--ast-global-color-5)","background-image":"","background-repeat":"repeat","background-position":"center center","background-size":"auto","background-attachment":"scroll","background-type":"","background-media":"","overlay-type":"","overlay-color":"","overlay-opacity":"","overlay-gradient":""}}},"product_brand":[],"product_cat":[49],"product_tag":[],"class_list":{"0":"post-4095","1":"product","2":"type-product","3":"status-publish","4":"has-post-thumbnail","6":"product_cat-tainlesssteelbar","7":"desktop-align-left","8":"tablet-align-left","9":"mobile-align-left","10":"ast-product-gallery-layout-horizontal-slider","11":"ast-product-tabs-layout-horizontal","13":"first","14":"instock","15":"shipping-taxable","16":"product-type-simple"},"_links":{"self":[{"href":"https:\/\/uborsteel.com\/fr\/wp-json\/wp\/v2\/product\/4095","targetHints":{"allow":["GET"]}}],"collection":[{"href":"https:\/\/uborsteel.com\/fr\/wp-json\/wp\/v2\/product"}],"about":[{"href":"https:\/\/uborsteel.com\/fr\/wp-json\/wp\/v2\/types\/product"}],"replies":[{"embeddable":true,"href":"https:\/\/uborsteel.com\/fr\/wp-json\/wp\/v2\/comments?post=4095"}],"wp:featuredmedia":[{"embeddable":true,"href":"https:\/\/uborsteel.com\/fr\/wp-json\/wp\/v2\/media\/3664"}],"wp:attachment":[{"href":"https:\/\/uborsteel.com\/fr\/wp-json\/wp\/v2\/media?parent=4095"}],"wp:term":[{"taxonomy":"product_brand","embeddable":true,"href":"https:\/\/uborsteel.com\/fr\/wp-json\/wp\/v2\/product_brand?post=4095"},{"taxonomy":"product_cat","embeddable":true,"href":"https:\/\/uborsteel.com\/fr\/wp-json\/wp\/v2\/product_cat?post=4095"},{"taxonomy":"product_tag","embeddable":true,"href":"https:\/\/uborsteel.com\/fr\/wp-json\/wp\/v2\/product_tag?post=4095"}],"curies":[{"name":"wp","href":"https:\/\/api.w.org\/{rel}","templated":true}]}}