{"id":3708,"date":"2025-07-08T01:23:17","date_gmt":"2025-07-08T01:23:17","guid":{"rendered":"https:\/\/uborsteel.com\/?post_type=product&#038;p=3708"},"modified":"2025-07-21T04:00:36","modified_gmt":"2025-07-21T04:00:36","slug":"409-stainless-steel-plate","status":"publish","type":"product","link":"https:\/\/uborsteel.com\/fr\/produit\/409-stainless-steel-plate\/","title":{"rendered":"409 stainless steel plate sheet"},"content":{"rendered":"<p>Corrosion resistance<br \/>\nAlthough the corrosion resistance of 409 stainless steel is not as good as that of austenitic stainless steel such as 304 stainless steel, it performs relatively well in high temperature and oxidizing environments. Appropriate protective measures can effectively extend its service life.<\/p>\n<p>Thermal stability<br \/>\n409 stainless steel has good thermal stability and can maintain stable performance in high temperature environments. This makes it widely used in high temperature environments such as automotive exhaust systems.<\/p>\n<p>Weldability<br \/>\n409 stainless steel has good weldability and is suitable for various welding processes. After welding, the strength and toughness of the material can still be maintained at a high level.<\/p>\n<p>Cost advantage<br \/>\nCompared with other types of stainless steel, the production cost of 409 stainless steel is relatively low, so in some cost-sensitive fields, 409 stainless steel has become a good choice.<\/p>\n<table style=\"font-size: 16px; font-style: normal;\">\n<tbody>\n<tr>\n<td>Product \u00a0 Name<\/td>\n<td>Stainless Steel Plate\/Sheet<\/td>\n<\/tr>\n<tr>\n<td>Standard<\/td>\n<td>ASTM,JIS,DIN,GB,AISI,DIN,EN<\/td>\n<\/tr>\n<tr>\n<td>Mat\u00e9riau<\/td>\n<td>201, 202, 301, 301L, 304, 304L, 316, 316L, 321, 310S, 904L, 410, 420J2, 430, 2205, 2507, 321H, 347, 347H, 403, 405, 409, 420, 430, 631, 904L, 305, 301L, 317, 317L, 309, 309S 310<\/td>\n<\/tr>\n<tr>\n<td>Technique<\/td>\n<td>Etir\u00e9 \u00e0 froid, lamin\u00e9 \u00e0 chaud, lamin\u00e9 \u00e0 froid et autres.<\/td>\n<\/tr>\n<tr>\n<td>Largeur<\/td>\n<td>6-12mm ou personnalisable<\/td>\n<\/tr>\n<tr>\n<td>\u00c9paisseur<\/td>\n<td>1-120mm or Customizable<\/td>\n<\/tr>\n<tr>\n<td>Longueur<\/td>\n<td>1000 &#8211; 6000mm or Customizable<\/td>\n<\/tr>\n<tr>\n<td>Traitement de surface<\/td>\n<td>BA\/2B\/NO.1\/NO.3\/NO.4\/8K\/HL\/2D\/1D<\/td>\n<\/tr>\n<tr>\n<td>Origine<\/td>\n<td>Chine<\/td>\n<\/tr>\n<tr>\n<td>Code SH<\/td>\n<td>7211190000<\/td>\n<\/tr>\n<tr>\n<td>D\u00e9lai de livraison<\/td>\n<td>{D\u00e9lai de livraison}<\/td>\n<\/tr>\n<tr>\n<td>Service apr\u00e8s-vente<\/td>\n<td>24 heures en ligne<\/td>\n<\/tr>\n<tr>\n<td>Capacit\u00e9 de production<\/td>\n<td>{Capacit\u00e9 de production}<\/td>\n<\/tr>\n<tr>\n<td>Conditions de prix<\/td>\n<td>EXW, FOB, CIF, CRF, CNF or \u00a0 Others<\/td>\n<\/tr>\n<tr>\n<td>Port de chargement<\/td>\n<td>{Port}<\/td>\n<\/tr>\n<tr>\n<td>D\u00e9lai de paiement<\/td>\n<td>TT, LC, Cash, Paypal, DP, DA, Western Union ou autres.<\/td>\n<\/tr>\n<tr>\n<td rowspan=\"8\">Application<\/td>\n<td>1. Architectural decoration. \u00a0 Such as exterior walls, curtain walls, ceilings, stair handrails, doors and \u00a0 windows, etc.<\/td>\n<\/tr>\n<tr>\n<td>2. \u00a0 Kitchen furniture. Such as kitchen stove, sink, etc.<\/td>\n<\/tr>\n<tr>\n<td>3. \u00a0 Chemical equipment. Such as containers, pipelines, etc.<\/td>\n<\/tr>\n<tr>\n<td>4. Food \u00a0 processing. Such as food containers, processing tables, etc.<\/td>\n<\/tr>\n<tr>\n<td>5. \u00a0 Automobile manufacturing. Such as vehicle body, exhaust pipe, fuel tank, etc.<\/td>\n<\/tr>\n<tr>\n<td>6. \u00a0 Electronic devices. Such as manufacturing casings, structural components, \u00a0 etc. for electronic devices.<\/td>\n<\/tr>\n<tr>\n<td>7. \u00a0 Medical equipment. Such as surgical instruments, surgical instruments, \u00a0 medical utensils, etc.<\/td>\n<\/tr>\n<tr>\n<td>8. \u00a0 Shipbuilding. Such as ship hulls, pipelines, equipment supports, etc.<\/td>\n<\/tr>\n<tr>\n<td>Emballage<\/td>\n<td>Emballage, sac en PVC, ceinture en nylon, serre-c\u00e2ble, emballage maritime standard pour l'exportation ou selon la demande.<\/td>\n<\/tr>\n<tr>\n<td>Service de traitement<\/td>\n<td>Pliage, soudage, d\u00e9cochage, poin\u00e7onnage, d\u00e9coupage et autres.<\/td>\n<\/tr>\n<tr>\n<td>Tol\u00e9rance<\/td>\n<td>\u00b11%<\/td>\n<\/tr>\n<tr>\n<td>MOQ<\/td>\n<td>{MOQ}<\/td>\n<\/tr>\n<\/tbody>\n<\/table>\n<h2><strong><b>\u200b<\/b><\/strong><\/h2>\n<h2><strong><b>Composition de l'acier inoxydable<\/b><\/strong><\/h2>\n<p>&nbsp;<\/p>\n<p>L'acier est un alliage de fer et de carbone. Les aciers inoxydables sont des aciers contenant au moins 10,5% de chrome, moins de 1,2% de carbone et d'autres \u00e9l\u00e9ments d'alliage. La r\u00e9sistance \u00e0 la corrosion de l'acier inoxydable et<\/p>\n<p>Les propri\u00e9t\u00e9s m\u00e9caniques peuvent \u00eatre encore am\u00e9lior\u00e9es par l'ajout d'autres \u00e9l\u00e9ments, tels que le nickel, le molybd\u00e8ne, le titane, le niobium, le mangan\u00e8se, etc.<\/p>\n<table>\n<tbody>\n<tr>\n<td>Grade<\/td>\n<td>C<\/td>\n<td>Si<\/td>\n<td>Mn<\/td>\n<td>P<\/td>\n<td>S<\/td>\n<td>Cr<\/td>\n<td>Ni<\/td>\n<td>Mo<\/td>\n<td>N<\/td>\n<td>Cu<\/td>\n<\/tr>\n<tr>\n<td>201<\/td>\n<td>\u22640.15<\/td>\n<td>\u22640.75<\/td>\n<td>5.5~7.5<\/td>\n<td>\u22640.060<\/td>\n<td>\u22640.03<\/td>\n<td>16.00~18.00<\/td>\n<td>3.5~5.5<\/td>\n<td>&#8211;<\/td>\n<td>&#8211;<\/td>\n<td>0.08<\/td>\n<\/tr>\n<tr>\n<td>202<\/td>\n<td>\u22640.15<\/td>\n<td>\u22641.00<\/td>\n<td>7.5~10.00<\/td>\n<td>\u22640.060<\/td>\n<td>\u22640.03<\/td>\n<td>17.00~19.00<\/td>\n<td>4.0~6.0<\/td>\n<td>&#8211;<\/td>\n<td>\u22640.25<\/td>\n<td><\/td>\n<\/tr>\n<tr>\n<td>301<\/td>\n<td>\u22640.15<\/td>\n<td>\u22641.00<\/td>\n<td>\u22642.00<\/td>\n<td>\u22640.045<\/td>\n<td>\u22640.03<\/td>\n<td>16.00~18.00<\/td>\n<td>6.00~8.00<\/td>\n<td>&#8211;<\/td>\n<td><\/td>\n<td><\/td>\n<\/tr>\n<tr>\n<td>302<\/td>\n<td>\u22640.15<\/td>\n<td>\u22641.00<\/td>\n<td>\u22642.00<\/td>\n<td>\u22640.035<\/td>\n<td>\u22640.03<\/td>\n<td>17.00~19.00<\/td>\n<td>8.00~10.00<\/td>\n<td>&#8211;<\/td>\n<td><\/td>\n<td><\/td>\n<\/tr>\n<tr>\n<td>304<\/td>\n<td>\u22640.07<\/td>\n<td>\u22641.00<\/td>\n<td>\u22642.00<\/td>\n<td>\u22640.045<\/td>\n<td>\u22640.03<\/td>\n<td>18.00~20.00<\/td>\n<td>8.00~10.50<\/td>\n<td>&#8211;<\/td>\n<td><\/td>\n<td><\/td>\n<\/tr>\n<tr>\n<td>304L<\/td>\n<td>\u22640.030<\/td>\n<td>\u22641.00<\/td>\n<td>\u22642.00<\/td>\n<td>\u22640.045<\/td>\n<td>\u22640.03<\/td>\n<td>18.00~20.00<\/td>\n<td>9.00~13.00<\/td>\n<td>&#8211;<\/td>\n<td><\/td>\n<td><\/td>\n<\/tr>\n<tr>\n<td>310S<\/td>\n<td>\u22640.08<\/td>\n<td>\u22641.00<\/td>\n<td>\u22642.00<\/td>\n<td>\u22640.045<\/td>\n<td>\u22640.03<\/td>\n<td>24.00~26.00<\/td>\n<td>19.00~22.00<\/td>\n<td>&#8211;<\/td>\n<td><\/td>\n<td><\/td>\n<\/tr>\n<tr>\n<td>316<\/td>\n<td>\u22640.08<\/td>\n<td>\u22641.00<\/td>\n<td>\u22642.00<\/td>\n<td>\u22640.045<\/td>\n<td>\u22640.03<\/td>\n<td>16.00~18.00<\/td>\n<td>10.00~14.00<\/td>\n<td>2.00~3.00<\/td>\n<td><\/td>\n<td><\/td>\n<\/tr>\n<tr>\n<td>316L<\/td>\n<td>\u22640.03<\/td>\n<td>\u22641.00<\/td>\n<td>\u22642.00<\/td>\n<td>\u22640.045<\/td>\n<td>\u22640.03<\/td>\n<td>16.00~18.00<\/td>\n<td>12.00~15.00<\/td>\n<td>2.00~3.00<\/td>\n<td><\/td>\n<td><\/td>\n<\/tr>\n<tr>\n<td>321<\/td>\n<td>\u22640.08<\/td>\n<td>\u22641.00<\/td>\n<td>\u22642.00<\/td>\n<td>\u22640.045<\/td>\n<td>\u22640.03<\/td>\n<td>17.00~19.00<\/td>\n<td>9.00~13.00<\/td>\n<td>&#8211;<\/td>\n<td><\/td>\n<td><\/td>\n<\/tr>\n<tr>\n<td>430<\/td>\n<td>\u22640.12<\/td>\n<td>\u22640.75<\/td>\n<td>\u22641.00<\/td>\n<td>\u22640.040<\/td>\n<td>\u22640.03<\/td>\n<td>16.00~18.00<\/td>\n<td><\/td>\n<td>&#8211;<\/td>\n<td><\/td>\n<td><\/td>\n<\/tr>\n<tr>\n<td>2205<\/td>\n<td>\u22640.03<\/td>\n<td>\u22641.00<\/td>\n<td>\u22642.00<\/td>\n<td>\u22640.030<\/td>\n<td>\u22640.015<\/td>\n<td>22.00~23.00<\/td>\n<td>4.5~6.5<\/td>\n<td>2.5~3.5<\/td>\n<td><\/td>\n<td><\/td>\n<\/tr>\n<tr>\n<td>2507<\/td>\n<td>\u22640.03<\/td>\n<td>\u22640.08<\/td>\n<td>\u22641.20<\/td>\n<td>\u22640.035<\/td>\n<td>\u22640.015<\/td>\n<td>24.00~26.00<\/td>\n<td>6.00~8.00<\/td>\n<td>3.0~5.0<\/td>\n<td><\/td>\n<td><\/td>\n<\/tr>\n<tr>\n<td>904L<\/td>\n<td>\u22640.02<\/td>\n<td>\u22641.00<\/td>\n<td>\u22642.00<\/td>\n<td>\u22640.045<\/td>\n<td>\u22640.035<\/td>\n<td>19.00~23.00<\/td>\n<td>23.00~28.00<\/td>\n<td>4.0~5.0<\/td>\n<td><\/td>\n<td>1.0~2.0<\/td>\n<\/tr>\n<tr>\n<td>INCONEL028<\/td>\n<td>\u22640.03<\/td>\n<td>\u22641.00<\/td>\n<td>\u22642.50<\/td>\n<td>\u22640.030<\/td>\n<td>\u22640.030<\/td>\n<td>\u226428.0<\/td>\n<td>\u226434.0<\/td>\n<td>\u22644.0<\/td>\n<td><\/td>\n<td>\u22641.4<\/td>\n<\/tr>\n<tr>\n<td>MONEL400<\/td>\n<td>\u22640.30<\/td>\n<td>\u22640.5<\/td>\n<td>\u22642.00<\/td>\n<td>&#8211;<\/td>\n<td>\u22640.024<\/td>\n<td>&#8211;<\/td>\n<td>\u226563.0<\/td>\n<td>&#8211;<\/td>\n<td><\/td>\n<td>\u226434.0<\/td>\n<\/tr>\n<tr>\n<td>INCONEL800<\/td>\n<td>\u22640.10<\/td>\n<td>\u22641.00<\/td>\n<td>\u22641.50<\/td>\n<td>&#8211;<\/td>\n<td>\u22640.015<\/td>\n<td>\u226423.0<\/td>\n<td>\u226435<\/td>\n<td>4.0~5.0<\/td>\n<td>&#8211;<\/td>\n<td>\u22640.75<\/td>\n<\/tr>\n<\/tbody>\n<\/table>\n<p>&nbsp;<\/p>\n<p><strong><b>S\u00e9lection de la surface<\/b><\/strong><\/p>\n<p><img fetchpriority=\"high\" decoding=\"async\" class=\"bujuA\" title=\"S\u00e9lection de la surface.jpg\" src=\"https:\/\/img.bjyyb.net\/sites\/93000\/93225\/1733895633725344621254922240.jpg@!w400\" alt=\"Surface Selection.jpg\" width=\"1312\" height=\"1158\" data-id=\"15804700\" data-suffix=\"@5h_8w_2e.gif\" data-original=\"https:\/\/img.bjyyb.net\/sites\/93000\/93225\/1733895633725344621254922240.jpg@!w400\" \/><\/p>\n<p>&nbsp;<\/p>\n<p><img decoding=\"async\" class=\"bujuA\" title=\"Stainless-steel-plate.jpg\" src=\"https:\/\/img.bjyyb.net\/sites\/89500\/89736\/1726628875694865627488923648.jpg@!w400\" alt=\"Stainless-steel-plate.jpg\" data-id=\"15118865\" data-suffix=\"@5h_8w_2e.gif\" data-original=\"https:\/\/img.bjyyb.net\/sites\/89500\/89736\/1726628875694865627488923648.jpg@!w400\" \/><\/p>\n<p>&nbsp;<\/p>\n<p><img decoding=\"async\" class=\"bujuA\" title=\"\u677f (6).jpg\" src=\"https:\/\/img.bjyyb.net\/sites\/89500\/89736\/1726801964695591613377581056.jpg@!w400\" alt=\"\u677f (6).jpg\" data-id=\"15149406\" data-suffix=\"@5h_8w_2e.gif\" data-original=\"https:\/\/img.bjyyb.net\/sites\/89500\/89736\/1726801964695591613377581056.jpg@!w400\" \/><\/p>\n<h2><strong><b>\u00a0<\/b><\/strong><\/h2>\n<p>&nbsp;<\/p>","protected":false},"excerpt":{"rendered":"<p>Stainless Steel 409, also known as UNS S40900 or EN 1.4512, is a ferritic stainless steel. It is a standard chromium stainless steel known for its excellent corrosion resistance and relatively low cost. This stainless steel typically contains 11% to 13% chromium, which makes it resistant to many corrosive environments, especially oxidizing environments.<\/p>","protected":false},"featured_media":3113,"comment_status":"closed","ping_status":"closed","template":"","meta":{"_seopress_robots_primary_cat":"none","_seopress_titles_title":"","_seopress_titles_desc":"","_seopress_robots_index":"","site-sidebar-layout":"default","site-content-layout":"","ast-site-content-layout":"default","site-content-style":"default","site-sidebar-style":"default","ast-global-header-display":"","ast-banner-title-visibility":"","ast-main-header-display":"","ast-hfb-above-header-display":"","ast-hfb-below-header-display":"","ast-hfb-mobile-header-display":"","site-post-title":"","ast-breadcrumbs-content":"","ast-featured-img":"","footer-sml-layout":"","theme-transparent-header-meta":"default","adv-header-id-meta":"","stick-header-meta":"default","header-above-stick-meta":"","header-main-stick-meta":"","header-below-stick-meta":"","astra-migrate-meta-layouts":"set","ast-page-background-enabled":"default","ast-page-background-meta":{"desktop":{"background-color":"var(--ast-global-color-4)","background-image":"","background-repeat":"repeat","background-position":"center center","background-size":"auto","background-attachment":"scroll","background-type":"","background-media":"","overlay-type":"","overlay-color":"","overlay-opacity":"","overlay-gradient":""},"tablet":{"background-color":"","background-image":"","background-repeat":"repeat","background-position":"center center","background-size":"auto","background-attachment":"scroll","background-type":"","background-media":"","overlay-type":"","overlay-color":"","overlay-opacity":"","overlay-gradient":""},"mobile":{"background-color":"","background-image":"","background-repeat":"repeat","background-position":"center center","background-size":"auto","background-attachment":"scroll","background-type":"","background-media":"","overlay-type":"","overlay-color":"","overlay-opacity":"","overlay-gradient":""}},"ast-content-background-meta":{"desktop":{"background-color":"var(--ast-global-color-5)","background-image":"","background-repeat":"repeat","background-position":"center center","background-size":"auto","background-attachment":"scroll","background-type":"","background-media":"","overlay-type":"","overlay-color":"","overlay-opacity":"","overlay-gradient":""},"tablet":{"background-color":"var(--ast-global-color-5)","background-image":"","background-repeat":"repeat","background-position":"center center","background-size":"auto","background-attachment":"scroll","background-type":"","background-media":"","overlay-type":"","overlay-color":"","overlay-opacity":"","overlay-gradient":""},"mobile":{"background-color":"var(--ast-global-color-5)","background-image":"","background-repeat":"repeat","background-position":"center center","background-size":"auto","background-attachment":"scroll","background-type":"","background-media":"","overlay-type":"","overlay-color":"","overlay-opacity":"","overlay-gradient":""}}},"product_brand":[],"product_cat":[28],"product_tag":[],"class_list":{"0":"post-3708","1":"product","2":"type-product","3":"status-publish","4":"has-post-thumbnail","6":"product_cat-stainlesssteelplate","7":"desktop-align-left","8":"tablet-align-left","9":"mobile-align-left","10":"ast-product-gallery-layout-horizontal-slider","11":"ast-product-tabs-layout-horizontal","13":"first","14":"instock","15":"shipping-taxable","16":"product-type-simple"},"_links":{"self":[{"href":"https:\/\/uborsteel.com\/fr\/wp-json\/wp\/v2\/product\/3708","targetHints":{"allow":["GET"]}}],"collection":[{"href":"https:\/\/uborsteel.com\/fr\/wp-json\/wp\/v2\/product"}],"about":[{"href":"https:\/\/uborsteel.com\/fr\/wp-json\/wp\/v2\/types\/product"}],"replies":[{"embeddable":true,"href":"https:\/\/uborsteel.com\/fr\/wp-json\/wp\/v2\/comments?post=3708"}],"wp:featuredmedia":[{"embeddable":true,"href":"https:\/\/uborsteel.com\/fr\/wp-json\/wp\/v2\/media\/3113"}],"wp:attachment":[{"href":"https:\/\/uborsteel.com\/fr\/wp-json\/wp\/v2\/media?parent=3708"}],"wp:term":[{"taxonomy":"product_brand","embeddable":true,"href":"https:\/\/uborsteel.com\/fr\/wp-json\/wp\/v2\/product_brand?post=3708"},{"taxonomy":"product_cat","embeddable":true,"href":"https:\/\/uborsteel.com\/fr\/wp-json\/wp\/v2\/product_cat?post=3708"},{"taxonomy":"product_tag","embeddable":true,"href":"https:\/\/uborsteel.com\/fr\/wp-json\/wp\/v2\/product_tag?post=3708"}],"curies":[{"name":"wp","href":"https:\/\/api.w.org\/{rel}","templated":true}]}}