{"id":4148,"date":"2025-07-16T07:42:53","date_gmt":"2025-07-16T07:42:53","guid":{"rendered":"https:\/\/uborsteel.com\/?post_type=product&#038;p=4148"},"modified":"2025-07-21T02:55:02","modified_gmt":"2025-07-21T02:55:02","slug":"ss-316-stainless-steel-pipe-tube","status":"publish","type":"product","link":"https:\/\/uborsteel.com\/es\/producto\/ss-316-stainless-steel-pipe-tube\/","title":{"rendered":"SS 316 Stainless steel pipe tube"},"content":{"rendered":"<p>The main features of SS316 stainless steel pipe are:<\/p>\n<p>Corrosion resistance: Contains molybdenum, which enhances corrosion resistance in chloride environments, especially seawater and salt-damaged areas.<\/p>\n<p>High temperature resistance: It can be used for a long time in an environment up to 870 degrees Celsius, and short-term use of higher temperatures will not affect its characteristics.<\/p>\n<p>Mechanical properties: It has good cold workability and weldability, and has excellent corrosion resistance.<\/p>\n<p>Chemical composition: The main alloying elements include 16%-18% chromium, 10%-14% nickel and 2%-3% molybdenum.<\/p>\n<p>Application areas: Widely used in chemical industry, aerospace, medical equipment, food processing and other industries<\/p>\n<p>&nbsp;<\/p>\n<table>\n<tbody>\n<tr>\n<td>Product \u00a0 Name<\/td>\n<td>Stainless Steel Pipe\/Tube<\/td>\n<\/tr>\n<tr>\n<td>Est\u00e1ndar<\/td>\n<td>ASTM,JIS,DIN,GB,AISI,DIN,EN<\/td>\n<\/tr>\n<tr>\n<td>Material<\/td>\n<td>201, 202, 301, 301L, 304, 304L, 316, 316L, 321, 310S, 904L, 410, 420J2, 430, 2205, 2507, 321H, 347, 347H, 403, 405, 409, 420, 430, 631, 904L, 305, 301L, 317, 317L, 309, 309S 310<\/td>\n<\/tr>\n<tr>\n<td>T\u00e9cnica<\/td>\n<td>Estirado en fr\u00edo, Laminado en caliente, Laminado en fr\u00edo y Otros.<\/td>\n<\/tr>\n<tr>\n<td>Side shape<\/td>\n<td>Round, square, rectangular,etc.<\/td>\n<\/tr>\n<tr>\n<td>Outer \u00a0 Diameter<\/td>\n<td>20mm-1200mm \u00a0 or Customizable<\/td>\n<\/tr>\n<tr>\n<td>Espesor<\/td>\n<td>6-3000mm or Customizable<\/td>\n<\/tr>\n<tr>\n<td>Longitud<\/td>\n<td>1-12m or Customizable<\/td>\n<\/tr>\n<tr>\n<td>Tratamiento de superficies<\/td>\n<td>BA\/2B\/NO.1\/NO.3\/NO.4\/8K\/HL\/2D\/1D<\/td>\n<\/tr>\n<tr>\n<td>Tipo<\/td>\n<td>Seamless, Welded.<\/td>\n<\/tr>\n<tr>\n<td>Origen<\/td>\n<td>China<\/td>\n<\/tr>\n<tr>\n<td>C\u00f3digo SA<\/td>\n<td>7304319000<\/td>\n<\/tr>\n<tr>\n<td>Plazo de entrega<\/td>\n<td>{Tiempo de entrega}<\/td>\n<\/tr>\n<tr>\n<td>Servicio posventa<\/td>\n<td>24 hours online.<\/td>\n<\/tr>\n<tr>\n<td>Capacidad de producci\u00f3n<\/td>\n<td>{Capacidad de producci\u00f3n}<\/td>\n<\/tr>\n<tr>\n<td>Price Terms<\/td>\n<td>EXW, FOB, CIF, CRF, CNF u otros.<\/td>\n<\/tr>\n<tr>\n<td>Puerto de carga<\/td>\n<td>{Puerto}<\/td>\n<\/tr>\n<tr>\n<td>Section \u00a0 Shape<\/td>\n<td>Round, Square, Rectangular, etc.<\/td>\n<\/tr>\n<tr>\n<td>Plazo de pago<\/td>\n<td>TT, LC,Efectivo, Paypal, DP, DA,Western Union u Otros.<\/td>\n<\/tr>\n<tr>\n<td rowspan=\"3\">Aplicaci\u00f3n<\/td>\n<td>1. Vajilla, armarios, tuber\u00edas interiores, calentadores de agua, calderas, ba\u00f1eras<\/td>\n<\/tr>\n<tr>\n<td>2.   Piezas de autom\u00f3vil<\/td>\n<\/tr>\n<tr>\n<td>3. Equipamiento m\u00e9dico, materiales de construcci\u00f3n, productos qu\u00edmicos, industria alimentaria, agricultura, componentes navales, etc.<\/td>\n<\/tr>\n<tr>\n<td>Embalaje<\/td>\n<td>Paquete, bolsa de PVC, cintur\u00f3n de nylon, atadura de cables, paquete mar\u00edtimo de exportaci\u00f3n est\u00e1ndar o como petici\u00f3n.<\/td>\n<\/tr>\n<tr>\n<td>Servicio de tramitaci\u00f3n<\/td>\n<td>Doblado, soldadura, desbobinado, punzonado, corte y otros.<\/td>\n<\/tr>\n<tr>\n<td>Tolerancia<\/td>\n<td>\u00b11%<\/td>\n<\/tr>\n<tr>\n<td>MOQ<\/td>\n<td>{MOQ}<\/td>\n<\/tr>\n<\/tbody>\n<\/table>\n<p>&nbsp;<\/p>\n<p>&nbsp;<\/p>\n<h2><strong><b>Composici\u00f3n del acero inoxidable<\/b><\/strong><\/h2>\n<p>&nbsp;<\/p>\n<p>El acero es una aleaci\u00f3n de hierro y carbono. Los aceros inoxidables son aceros que contienen al menos 10,5% de cromo, menos de 1,2% de carbono y otros elementos de aleaci\u00f3n. La resistencia a la corrosi\u00f3n del acero inoxidable y<\/p>\n<p>Las propiedades mec\u00e1nicas pueden mejorarse a\u00fan m\u00e1s a\u00f1adiendo otros elementos, como n\u00edquel, molibdeno, titanio, niobio, manganeso, etc.<\/p>\n<p>&nbsp;<\/p>\n<table>\n<tbody>\n<tr>\n<td>Grado<\/td>\n<td>C<\/td>\n<td>Si<\/td>\n<td>Mn<\/td>\n<td>P<\/td>\n<td>S<\/td>\n<td>Cr<\/td>\n<td>Ni<\/td>\n<td>Mo<\/td>\n<td>N<\/td>\n<td>Cu<\/td>\n<\/tr>\n<tr>\n<td>201<\/td>\n<td>\u22640.15<\/td>\n<td>\u22640.75<\/td>\n<td>5.5~7.5<\/td>\n<td>\u22640.060<\/td>\n<td>\u22640.03<\/td>\n<td>16.00~18.00<\/td>\n<td>3.5~5.5<\/td>\n<td>&#8211;<\/td>\n<td>&#8211;<\/td>\n<td>0.08<\/td>\n<\/tr>\n<tr>\n<td>202<\/td>\n<td>\u22640.15<\/td>\n<td>\u22641.00<\/td>\n<td>7.5~10.00<\/td>\n<td>\u22640.060<\/td>\n<td>\u22640.03<\/td>\n<td>17.00~19.00<\/td>\n<td>4.0~6.0<\/td>\n<td>&#8211;<\/td>\n<td>\u22640.25<\/td>\n<td>&nbsp;<\/td>\n<\/tr>\n<tr>\n<td>301<\/td>\n<td>\u22640.15<\/td>\n<td>\u22641.00<\/td>\n<td>\u22642.00<\/td>\n<td>\u22640.045<\/td>\n<td>\u22640.03<\/td>\n<td>16.00~18.00<\/td>\n<td>6.00~8.00<\/td>\n<td>&#8211;<\/td>\n<td>&nbsp;<\/td>\n<td>&nbsp;<\/td>\n<\/tr>\n<tr>\n<td>302<\/td>\n<td>\u22640.15<\/td>\n<td>\u22641.00<\/td>\n<td>\u22642.00<\/td>\n<td>\u22640.035<\/td>\n<td>\u22640.03<\/td>\n<td>17.00~19.00<\/td>\n<td>8.00~10.00<\/td>\n<td>&#8211;<\/td>\n<td>&nbsp;<\/td>\n<td>&nbsp;<\/td>\n<\/tr>\n<tr>\n<td>304<\/td>\n<td>\u22640.07<\/td>\n<td>\u22641.00<\/td>\n<td>\u22642.00<\/td>\n<td>\u22640.045<\/td>\n<td>\u22640.03<\/td>\n<td>18.00~20.00<\/td>\n<td>8.00~10.50<\/td>\n<td>&#8211;<\/td>\n<td>&nbsp;<\/td>\n<td>&nbsp;<\/td>\n<\/tr>\n<tr>\n<td>304L<\/td>\n<td>\u22640.030<\/td>\n<td>\u22641.00<\/td>\n<td>\u22642.00<\/td>\n<td>\u22640.045<\/td>\n<td>\u22640.03<\/td>\n<td>18.00~20.00<\/td>\n<td>9.00~13.00<\/td>\n<td>&#8211;<\/td>\n<td>&nbsp;<\/td>\n<td>&nbsp;<\/td>\n<\/tr>\n<tr>\n<td>310S<\/td>\n<td>\u22640.08<\/td>\n<td>\u22641.00<\/td>\n<td>\u22642.00<\/td>\n<td>\u22640.045<\/td>\n<td>\u22640.03<\/td>\n<td>24.00~26.00<\/td>\n<td>19.00~22.00<\/td>\n<td>&#8211;<\/td>\n<td>&nbsp;<\/td>\n<td>&nbsp;<\/td>\n<\/tr>\n<tr>\n<td>316<\/td>\n<td>\u22640.08<\/td>\n<td>\u22641.00<\/td>\n<td>\u22642.00<\/td>\n<td>\u22640.045<\/td>\n<td>\u22640.03<\/td>\n<td>16.00~18.00<\/td>\n<td>10.00~14.00<\/td>\n<td>2.00~3.00<\/td>\n<td>&nbsp;<\/td>\n<td>&nbsp;<\/td>\n<\/tr>\n<tr>\n<td>316L<\/td>\n<td>\u22640.03<\/td>\n<td>\u22641.00<\/td>\n<td>\u22642.00<\/td>\n<td>\u22640.045<\/td>\n<td>\u22640.03<\/td>\n<td>16.00~18.00<\/td>\n<td>12.00~15.00<\/td>\n<td>2.00~3.00<\/td>\n<td>&nbsp;<\/td>\n<td>&nbsp;<\/td>\n<\/tr>\n<tr>\n<td>321<\/td>\n<td>\u22640.08<\/td>\n<td>\u22641.00<\/td>\n<td>\u22642.00<\/td>\n<td>\u22640.045<\/td>\n<td>\u22640.03<\/td>\n<td>17.00~19.00<\/td>\n<td>9.00~13.00<\/td>\n<td>&#8211;<\/td>\n<td>&nbsp;<\/td>\n<td>&nbsp;<\/td>\n<\/tr>\n<tr>\n<td>430<\/td>\n<td>\u22640.12<\/td>\n<td>\u22640.75<\/td>\n<td>\u22641.00<\/td>\n<td>\u22640.040<\/td>\n<td>\u22640.03<\/td>\n<td>16.00~18.00<\/td>\n<td>&nbsp;<\/td>\n<td>&#8211;<\/td>\n<td>&nbsp;<\/td>\n<td>&nbsp;<\/td>\n<\/tr>\n<tr>\n<td>2205<\/td>\n<td>\u22640.03<\/td>\n<td>\u22641.00<\/td>\n<td>\u22642.00<\/td>\n<td>\u22640.030<\/td>\n<td>\u22640.015<\/td>\n<td>22.00~23.00<\/td>\n<td>4.5~6.5<\/td>\n<td>2.5~3.5<\/td>\n<td>&nbsp;<\/td>\n<td>&nbsp;<\/td>\n<\/tr>\n<tr>\n<td>2507<\/td>\n<td>\u22640.03<\/td>\n<td>\u22640.08<\/td>\n<td>\u22641.20<\/td>\n<td>\u22640.035<\/td>\n<td>\u22640.015<\/td>\n<td>24.00~26.00<\/td>\n<td>6.00~8.00<\/td>\n<td>3.0~5.0<\/td>\n<td>&nbsp;<\/td>\n<td>&nbsp;<\/td>\n<\/tr>\n<tr>\n<td>904L<\/td>\n<td>\u22640.02<\/td>\n<td>\u22641.00<\/td>\n<td>\u22642.00<\/td>\n<td>\u22640.045<\/td>\n<td>\u22640.035<\/td>\n<td>19.00~23.00<\/td>\n<td>23.00~28.00<\/td>\n<td>4.0~5.0<\/td>\n<td>&nbsp;<\/td>\n<td>1.0~2.0<\/td>\n<\/tr>\n<tr>\n<td>INCONEL028<\/td>\n<td>\u22640.03<\/td>\n<td>\u22641.00<\/td>\n<td>\u22642.50<\/td>\n<td>\u22640.030<\/td>\n<td>\u22640.030<\/td>\n<td>\u226428.0<\/td>\n<td>\u226434.0<\/td>\n<td>\u22644.0<\/td>\n<td>&nbsp;<\/td>\n<td>\u22641.4<\/td>\n<\/tr>\n<tr>\n<td>MONEL400<\/td>\n<td>\u22640.30<\/td>\n<td>\u22640.5<\/td>\n<td>\u22642.00<\/td>\n<td>&#8211;<\/td>\n<td>\u22640.024<\/td>\n<td>&#8211;<\/td>\n<td>\u226563.0<\/td>\n<td>&#8211;<\/td>\n<td>&nbsp;<\/td>\n<td>\u226434.0<\/td>\n<\/tr>\n<tr>\n<td>INCONEL800<\/td>\n<td>\u22640.10<\/td>\n<td>\u22641.00<\/td>\n<td>\u22641.50<\/td>\n<td>&#8211;<\/td>\n<td>\u22640.015<\/td>\n<td>\u226423.0<\/td>\n<td>\u226435<\/td>\n<td>4.0~5.0<\/td>\n<td>&#8211;<\/td>\n<td>\u22640.75<\/td>\n<\/tr>\n<\/tbody>\n<\/table>\n<p>&nbsp;<\/p>\n<p><img decoding=\"async\" class=\"bujuA\" title=\"Stainless-steel-pipe.jpg\" src=\"https:\/\/img.bjyyb.net\/sites\/89500\/89736\/1726628874694865621419765760.jpg@!w400\" alt=\"Stainless-steel-pipe.jpg\" data-id=\"15118864\" data-suffix=\"@5h_8w_2e.gif\" data-original=\"https:\/\/img.bjyyb.net\/sites\/89500\/89736\/1726628874694865621419765760.jpg@!w400\" \/><\/p>\n<p>&nbsp;<\/p>\n<p><img decoding=\"async\" class=\"bujuA\" title=\"pipe.jpg\" src=\"https:\/\/img.bjyyb.net\/sites\/89500\/89736\/1726631312694875847229386752.jpg@!w400\" alt=\"pipe.jpg\" data-id=\"15119057\" data-suffix=\"@5h_8w_2e.gif\" data-original=\"https:\/\/img.bjyyb.net\/sites\/89500\/89736\/1726631312694875847229386752.jpg@!w400\" \/><\/p>","protected":false},"excerpt":{"rendered":"<p>SS316 material is a molybdenum-containing austenitic stainless steel with good chloride corrosion resistance and better corrosion resistance than SS304 stainless steel. It has good corrosion resistance and is resistant to erosion by marine and corrosive industrial atmospheres. In intermittent use below 1600 degrees and continuous use below 1700 degrees, SS316 stainless steel has good oxidation resistance and good welding performance, and can be welded by all standard welding methods. However, SS316 stainless steel cannot be hardened by overheating. It is mainly used for heat exchangers for pulp and papermaking equipment, dyeing equipment, film washing equipment, pipelines, and exterior materials for buildings in coastal areas.<\/p>","protected":false},"featured_media":4126,"comment_status":"closed","ping_status":"closed","template":"","meta":{"_seopress_robots_primary_cat":"","_seopress_titles_title":"","_seopress_titles_desc":"","_seopress_robots_index":"","site-sidebar-layout":"default","site-content-layout":"","ast-site-content-layout":"default","site-content-style":"default","site-sidebar-style":"default","ast-global-header-display":"","ast-banner-title-visibility":"","ast-main-header-display":"","ast-hfb-above-header-display":"","ast-hfb-below-header-display":"","ast-hfb-mobile-header-display":"","site-post-title":"","ast-breadcrumbs-content":"","ast-featured-img":"","footer-sml-layout":"","theme-transparent-header-meta":"default","adv-header-id-meta":"","stick-header-meta":"default","header-above-stick-meta":"","header-main-stick-meta":"","header-below-stick-meta":"","astra-migrate-meta-layouts":"set","ast-page-background-enabled":"default","ast-page-background-meta":{"desktop":{"background-color":"var(--ast-global-color-4)","background-image":"","background-repeat":"repeat","background-position":"center center","background-size":"auto","background-attachment":"scroll","background-type":"","background-media":"","overlay-type":"","overlay-color":"","overlay-opacity":"","overlay-gradient":""},"tablet":{"background-color":"","background-image":"","background-repeat":"repeat","background-position":"center center","background-size":"auto","background-attachment":"scroll","background-type":"","background-media":"","overlay-type":"","overlay-color":"","overlay-opacity":"","overlay-gradient":""},"mobile":{"background-color":"","background-image":"","background-repeat":"repeat","background-position":"center center","background-size":"auto","background-attachment":"scroll","background-type":"","background-media":"","overlay-type":"","overlay-color":"","overlay-opacity":"","overlay-gradient":""}},"ast-content-background-meta":{"desktop":{"background-color":"var(--ast-global-color-5)","background-image":"","background-repeat":"repeat","background-position":"center center","background-size":"auto","background-attachment":"scroll","background-type":"","background-media":"","overlay-type":"","overlay-color":"","overlay-opacity":"","overlay-gradient":""},"tablet":{"background-color":"var(--ast-global-color-5)","background-image":"","background-repeat":"repeat","background-position":"center center","background-size":"auto","background-attachment":"scroll","background-type":"","background-media":"","overlay-type":"","overlay-color":"","overlay-opacity":"","overlay-gradient":""},"mobile":{"background-color":"var(--ast-global-color-5)","background-image":"","background-repeat":"repeat","background-position":"center center","background-size":"auto","background-attachment":"scroll","background-type":"","background-media":"","overlay-type":"","overlay-color":"","overlay-opacity":"","overlay-gradient":""}}},"product_brand":[],"product_cat":[31],"product_tag":[],"class_list":{"0":"post-4148","1":"product","2":"type-product","3":"status-publish","4":"has-post-thumbnail","6":"product_cat-stainlesssteelpipe","7":"desktop-align-left","8":"tablet-align-left","9":"mobile-align-left","10":"ast-product-gallery-layout-horizontal-slider","11":"ast-product-tabs-layout-horizontal","13":"first","14":"instock","15":"shipping-taxable","16":"product-type-simple"},"_links":{"self":[{"href":"https:\/\/uborsteel.com\/es\/wp-json\/wp\/v2\/product\/4148","targetHints":{"allow":["GET"]}}],"collection":[{"href":"https:\/\/uborsteel.com\/es\/wp-json\/wp\/v2\/product"}],"about":[{"href":"https:\/\/uborsteel.com\/es\/wp-json\/wp\/v2\/types\/product"}],"replies":[{"embeddable":true,"href":"https:\/\/uborsteel.com\/es\/wp-json\/wp\/v2\/comments?post=4148"}],"wp:featuredmedia":[{"embeddable":true,"href":"https:\/\/uborsteel.com\/es\/wp-json\/wp\/v2\/media\/4126"}],"wp:attachment":[{"href":"https:\/\/uborsteel.com\/es\/wp-json\/wp\/v2\/media?parent=4148"}],"wp:term":[{"taxonomy":"product_brand","embeddable":true,"href":"https:\/\/uborsteel.com\/es\/wp-json\/wp\/v2\/product_brand?post=4148"},{"taxonomy":"product_cat","embeddable":true,"href":"https:\/\/uborsteel.com\/es\/wp-json\/wp\/v2\/product_cat?post=4148"},{"taxonomy":"product_tag","embeddable":true,"href":"https:\/\/uborsteel.com\/es\/wp-json\/wp\/v2\/product_tag?post=4148"}],"curies":[{"name":"wp","href":"https:\/\/api.w.org\/{rel}","templated":true}]}}