{"id":4112,"date":"2025-07-15T10:02:15","date_gmt":"2025-07-15T10:02:15","guid":{"rendered":"https:\/\/uborsteel.com\/?post_type=product&#038;p=4112"},"modified":"2025-07-21T07:02:25","modified_gmt":"2025-07-21T07:02:25","slug":"ss-410-stainless-steel-bar-bars","status":"publish","type":"product","link":"https:\/\/uborsteel.com\/es\/producto\/ss-410-stainless-steel-bar-bars\/","title":{"rendered":"SS 410 Stainless steel bar bars"},"content":{"rendered":"<p>The characteristics of SS410 stainless steel bars mainly include the following points1:<\/p>\n<p>High strength: SS410 stainless steel has good tensile strength, creep strength and fatigue strength.<\/p>\n<p>Moderate corrosion resistance: Although its corrosion resistance is not particularly strong, it can still meet the requirements for general environments.<\/p>\n<p>Good cold working performance: After annealing, it can be moderately stretched and formed, and has quite good cold working performance.<\/p>\n<p>Magnetic properties: Whether annealed or hardened, SS410 stainless steel can maintain magnetism.<\/p>\n<p>Heat treatment hardening: SS410 stainless steel can be hardened by heat treatment and has a wide range of properties.<\/p>\n<p>Weldability: Due to its hardenability, its weldability may be weakened accordingly<\/p>\n<p>&nbsp;<\/p>\n<table>\n<tbody>\n<tr>\n<td>Product \u00a0 Name<\/td>\n<td>Barra de acero inoxidable<\/td>\n<\/tr>\n<tr>\n<td>Est\u00e1ndar<\/td>\n<td>ASTM,JIS,DIN,GB,AISI,DIN,EN<\/td>\n<\/tr>\n<tr>\n<td>Material<\/td>\n<td>201, 202, 301, 301L, 304, 304L, 316, 316L, 321, 310S, 904L, 410, 420J2, 430, 2205, 2507, 321H, 347, 347H, 403, 405, 409, 420, 430, 631, 904L, 305, 301L, 317, 317L, 309, 309S 310<\/td>\n<\/tr>\n<tr>\n<td>T\u00e9cnica<\/td>\n<td>Estirado en fr\u00edo, Laminado en caliente, Laminado en fr\u00edo y Otros.<\/td>\n<\/tr>\n<tr>\n<td>Diameter<\/td>\n<td>6-12 mm o personalizable<\/td>\n<\/tr>\n<tr>\n<td>Longitud<\/td>\n<td>1000 &#8211; 6000mm or Customizable<\/td>\n<\/tr>\n<tr>\n<td>Tratamiento de superficies<\/td>\n<td>BA\/2B\/NO.1\/NO.3\/NO.4\/8K\/HL\/2D\/1D<\/td>\n<\/tr>\n<tr>\n<td>Origen<\/td>\n<td>China<\/td>\n<\/tr>\n<tr>\n<td>C\u00f3digo SA<\/td>\n<td>7220204000<\/td>\n<\/tr>\n<tr>\n<td>Plazo de entrega<\/td>\n<td>{Tiempo de entrega}<\/td>\n<\/tr>\n<tr>\n<td>Servicio posventa<\/td>\n<td>24 horas en l\u00ednea<\/td>\n<\/tr>\n<tr>\n<td>Capacidad de producci\u00f3n<\/td>\n<td>{Capacidad de producci\u00f3n}<\/td>\n<\/tr>\n<tr>\n<td>Condiciones de precio<\/td>\n<td>EXW, FOB, CIF, CRF, CNF or \u00a0 others<\/td>\n<\/tr>\n<tr>\n<td>Puerto de carga<\/td>\n<td>{Puerto}<\/td>\n<\/tr>\n<tr>\n<td>Plazo de pago<\/td>\n<td>TT, LC, Cash, Paypal, DP, DA, \u00a0 Western Union or Others.<\/td>\n<\/tr>\n<tr>\n<td rowspan=\"3\">Aplicaci\u00f3n<\/td>\n<td>1. Vajilla, armarios, tuber\u00edas interiores, calentadores de agua, calderas, ba\u00f1eras<\/td>\n<\/tr>\n<tr>\n<td>2.   Piezas de autom\u00f3vil<\/td>\n<\/tr>\n<tr>\n<td>3. Equipamiento m\u00e9dico, materiales de construcci\u00f3n, productos qu\u00edmicos, industria alimentaria, agricultura, componentes navales, etc.<\/td>\n<\/tr>\n<tr>\n<td>Embalaje<\/td>\n<td>Paquete, bolsa de PVC, cintur\u00f3n de nylon, atadura de cables, paquete mar\u00edtimo de exportaci\u00f3n est\u00e1ndar o como petici\u00f3n.<\/td>\n<\/tr>\n<tr>\n<td>Servicio de tramitaci\u00f3n<\/td>\n<td>Doblado, soldadura, desbobinado, punzonado, corte y otros.<\/td>\n<\/tr>\n<tr>\n<td>Tolerancia<\/td>\n<td>\u00b11%<\/td>\n<\/tr>\n<tr>\n<td>MOQ<\/td>\n<td>{MOQ}<\/td>\n<\/tr>\n<\/tbody>\n<\/table>\n<p><strong>Composici\u00f3n del acero inoxidable<\/strong><\/p>\n<p>El acero es una aleaci\u00f3n de hierro y carbono. Los aceros inoxidables son aceros que contienen al menos 10,5% de cromo, menos de 1,2% de carbono y otros elementos de aleaci\u00f3n. La resistencia a la corrosi\u00f3n del acero inoxidable y<\/p>\n<p>Las propiedades mec\u00e1nicas pueden mejorarse a\u00fan m\u00e1s a\u00f1adiendo otros elementos, como n\u00edquel, molibdeno, titanio, niobio, manganeso, etc.<\/p>\n<table>\n<tbody>\n<tr>\n<td>Grado<\/td>\n<td>C<\/td>\n<td>Si<\/td>\n<td>Mn<\/td>\n<td>P<\/td>\n<td>S<\/td>\n<td>Cr<\/td>\n<td>Ni<\/td>\n<td>Mo<\/td>\n<td>N<\/td>\n<td>Cu<\/td>\n<\/tr>\n<tr>\n<td>201<\/td>\n<td>\u22640.15<\/td>\n<td>\u22640.75<\/td>\n<td>5.5~7.5<\/td>\n<td>\u22640.060<\/td>\n<td>\u22640.03<\/td>\n<td>16.00~18.00<\/td>\n<td>3.5~5.5<\/td>\n<td>&#8211;<\/td>\n<td>&#8211;<\/td>\n<td>0.08<\/td>\n<\/tr>\n<tr>\n<td>202<\/td>\n<td>\u22640.15<\/td>\n<td>\u22641.00<\/td>\n<td>7.5~10.00<\/td>\n<td>\u22640.060<\/td>\n<td>\u22640.03<\/td>\n<td>17.00~19.00<\/td>\n<td>4.0~6.0<\/td>\n<td>&#8211;<\/td>\n<td>\u22640.25<\/td>\n<td>&nbsp;<\/td>\n<\/tr>\n<tr>\n<td>301<\/td>\n<td>\u22640.15<\/td>\n<td>\u22641.00<\/td>\n<td>\u22642.00<\/td>\n<td>\u22640.045<\/td>\n<td>\u22640.03<\/td>\n<td>16.00~18.00<\/td>\n<td>6.00~8.00<\/td>\n<td>&#8211;<\/td>\n<td>&nbsp;<\/td>\n<td>&nbsp;<\/td>\n<\/tr>\n<tr>\n<td>302<\/td>\n<td>\u22640.15<\/td>\n<td>\u22641.00<\/td>\n<td>\u22642.00<\/td>\n<td>\u22640.035<\/td>\n<td>\u22640.03<\/td>\n<td>17.00~19.00<\/td>\n<td>8.00~10.00<\/td>\n<td>&#8211;<\/td>\n<td>&nbsp;<\/td>\n<td>&nbsp;<\/td>\n<\/tr>\n<tr>\n<td>304<\/td>\n<td>\u22640.07<\/td>\n<td>\u22641.00<\/td>\n<td>\u22642.00<\/td>\n<td>\u22640.045<\/td>\n<td>\u22640.03<\/td>\n<td>18.00~20.00<\/td>\n<td>8.00~10.50<\/td>\n<td>&#8211;<\/td>\n<td>&nbsp;<\/td>\n<td>&nbsp;<\/td>\n<\/tr>\n<tr>\n<td>304L<\/td>\n<td>\u22640.030<\/td>\n<td>\u22641.00<\/td>\n<td>\u22642.00<\/td>\n<td>\u22640.045<\/td>\n<td>\u22640.03<\/td>\n<td>18.00~20.00<\/td>\n<td>9.00~13.00<\/td>\n<td>&#8211;<\/td>\n<td>&nbsp;<\/td>\n<td>&nbsp;<\/td>\n<\/tr>\n<tr>\n<td>310S<\/td>\n<td>\u22640.08<\/td>\n<td>\u22641.00<\/td>\n<td>\u22642.00<\/td>\n<td>\u22640.045<\/td>\n<td>\u22640.03<\/td>\n<td>24.00~26.00<\/td>\n<td>19.00~22.00<\/td>\n<td>&#8211;<\/td>\n<td>&nbsp;<\/td>\n<td>&nbsp;<\/td>\n<\/tr>\n<tr>\n<td>316<\/td>\n<td>\u22640.08<\/td>\n<td>\u22641.00<\/td>\n<td>\u22642.00<\/td>\n<td>\u22640.045<\/td>\n<td>\u22640.03<\/td>\n<td>16.00~18.00<\/td>\n<td>10.00~14.00<\/td>\n<td>2.00~3.00<\/td>\n<td>&nbsp;<\/td>\n<td>&nbsp;<\/td>\n<\/tr>\n<tr>\n<td>316L<\/td>\n<td>\u22640.03<\/td>\n<td>\u22641.00<\/td>\n<td>\u22642.00<\/td>\n<td>\u22640.045<\/td>\n<td>\u22640.03<\/td>\n<td>16.00~18.00<\/td>\n<td>12.00~15.00<\/td>\n<td>2.00~3.00<\/td>\n<td>&nbsp;<\/td>\n<td>&nbsp;<\/td>\n<\/tr>\n<tr>\n<td>321<\/td>\n<td>\u22640.08<\/td>\n<td>\u22641.00<\/td>\n<td>\u22642.00<\/td>\n<td>\u22640.045<\/td>\n<td>\u22640.03<\/td>\n<td>17.00~19.00<\/td>\n<td>9.00~13.00<\/td>\n<td>&#8211;<\/td>\n<td>&nbsp;<\/td>\n<td>&nbsp;<\/td>\n<\/tr>\n<tr>\n<td>430<\/td>\n<td>\u22640.12<\/td>\n<td>\u22640.75<\/td>\n<td>\u22641.00<\/td>\n<td>\u22640.040<\/td>\n<td>\u22640.03<\/td>\n<td>16.00~18.00<\/td>\n<td>&nbsp;<\/td>\n<td>&#8211;<\/td>\n<td>&nbsp;<\/td>\n<td>&nbsp;<\/td>\n<\/tr>\n<tr>\n<td>2205<\/td>\n<td>\u22640.03<\/td>\n<td>\u22641.00<\/td>\n<td>\u22642.00<\/td>\n<td>\u22640.030<\/td>\n<td>\u22640.015<\/td>\n<td>22.00~23.00<\/td>\n<td>4.5~6.5<\/td>\n<td>2.5~3.5<\/td>\n<td>&nbsp;<\/td>\n<td>&nbsp;<\/td>\n<\/tr>\n<tr>\n<td>2507<\/td>\n<td>\u22640.03<\/td>\n<td>\u22640.08<\/td>\n<td>\u22641.20<\/td>\n<td>\u22640.035<\/td>\n<td>\u22640.015<\/td>\n<td>24.00~26.00<\/td>\n<td>6.00~8.00<\/td>\n<td>3.0~5.0<\/td>\n<td>&nbsp;<\/td>\n<td>&nbsp;<\/td>\n<\/tr>\n<tr>\n<td>904L<\/td>\n<td>\u22640.02<\/td>\n<td>\u22641.00<\/td>\n<td>\u22642.00<\/td>\n<td>\u22640.045<\/td>\n<td>\u22640.035<\/td>\n<td>19.00~23.00<\/td>\n<td>23.00~28.00<\/td>\n<td>4.0~5.0<\/td>\n<td>&nbsp;<\/td>\n<td>1.0~2.0<\/td>\n<\/tr>\n<tr>\n<td>INCONEL028<\/td>\n<td>\u22640.03<\/td>\n<td>\u22641.00<\/td>\n<td>\u22642.50<\/td>\n<td>\u22640.030<\/td>\n<td>\u22640.030<\/td>\n<td>\u226428.0<\/td>\n<td>\u226434.0<\/td>\n<td>\u22644.0<\/td>\n<td>&nbsp;<\/td>\n<td>\u22641.4<\/td>\n<\/tr>\n<tr>\n<td>MONEL400<\/td>\n<td>\u22640.30<\/td>\n<td>\u22640.5<\/td>\n<td>\u22642.00<\/td>\n<td>&#8211;<\/td>\n<td>\u22640.024<\/td>\n<td>&#8211;<\/td>\n<td>\u226563.0<\/td>\n<td>&#8211;<\/td>\n<td>&nbsp;<\/td>\n<td>\u226434.0<\/td>\n<\/tr>\n<tr>\n<td>INCONEL800<\/td>\n<td>\u22640.10<\/td>\n<td>\u22641.00<\/td>\n<td>\u22641.50<\/td>\n<td>&#8211;<\/td>\n<td>\u22640.015<\/td>\n<td>\u226423.0<\/td>\n<td>\u226435<\/td>\n<td>4.0~5.0<\/td>\n<td>&#8211;<\/td>\n<td>\u22640.75<\/td>\n<\/tr>\n<\/tbody>\n<\/table>\n<p>&nbsp;<\/p>\n<p>&nbsp;<\/p>\n<p><img decoding=\"async\" class=\"bujuA\" title=\"Stainless-Steel--Ba.jpg\" src=\"https:\/\/img.bjyyb.net\/sites\/89500\/89736\/1726628871694865610309054464.jpg@!w400\" alt=\"Stainless-Steel--Ba.jpg\" data-id=\"15118862\" data-suffix=\"@5h_8w_2e.gif\" data-original=\"https:\/\/img.bjyyb.net\/sites\/89500\/89736\/1726628871694865610309054464.jpg@!w400\" \/><\/p>\n<p>&nbsp;<\/p>\n<p><img decoding=\"async\" class=\"bujuA\" title=\"rod.jpg\" src=\"https:\/\/img.bjyyb.net\/sites\/89500\/89736\/1726631308694875830900961280.jpg@!w400\" alt=\"rod.jpg\" data-id=\"15119054\" data-suffix=\"@5h_8w_2e.gif\" data-original=\"https:\/\/img.bjyyb.net\/sites\/89500\/89736\/1726631308694875830900961280.jpg@!w400\" \/><\/p>","protected":false},"excerpt":{"rendered":"<p>SS410 stainless steel is very good compared with other types of expensive materials, not only in terms of its performance, but also because its cost is relatively low. Therefore, using this material can not only enjoy good performance, but also save a certain amount of cost.<\/p>","protected":false},"featured_media":3664,"comment_status":"closed","ping_status":"closed","template":"","meta":{"_seopress_robots_primary_cat":"","_seopress_titles_title":"","_seopress_titles_desc":"","_seopress_robots_index":"","site-sidebar-layout":"default","site-content-layout":"","ast-site-content-layout":"default","site-content-style":"default","site-sidebar-style":"default","ast-global-header-display":"","ast-banner-title-visibility":"","ast-main-header-display":"","ast-hfb-above-header-display":"","ast-hfb-below-header-display":"","ast-hfb-mobile-header-display":"","site-post-title":"","ast-breadcrumbs-content":"","ast-featured-img":"","footer-sml-layout":"","theme-transparent-header-meta":"default","adv-header-id-meta":"","stick-header-meta":"default","header-above-stick-meta":"","header-main-stick-meta":"","header-below-stick-meta":"","astra-migrate-meta-layouts":"set","ast-page-background-enabled":"default","ast-page-background-meta":{"desktop":{"background-color":"var(--ast-global-color-4)","background-image":"","background-repeat":"repeat","background-position":"center center","background-size":"auto","background-attachment":"scroll","background-type":"","background-media":"","overlay-type":"","overlay-color":"","overlay-opacity":"","overlay-gradient":""},"tablet":{"background-color":"","background-image":"","background-repeat":"repeat","background-position":"center center","background-size":"auto","background-attachment":"scroll","background-type":"","background-media":"","overlay-type":"","overlay-color":"","overlay-opacity":"","overlay-gradient":""},"mobile":{"background-color":"","background-image":"","background-repeat":"repeat","background-position":"center center","background-size":"auto","background-attachment":"scroll","background-type":"","background-media":"","overlay-type":"","overlay-color":"","overlay-opacity":"","overlay-gradient":""}},"ast-content-background-meta":{"desktop":{"background-color":"var(--ast-global-color-5)","background-image":"","background-repeat":"repeat","background-position":"center center","background-size":"auto","background-attachment":"scroll","background-type":"","background-media":"","overlay-type":"","overlay-color":"","overlay-opacity":"","overlay-gradient":""},"tablet":{"background-color":"var(--ast-global-color-5)","background-image":"","background-repeat":"repeat","background-position":"center center","background-size":"auto","background-attachment":"scroll","background-type":"","background-media":"","overlay-type":"","overlay-color":"","overlay-opacity":"","overlay-gradient":""},"mobile":{"background-color":"var(--ast-global-color-5)","background-image":"","background-repeat":"repeat","background-position":"center center","background-size":"auto","background-attachment":"scroll","background-type":"","background-media":"","overlay-type":"","overlay-color":"","overlay-opacity":"","overlay-gradient":""}}},"product_brand":[],"product_cat":[49],"product_tag":[],"class_list":{"0":"post-4112","1":"product","2":"type-product","3":"status-publish","4":"has-post-thumbnail","6":"product_cat-tainlesssteelbar","7":"desktop-align-left","8":"tablet-align-left","9":"mobile-align-left","10":"ast-product-gallery-layout-horizontal-slider","11":"ast-product-tabs-layout-horizontal","13":"first","14":"instock","15":"shipping-taxable","16":"product-type-simple"},"_links":{"self":[{"href":"https:\/\/uborsteel.com\/es\/wp-json\/wp\/v2\/product\/4112","targetHints":{"allow":["GET"]}}],"collection":[{"href":"https:\/\/uborsteel.com\/es\/wp-json\/wp\/v2\/product"}],"about":[{"href":"https:\/\/uborsteel.com\/es\/wp-json\/wp\/v2\/types\/product"}],"replies":[{"embeddable":true,"href":"https:\/\/uborsteel.com\/es\/wp-json\/wp\/v2\/comments?post=4112"}],"wp:featuredmedia":[{"embeddable":true,"href":"https:\/\/uborsteel.com\/es\/wp-json\/wp\/v2\/media\/3664"}],"wp:attachment":[{"href":"https:\/\/uborsteel.com\/es\/wp-json\/wp\/v2\/media?parent=4112"}],"wp:term":[{"taxonomy":"product_brand","embeddable":true,"href":"https:\/\/uborsteel.com\/es\/wp-json\/wp\/v2\/product_brand?post=4112"},{"taxonomy":"product_cat","embeddable":true,"href":"https:\/\/uborsteel.com\/es\/wp-json\/wp\/v2\/product_cat?post=4112"},{"taxonomy":"product_tag","embeddable":true,"href":"https:\/\/uborsteel.com\/es\/wp-json\/wp\/v2\/product_tag?post=4112"}],"curies":[{"name":"wp","href":"https:\/\/api.w.org\/{rel}","templated":true}]}}