{"id":4025,"date":"2025-07-14T08:08:24","date_gmt":"2025-07-14T08:08:24","guid":{"rendered":"https:\/\/uborsteel.com\/?post_type=product&#038;p=4025"},"modified":"2025-07-21T05:33:41","modified_gmt":"2025-07-21T05:33:41","slug":"ss321-stainless-steel-plate-sheet","status":"publish","type":"product","link":"https:\/\/uborsteel.com\/de\/produkt\/ss321-stainless-steel-plate-sheet\/","title":{"rendered":"SS 321 Stainless steel plate sheet"},"content":{"rendered":"<p>SS321 (321) stainless steel is an austenitic stainless steel with the following main features:<\/p>\n<p>Korrosionsbest\u00e4ndigkeit<br \/>\nContains titanium (Ti), which effectively controls the formation of chromium carbide and significantly improves the resistance to intergranular corrosion at high temperatures, especially in oxidizing media. \u200c<\/p>\n<p>High temperature performance<br \/>\nHigh temperature strength and creep resistance are better than 304 stainless steel. It can maintain stable performance in the temperature range of 425-815\u00b0C and is suitable for high temperature equipment (such as oil refining equipment and heat treatment furnace parts). \u200c<\/p>\n<p>Processing characteristics<br \/>\nGood cold and hot processing performance, heat treatment temperature range of 900-1150\u00b0C, no solution treatment is required after welding (if annealing is not possible). \u200c<\/p>\n<p>Applicable scenarios<br \/>\nIndustrial field: chemical equipment, pressure vessels, pipelines<br \/>\nHigh temperature environment: steam pipelines, superheaters, gas turbine components<br \/>\nSpecial scenarios: aircraft fuel injection pipelines, hydraulic systems<\/p>\n<p>&nbsp;<\/p>\n<table border=\"1\" cellspacing=\"0\" cellpadding=\"0\">\n<tbody class=\"\">\n<tr class=\"firstRow\" align=\"center\" valign=\"center\" data-rows=\"1\" data-type=\"even\">\n<td data-col=\"1\">Produktname<\/td>\n<td>Platte\/Blech aus nichtrostendem Stahl<\/td>\n<\/tr>\n<tr align=\"center\" valign=\"center\" data-type=\"odd\">\n<td data-col=\"1\">Standard<\/td>\n<td>ASTM,JIS,DIN,GB,AISI,DIN,EN<\/td>\n<\/tr>\n<tr align=\"center\" valign=\"center\" data-type=\"even\">\n<td data-col=\"1\">Material<\/td>\n<td>201, 202, 301, 301L, 304, 304L, 316, 316L, 321, 310S, 904L, 410, 420J2, 430, 2205, 2507, 321H, 347, 347H, 403, 405, 409, 420, 430, 631, 904L, 305, 301L, 317, 317L, 309, 309S 310<\/td>\n<\/tr>\n<tr align=\"center\" valign=\"center\" data-type=\"odd\">\n<td data-col=\"1\">Technik<\/td>\n<td>Kaltgezogen, warmgewalzt, kaltgewalzt und andere.<\/td>\n<\/tr>\n<tr align=\"center\" valign=\"center\" data-type=\"even\">\n<td data-col=\"1\">Breite<\/td>\n<td>6-12mm oder anpassbar<\/td>\n<\/tr>\n<tr align=\"center\" valign=\"center\" data-type=\"odd\">\n<td data-col=\"1\">Dicke<\/td>\n<td>1-120mm oder anpassbar<\/td>\n<\/tr>\n<tr align=\"center\" valign=\"center\" data-type=\"even\">\n<td data-col=\"1\">L\u00e4nge<\/td>\n<td>1000 - 6000mm oder anpassbar<\/td>\n<\/tr>\n<tr align=\"center\" valign=\"center\" data-type=\"odd\">\n<td data-col=\"1\">Oberfl\u00e4chenbehandlung<\/td>\n<td>BA\/2B\/NR.1\/NR.3\/NR.4\/8K\/HL\/2D\/1D<\/td>\n<\/tr>\n<tr align=\"center\" valign=\"center\" data-type=\"even\">\n<td data-col=\"1\">Herkunft<\/td>\n<td>China<\/td>\n<\/tr>\n<tr align=\"center\" valign=\"center\" data-type=\"odd\">\n<td data-col=\"1\">HS-Code<\/td>\n<td>7211190000<\/td>\n<\/tr>\n<tr align=\"center\" valign=\"center\" data-type=\"even\">\n<td data-col=\"1\">Lieferfrist<\/td>\n<td>{Lieferzeit}<\/td>\n<\/tr>\n<tr align=\"center\" valign=\"center\" data-type=\"odd\">\n<td data-col=\"1\">Service nach dem Verkauf<\/td>\n<td>24 Stunden online<\/td>\n<\/tr>\n<tr align=\"center\" valign=\"center\" data-type=\"even\">\n<td data-col=\"1\">Produktionskapazit\u00e4t<\/td>\n<td>{Produktionskapazit\u00e4t}<\/td>\n<\/tr>\n<tr align=\"center\" valign=\"center\" data-type=\"odd\">\n<td data-col=\"1\">Preis Konditionen<\/td>\n<td>EXW, FOB, CIF, CRF, CNF oder andere<\/td>\n<\/tr>\n<tr align=\"center\" valign=\"center\" data-type=\"even\">\n<td data-col=\"1\">Hafen laden<\/td>\n<td>{Port}<\/td>\n<\/tr>\n<tr align=\"center\" valign=\"center\" data-type=\"odd\">\n<td data-col=\"1\">Zahlungsfrist<\/td>\n<td>TT, LC, Bargeld, Paypal, DP, DA, Western Union oder andere.<\/td>\n<\/tr>\n<tr align=\"center\" valign=\"center\" data-type=\"even\">\n<td rowspan=\"8\" data-col=\"1\">Anmeldung<\/td>\n<td>1. Architektonische Dekoration.   Wie Au\u00dfenw\u00e4nde, Vorhangfassaden, Decken, Treppengel\u00e4nder, T\u00fcren und Fenster usw.<\/td>\n<\/tr>\n<tr align=\"center\" valign=\"center\" data-type=\"odd\">\n<td data-col=\"1\">2.   K\u00fcchenm\u00f6bel. Wie K\u00fcchenherd, Sp\u00fcle, etc.<\/td>\n<\/tr>\n<tr align=\"center\" valign=\"center\" data-type=\"even\">\n<td data-col=\"1\">3.   Chemische Ausr\u00fcstung. Wie z. B. Beh\u00e4lter, Pipelines usw.<\/td>\n<\/tr>\n<tr align=\"center\" valign=\"center\" data-type=\"odd\">\n<td data-col=\"1\">4. Lebensmittelverarbeitung. Wie z.B. Lebensmittelbeh\u00e4lter, Verarbeitungstische, etc.<\/td>\n<\/tr>\n<tr align=\"center\" valign=\"center\" data-type=\"even\">\n<td data-col=\"1\">5.   Herstellung von Kraftfahrzeugen. Wie z. B. Fahrzeugkarosserie, Auspuff, Kraftstofftank usw.<\/td>\n<\/tr>\n<tr align=\"center\" valign=\"center\" data-type=\"odd\">\n<td data-col=\"1\">6.   Elektronische Ger\u00e4te. Zum Beispiel die Herstellung von Geh\u00e4usen, Bauteilen usw. f\u00fcr elektronische Ger\u00e4te.<\/td>\n<\/tr>\n<tr align=\"center\" valign=\"center\" data-type=\"even\">\n<td data-col=\"1\">7.   Medizinische Ausr\u00fcstung. Wie z.B. chirurgische Instrumente, chirurgische Instrumente, medizinische Utensilien, etc.<\/td>\n<\/tr>\n<tr align=\"center\" valign=\"center\" data-type=\"odd\">\n<td data-col=\"1\">8.   Schiffbau. Wie Schiffsr\u00fcmpfe, Rohrleitungen, Ausr\u00fcstungstr\u00e4ger usw.<\/td>\n<\/tr>\n<tr align=\"center\" valign=\"center\" data-type=\"even\">\n<td data-col=\"1\">Verpackung<\/td>\n<td>B\u00fcndel, PVC-Beutel, Nylong\u00fcrtel, Kabelbinder, Standard-Export seet\u00fcchtig Paket oder als Anfrage.<\/td>\n<\/tr>\n<tr align=\"center\" valign=\"center\" data-type=\"odd\">\n<td data-col=\"1\">Bearbeitungsservice<\/td>\n<td>Biegen, Schwei\u00dfen, Abwickeln, Stanzen, Schneiden und andere.<\/td>\n<\/tr>\n<tr align=\"center\" valign=\"center\" data-type=\"even\">\n<td data-col=\"1\">Toleranz<\/td>\n<td>\u00b11%<\/td>\n<\/tr>\n<tr align=\"center\" valign=\"center\" data-type=\"odd\">\n<td data-col=\"1\">MOQ<\/td>\n<td>{MOQ}<\/td>\n<\/tr>\n<\/tbody>\n<\/table>\n<div><\/div>\n<p>&nbsp;<\/p>\n<h2><\/h2>\n<h2>Zusammensetzung von rostfreiem Stahl<\/h2>\n<p>Stahl ist eine Legierung aus Eisen und Kohlenstoff. Nichtrostende St\u00e4hle sind St\u00e4hle mit mindestens 10,5% Chrom, weniger als 1,2% Kohlenstoff und anderen Legierungselementen. Die Korrosionsbest\u00e4ndigkeit von rostfreiem Stahl und<\/p>\n<p>Die mechanischen Eigenschaften k\u00f6nnen durch Zugabe anderer Elemente wie Nickel, Molybd\u00e4n, Titan, Niob, Mangan usw. weiter verbessert werden.<\/p>\n<div class=\"editor_table_wrap\">\n<div>\n<div>\n<table border=\"1\" cellspacing=\"0\" cellpadding=\"0\">\n<tbody class=\"\">\n<tr class=\"firstRow\" align=\"center\" valign=\"center\" data-rows=\"1\" data-type=\"even\">\n<td data-col=\"1\">Klasse<\/td>\n<td>C<\/td>\n<td>Si<\/td>\n<td>Mn<\/td>\n<td>P<\/td>\n<td>S<\/td>\n<td>Cr<\/td>\n<td>Ni<\/td>\n<td>Mo<\/td>\n<td>N<\/td>\n<td>Cu<\/td>\n<\/tr>\n<tr align=\"center\" valign=\"center\" data-type=\"odd\">\n<td data-col=\"1\">201<\/td>\n<td>\u22640.15<\/td>\n<td>\u22640.75<\/td>\n<td>5.5~7.5<\/td>\n<td>\u22640.060<\/td>\n<td>\u22640.03<\/td>\n<td>16.00~18.00<\/td>\n<td>3.5~5.5<\/td>\n<td>&#8211;<\/td>\n<td>&#8211;<\/td>\n<td>0.08<\/td>\n<\/tr>\n<tr align=\"center\" valign=\"center\" data-type=\"even\">\n<td data-col=\"1\">202<\/td>\n<td>\u22640.15<\/td>\n<td>\u22641.00<\/td>\n<td>7.5~10.00<\/td>\n<td>\u22640.060<\/td>\n<td>\u22640.03<\/td>\n<td>17.00~19.00<\/td>\n<td>4.0~6.0<\/td>\n<td>&#8211;<\/td>\n<td>\u22640.25<\/td>\n<td><\/td>\n<\/tr>\n<tr align=\"center\" valign=\"center\" data-type=\"odd\">\n<td data-col=\"1\">301<\/td>\n<td>\u22640.15<\/td>\n<td>\u22641.00<\/td>\n<td>\u22642.00<\/td>\n<td>\u22640.045<\/td>\n<td>\u22640.03<\/td>\n<td>16.00~18.00<\/td>\n<td>6.00~8.00<\/td>\n<td>&#8211;<\/td>\n<td><\/td>\n<td><\/td>\n<\/tr>\n<tr align=\"center\" valign=\"center\" data-type=\"even\">\n<td data-col=\"1\">302<\/td>\n<td>\u22640.15<\/td>\n<td>\u22641.00<\/td>\n<td>\u22642.00<\/td>\n<td>\u22640.035<\/td>\n<td>\u22640.03<\/td>\n<td>17.00~19.00<\/td>\n<td>8.00~10.00<\/td>\n<td>&#8211;<\/td>\n<td><\/td>\n<td><\/td>\n<\/tr>\n<tr align=\"center\" valign=\"center\" data-type=\"odd\">\n<td data-col=\"1\">304<\/td>\n<td>\u22640.07<\/td>\n<td>\u22641.00<\/td>\n<td>\u22642.00<\/td>\n<td>\u22640.045<\/td>\n<td>\u22640.03<\/td>\n<td>18.00~20.00<\/td>\n<td>8.00~10.50<\/td>\n<td>&#8211;<\/td>\n<td><\/td>\n<td><\/td>\n<\/tr>\n<tr align=\"center\" valign=\"center\" data-type=\"even\">\n<td data-col=\"1\">304L<\/td>\n<td>\u22640.030<\/td>\n<td>\u22641.00<\/td>\n<td>\u22642.00<\/td>\n<td>\u22640.045<\/td>\n<td>\u22640.03<\/td>\n<td>18.00~20.00<\/td>\n<td>9.00~13.00<\/td>\n<td>&#8211;<\/td>\n<td><\/td>\n<td><\/td>\n<\/tr>\n<tr align=\"center\" valign=\"center\" data-type=\"odd\">\n<td data-col=\"1\">310S<\/td>\n<td>\u22640.08<\/td>\n<td>\u22641.00<\/td>\n<td>\u22642.00<\/td>\n<td>\u22640.045<\/td>\n<td>\u22640.03<\/td>\n<td>24.00~26.00<\/td>\n<td>19.00~22.00<\/td>\n<td>&#8211;<\/td>\n<td><\/td>\n<td><\/td>\n<\/tr>\n<tr align=\"center\" valign=\"center\" data-type=\"even\">\n<td data-col=\"1\">316<\/td>\n<td>\u22640.08<\/td>\n<td>\u22641.00<\/td>\n<td>\u22642.00<\/td>\n<td>\u22640.045<\/td>\n<td>\u22640.03<\/td>\n<td>16.00~18.00<\/td>\n<td>10.00~14.00<\/td>\n<td>2.00~3.00<\/td>\n<td><\/td>\n<td><\/td>\n<\/tr>\n<tr align=\"center\" valign=\"center\" data-type=\"odd\">\n<td data-col=\"1\">316L<\/td>\n<td>\u22640.03<\/td>\n<td>\u22641.00<\/td>\n<td>\u22642.00<\/td>\n<td>\u22640.045<\/td>\n<td>\u22640.03<\/td>\n<td>16.00~18.00<\/td>\n<td>12.00~15.00<\/td>\n<td>2.00~3.00<\/td>\n<td><\/td>\n<td><\/td>\n<\/tr>\n<tr align=\"center\" valign=\"center\" data-type=\"even\">\n<td data-col=\"1\">321<\/td>\n<td>\u22640.08<\/td>\n<td>\u22641.00<\/td>\n<td>\u22642.00<\/td>\n<td>\u22640.045<\/td>\n<td>\u22640.03<\/td>\n<td>17.00~19.00<\/td>\n<td>9.00~13.00<\/td>\n<td>&#8211;<\/td>\n<td><\/td>\n<td><\/td>\n<\/tr>\n<tr align=\"center\" valign=\"center\" data-type=\"odd\">\n<td data-col=\"1\">430<\/td>\n<td>\u22640.12<\/td>\n<td>\u22640.75<\/td>\n<td>\u22641.00<\/td>\n<td>\u22640.040<\/td>\n<td>\u22640.03<\/td>\n<td>16.00~18.00<\/td>\n<td><\/td>\n<td>&#8211;<\/td>\n<td><\/td>\n<td><\/td>\n<\/tr>\n<tr align=\"center\" valign=\"center\" data-type=\"even\">\n<td data-col=\"1\">2205<\/td>\n<td>\u22640.03<\/td>\n<td>\u22641.00<\/td>\n<td>\u22642.00<\/td>\n<td>\u22640.030<\/td>\n<td>\u22640.015<\/td>\n<td>22.00~23.00<\/td>\n<td>4.5~6.5<\/td>\n<td>2.5~3.5<\/td>\n<td><\/td>\n<td><\/td>\n<\/tr>\n<tr align=\"center\" valign=\"center\" data-type=\"odd\">\n<td data-col=\"1\">2507<\/td>\n<td>\u22640.03<\/td>\n<td>\u22640.08<\/td>\n<td>\u22641.20<\/td>\n<td>\u22640.035<\/td>\n<td>\u22640.015<\/td>\n<td>24.00~26.00<\/td>\n<td>6.00~8.00<\/td>\n<td>3.0~5.0<\/td>\n<td><\/td>\n<td><\/td>\n<\/tr>\n<tr align=\"center\" valign=\"center\" data-type=\"even\">\n<td data-col=\"1\">904L<\/td>\n<td>\u22640.02<\/td>\n<td>\u22641.00<\/td>\n<td>\u22642.00<\/td>\n<td>\u22640.045<\/td>\n<td>\u22640.035<\/td>\n<td>19.00~23.00<\/td>\n<td>23.00~28.00<\/td>\n<td>4.0~5.0<\/td>\n<td><\/td>\n<td>1.0~2.0<\/td>\n<\/tr>\n<tr align=\"center\" valign=\"center\" data-type=\"odd\">\n<td data-col=\"1\">INCONEL028<\/td>\n<td>\u22640.03<\/td>\n<td>\u22641.00<\/td>\n<td>\u22642.50<\/td>\n<td>\u22640.030<\/td>\n<td>\u22640.030<\/td>\n<td>\u226428.0<\/td>\n<td>\u226434.0<\/td>\n<td>\u22644.0<\/td>\n<td><\/td>\n<td>\u22641.4<\/td>\n<\/tr>\n<tr align=\"center\" valign=\"center\" data-type=\"even\">\n<td data-col=\"1\">MONEL400<\/td>\n<td>\u22640.30<\/td>\n<td>\u22640.5<\/td>\n<td>\u22642.00<\/td>\n<td>&#8211;<\/td>\n<td>\u22640.024<\/td>\n<td>&#8211;<\/td>\n<td>\u226563.0<\/td>\n<td>&#8211;<\/td>\n<td><\/td>\n<td>\u226434.0<\/td>\n<\/tr>\n<tr align=\"center\" valign=\"center\" data-type=\"odd\">\n<td data-col=\"1\">INCONEL800<\/td>\n<td>\u22640.10<\/td>\n<td>\u22641.00<\/td>\n<td>\u22641.50<\/td>\n<td>&#8211;<\/td>\n<td>\u22640.015<\/td>\n<td>\u226423.0<\/td>\n<td>\u226435<\/td>\n<td>4.0~5.0<\/td>\n<td>&#8211;<\/td>\n<td>\u22640.75<\/td>\n<\/tr>\n<\/tbody>\n<\/table>\n<\/div>\n<\/div>\n<\/div>\n<p>Auswahl der Oberfl\u00e4che<\/p>\n<p><img decoding=\"async\" class=\"bujuA\" title=\"Oberfl\u00e4chenauswahl.jpg\" src=\"https:\/\/img.bjyyb.net\/sites\/93000\/93225\/1733895633725344621254922240.jpg@!w400\" alt=\"Surface Selection.jpg\" data-id=\"15804700\" data-suffix=\"@5h_8w_2e.gif\" data-original=\"https:\/\/img.bjyyb.net\/sites\/93000\/93225\/1733895633725344621254922240.jpg@!w400\" \/><\/p>\n<p>&nbsp;<\/p>\n<p><img decoding=\"async\" class=\"bujuA\" title=\"Edelstahl-Blech.jpg\" src=\"https:\/\/img.bjyyb.net\/sites\/89500\/89736\/1726628875694865627488923648.jpg@!w400\" alt=\"Stainless-steel-plate.jpg\" data-id=\"15118865\" data-suffix=\"@5h_8w_2e.gif\" data-original=\"https:\/\/img.bjyyb.net\/sites\/89500\/89736\/1726628875694865627488923648.jpg@!w400\" \/><\/p>\n<p>&nbsp;<\/p>\n<p><img decoding=\"async\" class=\"bujuA\" title=\"\u677f (6).jpg\" src=\"https:\/\/img.bjyyb.net\/sites\/89500\/89736\/1726801964695591613377581056.jpg@!w400\" alt=\"\u677f (6).jpg\" data-id=\"15149406\" data-suffix=\"@5h_8w_2e.gif\" data-original=\"https:\/\/img.bjyyb.net\/sites\/89500\/89736\/1726801964695591613377581056.jpg@!w400\" \/><\/p>\n<h2><\/h2>","protected":false},"excerpt":{"rendered":"<p>SS321 stainless steel contains Ti as a stabilizing element, but it is also a heat-resistant steel grade, which is much better than 316L in high temperature. 321 stainless steel has good wear resistance in organic and inorganic acids of different concentrations and temperatures, especially in oxidizing media, and is used to manufacture wear-resistant acid containers and linings of wear-resistant equipment, and conveying pipelines.<\/p>","protected":false},"featured_media":3018,"comment_status":"closed","ping_status":"closed","template":"","meta":{"_seopress_robots_primary_cat":"none","_seopress_titles_title":"","_seopress_titles_desc":"","_seopress_robots_index":"","site-sidebar-layout":"default","site-content-layout":"","ast-site-content-layout":"default","site-content-style":"default","site-sidebar-style":"default","ast-global-header-display":"","ast-banner-title-visibility":"","ast-main-header-display":"","ast-hfb-above-header-display":"","ast-hfb-below-header-display":"","ast-hfb-mobile-header-display":"","site-post-title":"","ast-breadcrumbs-content":"","ast-featured-img":"","footer-sml-layout":"","theme-transparent-header-meta":"default","adv-header-id-meta":"","stick-header-meta":"default","header-above-stick-meta":"","header-main-stick-meta":"","header-below-stick-meta":"","astra-migrate-meta-layouts":"set","ast-page-background-enabled":"default","ast-page-background-meta":{"desktop":{"background-color":"var(--ast-global-color-4)","background-image":"","background-repeat":"repeat","background-position":"center center","background-size":"auto","background-attachment":"scroll","background-type":"","background-media":"","overlay-type":"","overlay-color":"","overlay-opacity":"","overlay-gradient":""},"tablet":{"background-color":"","background-image":"","background-repeat":"repeat","background-position":"center center","background-size":"auto","background-attachment":"scroll","background-type":"","background-media":"","overlay-type":"","overlay-color":"","overlay-opacity":"","overlay-gradient":""},"mobile":{"background-color":"","background-image":"","background-repeat":"repeat","background-position":"center center","background-size":"auto","background-attachment":"scroll","background-type":"","background-media":"","overlay-type":"","overlay-color":"","overlay-opacity":"","overlay-gradient":""}},"ast-content-background-meta":{"desktop":{"background-color":"var(--ast-global-color-5)","background-image":"","background-repeat":"repeat","background-position":"center center","background-size":"auto","background-attachment":"scroll","background-type":"","background-media":"","overlay-type":"","overlay-color":"","overlay-opacity":"","overlay-gradient":""},"tablet":{"background-color":"var(--ast-global-color-5)","background-image":"","background-repeat":"repeat","background-position":"center center","background-size":"auto","background-attachment":"scroll","background-type":"","background-media":"","overlay-type":"","overlay-color":"","overlay-opacity":"","overlay-gradient":""},"mobile":{"background-color":"var(--ast-global-color-5)","background-image":"","background-repeat":"repeat","background-position":"center center","background-size":"auto","background-attachment":"scroll","background-type":"","background-media":"","overlay-type":"","overlay-color":"","overlay-opacity":"","overlay-gradient":""}}},"product_brand":[],"product_cat":[28],"product_tag":[],"class_list":{"0":"post-4025","1":"product","2":"type-product","3":"status-publish","4":"has-post-thumbnail","6":"product_cat-stainlesssteelplate","7":"desktop-align-left","8":"tablet-align-left","9":"mobile-align-left","10":"ast-product-gallery-layout-horizontal-slider","11":"ast-product-tabs-layout-horizontal","13":"first","14":"instock","15":"shipping-taxable","16":"product-type-simple"},"_links":{"self":[{"href":"https:\/\/uborsteel.com\/de\/wp-json\/wp\/v2\/product\/4025","targetHints":{"allow":["GET"]}}],"collection":[{"href":"https:\/\/uborsteel.com\/de\/wp-json\/wp\/v2\/product"}],"about":[{"href":"https:\/\/uborsteel.com\/de\/wp-json\/wp\/v2\/types\/product"}],"replies":[{"embeddable":true,"href":"https:\/\/uborsteel.com\/de\/wp-json\/wp\/v2\/comments?post=4025"}],"wp:featuredmedia":[{"embeddable":true,"href":"https:\/\/uborsteel.com\/de\/wp-json\/wp\/v2\/media\/3018"}],"wp:attachment":[{"href":"https:\/\/uborsteel.com\/de\/wp-json\/wp\/v2\/media?parent=4025"}],"wp:term":[{"taxonomy":"product_brand","embeddable":true,"href":"https:\/\/uborsteel.com\/de\/wp-json\/wp\/v2\/product_brand?post=4025"},{"taxonomy":"product_cat","embeddable":true,"href":"https:\/\/uborsteel.com\/de\/wp-json\/wp\/v2\/product_cat?post=4025"},{"taxonomy":"product_tag","embeddable":true,"href":"https:\/\/uborsteel.com\/de\/wp-json\/wp\/v2\/product_tag?post=4025"}],"curies":[{"name":"wp","href":"https:\/\/api.w.org\/{rel}","templated":true}]}}